{"id":485339,"date":"2024-04-11T00:13:31","date_gmt":"2024-04-10T22:13:31","guid":{"rendered":"https:\/\/schuhewiebarfuss.at\/shop\/produkt\/connect-2-schwarz-rot\/"},"modified":"2026-04-23T23:55:54","modified_gmt":"2026-04-23T21:55:54","slug":"connect-2-schwarz-rot","status":"publish","type":"product","link":"https:\/\/schuhewiebarfuss.at\/shop\/produkt\/connect-2-schwarz-rot\/","title":{"rendered":"Connect 2 Schwarz\/Rot"},"content":{"rendered":"<p>Der leistungsstarke Barfu\u00dfschuh Freet Feldom ist perfekt geeignet f\u00fcr das Laufen und Wandern auf Wegen und im Gel\u00e4nde. Er ist mit der neuen HillGrip-Au\u00dfensohle mit tieferem Profil f\u00fcr besten Grip im Schlamm ausgestattet. Das Obermaterial besteht aus einer Kombination aus Bottle-Yarn (recycelte Plastikflaschen) und Breathe-Mesh und ist somit nicht nur sehr atmungsaktiv, sondern auch \u00e4u\u00dferst langlebig.<\/p>\n<p><b>Audio-Beschreibung<\/b><br \/><audio controls src=\"https:\/\/schuhewiebarfuss.at\/shop\/wp-content\/uploads\/lk\/5216_audio.wav\"><br \/>\n                                            Ihr Browser unterst\u00fctzt diese Audio-Ausgabe leider nicht.<br \/>\n                                            <\/ audio ><\/p>\n","protected":false},"excerpt":{"rendered":"<p>Obermaterial:\u00a0Breathe-Mesh und BottleYarn<br \/>\nHerausnehmbare, flexible 2,5 mm Einlegesohle zur Sto\u00dfd\u00e4mpfung<br \/>\nHillGrip-Au\u00dfensohle f\u00fcr h\u00e4rtere, nasse Trails und Off-Track<br \/>\nSohle: 6,5-7 mm mit Einlegesohle, 4 mm ohne Einlegesohle\u00a0<br \/>\nvegan<br \/>\nergonomische Zehenbox<\/p>\n","protected":false},"featured_media":485338,"comment_status":"open","ping_status":"closed","template":"","meta":[],"product_brand":[],"product_cat":[853],"product_tag":[1362,1368,1373,1374,1375,1376,1377,1378,1379,1380,1381,1449,1452,1710,2444,1360],"class_list":{"0":"post-485339","1":"product","2":"type-product","3":"status-publish","4":"has-post-thumbnail","6":"product_cat-sport-2","7":"product_tag-groesse-36","8":"product_tag-groesse-37","9":"product_tag-groesse-38","10":"product_tag-groesse-39","11":"product_tag-groesse-40","12":"product_tag-groesse-41","13":"product_tag-groesse-42","14":"product_tag-groesse-43","15":"product_tag-groesse-44","16":"product_tag-groesse-45","17":"product_tag-groesse-46","18":"product_tag-groesse-47","19":"product_tag-groesse-48","20":"product_tag-groesse-49","21":"product_tag-marke-freet","22":"product_tag-standard","24":"first","25":"instock","26":"taxable","27":"shipping-taxable","28":"purchasable","29":"product-type-variable"},"_links":{"self":[{"href":"https:\/\/schuhewiebarfuss.at\/shop\/wp-json\/wp\/v2\/product\/485339","targetHints":{"allow":["GET"]}}],"collection":[{"href":"https:\/\/schuhewiebarfuss.at\/shop\/wp-json\/wp\/v2\/product"}],"about":[{"href":"https:\/\/schuhewiebarfuss.at\/shop\/wp-json\/wp\/v2\/types\/product"}],"replies":[{"embeddable":true,"href":"https:\/\/schuhewiebarfuss.at\/shop\/wp-json\/wp\/v2\/comments?post=485339"}],"wp:featuredmedia":[{"embeddable":true,"href":"https:\/\/schuhewiebarfuss.at\/shop\/wp-json\/wp\/v2\/media\/485338"}],"wp:attachment":[{"href":"https:\/\/schuhewiebarfuss.at\/shop\/wp-json\/wp\/v2\/media?parent=485339"}],"wp:term":[{"taxonomy":"product_brand","embeddable":true,"href":"https:\/\/schuhewiebarfuss.at\/shop\/wp-json\/wp\/v2\/product_brand?post=485339"},{"taxonomy":"product_cat","embeddable":true,"href":"https:\/\/schuhewiebarfuss.at\/shop\/wp-json\/wp\/v2\/product_cat?post=485339"},{"taxonomy":"product_tag","embeddable":true,"href":"https:\/\/schuhewiebarfuss.at\/shop\/wp-json\/wp\/v2\/product_tag?post=485339"}],"curies":[{"name":"wp","href":"https:\/\/api.w.org\/{rel}","templated":true}]}}