{"id":485325,"date":"2024-04-11T00:06:36","date_gmt":"2024-04-10T22:06:36","guid":{"rendered":"https:\/\/schuhewiebarfuss.at\/shop\/produkt\/aapa-2-schwarz\/"},"modified":"2026-03-10T18:20:12","modified_gmt":"2026-03-10T17:20:12","slug":"aapa-2-schwarz","status":"publish","type":"product","link":"https:\/\/schuhewiebarfuss.at\/shop\/produkt\/aapa-2-schwarz\/","title":{"rendered":"Aapa 2 Schwarz"},"content":{"rendered":"<p>Der fesche Sneaker f\u00fcr jeden Tag. Klassisch, leger, bequem.<\/p>\n<p>Der finnische Barfu\u00dfpionier Feelmax schneidet alle Schuhe sehr ger\u00e4umig und versieht sie mit ausgekl\u00fcgeltem Schn\u00fcrsystem damit schmale, normale und breite F\u00fc\u00dfe sicheren Halt finden. Der Schuh ist weich wie ein Socken und l\u00e4sst sensationelles Sp\u00fcren zu. Die 2,5mm d\u00fcnne NaturRun Sohle bietet rutschfesten Schutz.<\/p>\n<p>Toll f\u00fcr Fr\u00fchling, Herbst und milde Wintertage.<\/p>\n<p><b>Audio-Beschreibung<\/b><br \/><audio controls src=\"https:\/\/schuhewiebarfuss.at\/shop\/wp-content\/uploads\/lk\/5178_audio.wav\"><br \/>\n                                            Ihr Browser unterst\u00fctzt diese Audio-Ausgabe leider nicht.<br \/>\n                                            <\/ audio ><\/p>\n","protected":false},"excerpt":{"rendered":"<p>Material: Wasserbest\u00e4ndiges Leder\/Wildleder<br \/>\nSohle: NatuRun 2.5mm Compositerubber<br \/>\nGewicht: 159 g. (Gr\u00f6\u00dfe 41)<br \/>\nBesonderes: Feelmax-extraweit<\/p>\n","protected":false},"featured_media":485324,"comment_status":"open","ping_status":"closed","template":"","meta":[],"product_brand":[],"product_cat":[3121],"product_tag":[1368,1373,1374,1375,1376,1377,1378,1379,1380,1381,1449,2462,1450],"class_list":{"0":"post-485325","1":"product","2":"type-product","3":"status-publish","4":"has-post-thumbnail","6":"product_cat-sale","7":"product_tag-groesse-37","8":"product_tag-groesse-38","9":"product_tag-groesse-39","10":"product_tag-groesse-40","11":"product_tag-groesse-41","12":"product_tag-groesse-42","13":"product_tag-groesse-43","14":"product_tag-groesse-44","15":"product_tag-groesse-45","16":"product_tag-groesse-46","17":"product_tag-groesse-47","18":"product_tag-marke-feelmax","19":"product_tag-sale","21":"first","22":"instock","23":"taxable","24":"shipping-taxable","25":"purchasable","26":"product-type-variable"},"_links":{"self":[{"href":"https:\/\/schuhewiebarfuss.at\/shop\/wp-json\/wp\/v2\/product\/485325","targetHints":{"allow":["GET"]}}],"collection":[{"href":"https:\/\/schuhewiebarfuss.at\/shop\/wp-json\/wp\/v2\/product"}],"about":[{"href":"https:\/\/schuhewiebarfuss.at\/shop\/wp-json\/wp\/v2\/types\/product"}],"replies":[{"embeddable":true,"href":"https:\/\/schuhewiebarfuss.at\/shop\/wp-json\/wp\/v2\/comments?post=485325"}],"wp:featuredmedia":[{"embeddable":true,"href":"https:\/\/schuhewiebarfuss.at\/shop\/wp-json\/wp\/v2\/media\/485324"}],"wp:attachment":[{"href":"https:\/\/schuhewiebarfuss.at\/shop\/wp-json\/wp\/v2\/media?parent=485325"}],"wp:term":[{"taxonomy":"product_brand","embeddable":true,"href":"https:\/\/schuhewiebarfuss.at\/shop\/wp-json\/wp\/v2\/product_brand?post=485325"},{"taxonomy":"product_cat","embeddable":true,"href":"https:\/\/schuhewiebarfuss.at\/shop\/wp-json\/wp\/v2\/product_cat?post=485325"},{"taxonomy":"product_tag","embeddable":true,"href":"https:\/\/schuhewiebarfuss.at\/shop\/wp-json\/wp\/v2\/product_tag?post=485325"}],"curies":[{"name":"wp","href":"https:\/\/api.w.org\/{rel}","templated":true}]}}