{"id":485281,"date":"2024-04-10T23:57:53","date_gmt":"2024-04-10T21:57:53","guid":{"rendered":"https:\/\/schuhewiebarfuss.at\/shop\/produkt\/classicstyle\/"},"modified":"2026-02-28T20:44:35","modified_gmt":"2026-02-28T19:44:35","slug":"classicstyle","status":"publish","type":"product","link":"https:\/\/schuhewiebarfuss.at\/shop\/produkt\/classicstyle\/","title":{"rendered":"classicStyle"},"content":{"rendered":"<p>Zeitloses Design, nachhaltige Materialien und ein unvergleichlicher Tragekomfort: Das ist unser \u201eclassicSTYLE\u201c. Der sch\u00f6ne Klassiker l\u00e4sst sich zu jeder Gelegenheit perfekt tragen und besticht nicht nur durch sein klares Design, sondern ist durch die spezielle Behandlung des biologischen Nappaleders auch noch wasserabweisend und sehr unempfindlich. Im Innenbereich des Klassikers findest du rein pflanzlich gegerbtes Bioleder, denn f\u00fcr deine F\u00fc\u00dfe verwenden wir nur die besten Materialien!<\/p>\n<p><b>Audio-Beschreibung<\/b><br \/><audio controls src=\"https:\/\/schuhewiebarfuss.at\/shop\/wp-content\/uploads\/lk\/6013_audio.wav\"><br \/>\n                                            Ihr Browser unterst\u00fctzt diese Audio-Ausgabe leider nicht.<br \/>\n                                            <\/ audio ><\/p>\n","protected":false},"excerpt":{"rendered":"<p>Obermaterial: Bio-Veloursleder, gewachst<br \/>\nInnenfutter: Leder<br \/>\nAu\u00dfensohle: 100 % synthetischer Kautschuk, 4 mm<\/p>\n","protected":false},"featured_media":485280,"comment_status":"open","ping_status":"closed","template":"","meta":[],"product_brand":[],"product_cat":[3121],"product_tag":[1544,1372,1408,1368,1373,1374,1375,1376,1377,1378,1379,1380,1381,2447,1450],"class_list":{"0":"post-485281","1":"product","2":"type-product","3":"status-publish","4":"has-post-thumbnail","6":"product_cat-sale","7":"product_tag-farbe-braun","8":"product_tag-farbe-oceanblau","9":"product_tag-farbe-schwarz","10":"product_tag-groesse-37","11":"product_tag-groesse-38","12":"product_tag-groesse-39","13":"product_tag-groesse-40","14":"product_tag-groesse-41","15":"product_tag-groesse-42","16":"product_tag-groesse-43","17":"product_tag-groesse-44","18":"product_tag-groesse-45","19":"product_tag-groesse-46","20":"product_tag-marke-blifestyle","21":"product_tag-sale","23":"first","24":"instock","25":"taxable","26":"shipping-taxable","27":"purchasable","28":"product-type-variable"},"_links":{"self":[{"href":"https:\/\/schuhewiebarfuss.at\/shop\/wp-json\/wp\/v2\/product\/485281","targetHints":{"allow":["GET"]}}],"collection":[{"href":"https:\/\/schuhewiebarfuss.at\/shop\/wp-json\/wp\/v2\/product"}],"about":[{"href":"https:\/\/schuhewiebarfuss.at\/shop\/wp-json\/wp\/v2\/types\/product"}],"replies":[{"embeddable":true,"href":"https:\/\/schuhewiebarfuss.at\/shop\/wp-json\/wp\/v2\/comments?post=485281"}],"wp:featuredmedia":[{"embeddable":true,"href":"https:\/\/schuhewiebarfuss.at\/shop\/wp-json\/wp\/v2\/media\/485280"}],"wp:attachment":[{"href":"https:\/\/schuhewiebarfuss.at\/shop\/wp-json\/wp\/v2\/media?parent=485281"}],"wp:term":[{"taxonomy":"product_brand","embeddable":true,"href":"https:\/\/schuhewiebarfuss.at\/shop\/wp-json\/wp\/v2\/product_brand?post=485281"},{"taxonomy":"product_cat","embeddable":true,"href":"https:\/\/schuhewiebarfuss.at\/shop\/wp-json\/wp\/v2\/product_cat?post=485281"},{"taxonomy":"product_tag","embeddable":true,"href":"https:\/\/schuhewiebarfuss.at\/shop\/wp-json\/wp\/v2\/product_tag?post=485281"}],"curies":[{"name":"wp","href":"https:\/\/api.w.org\/{rel}","templated":true}]}}