{"id":485247,"date":"2024-04-10T23:54:47","date_gmt":"2024-04-10T21:54:47","guid":{"rendered":"https:\/\/schuhewiebarfuss.at\/shop\/produkt\/bannister-herren-leder-schwarz\/"},"modified":"2026-02-28T17:57:02","modified_gmt":"2026-02-28T16:57:02","slug":"bannister-herren-leder-schwarz","status":"publish","type":"product","link":"https:\/\/schuhewiebarfuss.at\/shop\/produkt\/bannister-herren-leder-schwarz\/","title":{"rendered":"Bannister Herren Leder Schwarz"},"content":{"rendered":"<p>Roger Bannister war der erste Mensch, der eine Vier-Minuten-Meile lief. Aber soweit wir das beurteilen k\u00f6nnen, wurde der Vivobarefoot Bannister Schuh nicht nach ihm benannt, da er nicht wirklich zum Laufen gemacht ist.<br \/>\nStattdessen soll dieser l\u00e4ssige Sneaker \u2013 entworfen in England und hergestellt in Portugal \u2013 Ihnen ein barfu\u00df\u00e4hnliches Gef\u00fchl vermitteln, wenn Sie ihn tragen, dank eines handgefertigten und polierten Lederobermaterials, Lederfuchs, einem Lederfu\u00dfbett und einem 4 mm Sohle, die eine nat\u00fcrliche Fu\u00dfbewegung bietet, ohne Ihre zarten Zehen in Gefahr zu bringen.<\/p>\n<p><b>Audio-Beschreibung<\/b><br \/><audio controls src=\"https:\/\/schuhewiebarfuss.at\/shop\/wp-content\/uploads\/lk\/4931_audio.wav\"><br \/>\n                                            Ihr Browser unterst\u00fctzt diese Audio-Ausgabe leider nicht.<br \/>\n                                            <\/ audio ><\/p>\n","protected":false},"excerpt":{"rendered":"<p>100% Handarbeit, gefertigt in Portugal<br \/>\nObermaterial: 100% hochwertiges, pflanzlich gegerbtes Leder<br \/>\nPatentierte, 4mm-d\u00fcnne Barfu\u00df-Au\u00dfensohle aus echtem Leder mit Gummi-Beschichtung<br \/>\nLederfutter und Leder-Innensohle<\/p>\n","protected":false},"featured_media":485246,"comment_status":"open","ping_status":"closed","template":"","meta":[],"product_brand":[],"product_cat":[3121],"product_tag":[1375,1376,1377,1378,1379,1380,1381,2451,1450],"class_list":{"0":"post-485247","1":"product","2":"type-product","3":"status-publish","4":"has-post-thumbnail","6":"product_cat-sale","7":"product_tag-groesse-40","8":"product_tag-groesse-41","9":"product_tag-groesse-42","10":"product_tag-groesse-43","11":"product_tag-groesse-44","12":"product_tag-groesse-45","13":"product_tag-groesse-46","14":"product_tag-marke-vivobarefoot","15":"product_tag-sale","17":"first","18":"instock","19":"sale","20":"taxable","21":"shipping-taxable","22":"purchasable","23":"product-type-variable"},"_links":{"self":[{"href":"https:\/\/schuhewiebarfuss.at\/shop\/wp-json\/wp\/v2\/product\/485247","targetHints":{"allow":["GET"]}}],"collection":[{"href":"https:\/\/schuhewiebarfuss.at\/shop\/wp-json\/wp\/v2\/product"}],"about":[{"href":"https:\/\/schuhewiebarfuss.at\/shop\/wp-json\/wp\/v2\/types\/product"}],"replies":[{"embeddable":true,"href":"https:\/\/schuhewiebarfuss.at\/shop\/wp-json\/wp\/v2\/comments?post=485247"}],"wp:featuredmedia":[{"embeddable":true,"href":"https:\/\/schuhewiebarfuss.at\/shop\/wp-json\/wp\/v2\/media\/485246"}],"wp:attachment":[{"href":"https:\/\/schuhewiebarfuss.at\/shop\/wp-json\/wp\/v2\/media?parent=485247"}],"wp:term":[{"taxonomy":"product_brand","embeddable":true,"href":"https:\/\/schuhewiebarfuss.at\/shop\/wp-json\/wp\/v2\/product_brand?post=485247"},{"taxonomy":"product_cat","embeddable":true,"href":"https:\/\/schuhewiebarfuss.at\/shop\/wp-json\/wp\/v2\/product_cat?post=485247"},{"taxonomy":"product_tag","embeddable":true,"href":"https:\/\/schuhewiebarfuss.at\/shop\/wp-json\/wp\/v2\/product_tag?post=485247"}],"curies":[{"name":"wp","href":"https:\/\/api.w.org\/{rel}","templated":true}]}}