{"id":485168,"date":"2024-04-10T23:33:44","date_gmt":"2024-04-10T21:33:44","guid":{"rendered":"https:\/\/schuhewiebarfuss.at\/shop\/produkt\/trail-glove-5-k-a-c\/"},"modified":"2026-04-10T21:30:31","modified_gmt":"2026-04-10T19:30:31","slug":"trail-glove-5-k-a-c","status":"publish","type":"product","link":"https:\/\/schuhewiebarfuss.at\/shop\/produkt\/trail-glove-5-k-a-c\/","title":{"rendered":"Trail Glove 5 K A\/C"},"content":{"rendered":"<p>Schmal an der Ferse, an den Zehen viel Platz und Bewegungsfreiraum, das Ganze bei 0 mm Sprengung: Der Trail Glove 5 bietet dir direkten, bestm\u00f6glichen Bodenkontakt und einen tiefen Stand.<\/p>\n<p>Ideal f\u00fcr ein nat\u00fcrliches Laufgef\u00fchl! Au\u00dferdem ist dein Auftritt mit diesem Sportschuh sehr pr\u00e4zise. Das leicht d\u00e4mpfende EVA-Fu\u00dfbett ist mit feuchtigkeitsleitendem Material bezogen.<\/p>\n<p>Den Trail Glove 5 aus der Kollektion von Merrell ist mit seiner Vibram Profilsohle konzipiert f\u00fcr den rauen Einsatz im Gel\u00e4nde gibt es jetzt auch f\u00fcr Kinder.<br \/>\nDer Schuh, ist f\u00fcr Kinderh\u00e4nde konzipiert und erleichtert mit den Senkeln oder alternativ mit dem Klettverschluss ein leichtes an-und ausziehen. Die Sohle hinterl\u00e4sst keine schwarzen Streifen und das Innenmaterial hat Anti-bakterielle Eigenschaften.<br \/>\nAusgestattet ist dieser Trail Glove Kinderschuh mit einer griffigen Laufsohle und Materialien, die dem Schuh sein geringes Gewicht verleihen.<\/p>\n<p><b>Audio-Beschreibung<\/b><br \/><audio controls src=\"https:\/\/schuhewiebarfuss.at\/shop\/wp-content\/uploads\/lk\/6059_audio.wav\"><br \/>\n                                            Ihr Browser unterst\u00fctzt diese Audio-Ausgabe leider nicht.<br \/>\n                                            <\/ audio ><\/p>\n","protected":false},"excerpt":{"rendered":"<p>Obermaterial: Mesh<br \/>\nVerschluss: Schn\u00fcrsenkel und Klettverschluss<br \/>\nForm: vorn breit geschnitten. Zehen haben gute Bewegungsfreiheit<br \/>\nLaufsohle: ca. 5 mm Gummi<\/p>\n","protected":false},"featured_media":485167,"comment_status":"open","ping_status":"closed","template":"","meta":[],"product_brand":[],"product_cat":[3121],"product_tag":[1479,1371,1600,1398,1399,1400,1401,1402,1403,1404,2468,1450],"class_list":{"0":"post-485168","1":"product","2":"type-product","3":"status-publish","4":"has-post-thumbnail","6":"product_cat-sale","7":"product_tag-farbe-blau","8":"product_tag-farbe-grau","9":"product_tag-farbe-rot","10":"product_tag-groesse-29","11":"product_tag-groesse-30","12":"product_tag-groesse-31","13":"product_tag-groesse-32","14":"product_tag-groesse-33","15":"product_tag-groesse-34","16":"product_tag-groesse-35","17":"product_tag-marke-merrell","18":"product_tag-sale","20":"first","21":"instock","22":"sale","23":"taxable","24":"shipping-taxable","25":"purchasable","26":"product-type-variable"},"_links":{"self":[{"href":"https:\/\/schuhewiebarfuss.at\/shop\/wp-json\/wp\/v2\/product\/485168","targetHints":{"allow":["GET"]}}],"collection":[{"href":"https:\/\/schuhewiebarfuss.at\/shop\/wp-json\/wp\/v2\/product"}],"about":[{"href":"https:\/\/schuhewiebarfuss.at\/shop\/wp-json\/wp\/v2\/types\/product"}],"replies":[{"embeddable":true,"href":"https:\/\/schuhewiebarfuss.at\/shop\/wp-json\/wp\/v2\/comments?post=485168"}],"wp:featuredmedia":[{"embeddable":true,"href":"https:\/\/schuhewiebarfuss.at\/shop\/wp-json\/wp\/v2\/media\/485167"}],"wp:attachment":[{"href":"https:\/\/schuhewiebarfuss.at\/shop\/wp-json\/wp\/v2\/media?parent=485168"}],"wp:term":[{"taxonomy":"product_brand","embeddable":true,"href":"https:\/\/schuhewiebarfuss.at\/shop\/wp-json\/wp\/v2\/product_brand?post=485168"},{"taxonomy":"product_cat","embeddable":true,"href":"https:\/\/schuhewiebarfuss.at\/shop\/wp-json\/wp\/v2\/product_cat?post=485168"},{"taxonomy":"product_tag","embeddable":true,"href":"https:\/\/schuhewiebarfuss.at\/shop\/wp-json\/wp\/v2\/product_tag?post=485168"}],"curies":[{"name":"wp","href":"https:\/\/api.w.org\/{rel}","templated":true}]}}