{"id":485078,"date":"2024-04-10T23:26:46","date_gmt":"2024-04-10T21:26:46","guid":{"rendered":"https:\/\/schuhewiebarfuss.at\/shop\/produkt\/transition-vario-2-kinder-schwarz\/"},"modified":"2026-03-01T16:29:43","modified_gmt":"2026-03-01T15:29:43","slug":"transition-vario-2-kinder-schwarz","status":"publish","type":"product","link":"https:\/\/schuhewiebarfuss.at\/shop\/produkt\/transition-vario-2-kinder-schwarz\/","title":{"rendered":"Transition Vario 2 Kinder Schwarz"},"content":{"rendered":"<p>Der  Boot aus der Comfort Line ist nicht nur f\u00fcr die k\u00e4ltere Jahreszeit gedacht. Das wasserabweisende Cordura Obermaterial und eine Wasserlasche lassen Feuchtigkeit nicht so schnell an den Fu\u00df.<\/p>\n<p>Ob im Wald, auf Wiesen oder beim Wandern, mit dem nur ca. 200 gr. leichten Boot ist man immer gut zu Fu\u00df. F\u00fcr die kalte Jahreszeit, einfach den neu entwickelten 3-Komponenten Einsatz in die Innentasche am Schaft stecken, die w\u00e4rmende Innensohle einlegen und schon verwandelt sich der Transition Vario, mit seiner neuen Gummi\/Luft Zwischensohle und der 2 mm Laufsohle in einen w\u00e4rmenden Winterstiefel.<\/p>\n<p><b>Audio-Beschreibung<\/b><br \/><audio controls src=\"https:\/\/schuhewiebarfuss.at\/shop\/wp-content\/uploads\/lk\/5696_audio.wav\"><br \/>\n                                            Ihr Browser unterst\u00fctzt diese Audio-Ausgabe leider nicht.<br \/>\n                                            <\/ audio ><\/p>\n","protected":false},"excerpt":{"rendered":"<p>Sohlenmaterial: Gummi<br \/>\nSchafth\u00f6he:Wadenhoch<br \/>\nAu\u00dfenmaterial: Synthetik<\/p>\n","protected":false},"featured_media":485077,"comment_status":"open","ping_status":"closed","template":"","meta":[],"product_brand":[],"product_cat":[3121],"product_tag":[1402,2449,1450],"class_list":{"0":"post-485078","1":"product","2":"type-product","3":"status-publish","4":"has-post-thumbnail","6":"product_cat-sale","7":"product_tag-groesse-33","8":"product_tag-marke-sole-runner","9":"product_tag-sale","11":"first","12":"instock","13":"sale","14":"taxable","15":"shipping-taxable","16":"purchasable","17":"product-type-variable"},"_links":{"self":[{"href":"https:\/\/schuhewiebarfuss.at\/shop\/wp-json\/wp\/v2\/product\/485078","targetHints":{"allow":["GET"]}}],"collection":[{"href":"https:\/\/schuhewiebarfuss.at\/shop\/wp-json\/wp\/v2\/product"}],"about":[{"href":"https:\/\/schuhewiebarfuss.at\/shop\/wp-json\/wp\/v2\/types\/product"}],"replies":[{"embeddable":true,"href":"https:\/\/schuhewiebarfuss.at\/shop\/wp-json\/wp\/v2\/comments?post=485078"}],"wp:featuredmedia":[{"embeddable":true,"href":"https:\/\/schuhewiebarfuss.at\/shop\/wp-json\/wp\/v2\/media\/485077"}],"wp:attachment":[{"href":"https:\/\/schuhewiebarfuss.at\/shop\/wp-json\/wp\/v2\/media?parent=485078"}],"wp:term":[{"taxonomy":"product_brand","embeddable":true,"href":"https:\/\/schuhewiebarfuss.at\/shop\/wp-json\/wp\/v2\/product_brand?post=485078"},{"taxonomy":"product_cat","embeddable":true,"href":"https:\/\/schuhewiebarfuss.at\/shop\/wp-json\/wp\/v2\/product_cat?post=485078"},{"taxonomy":"product_tag","embeddable":true,"href":"https:\/\/schuhewiebarfuss.at\/shop\/wp-json\/wp\/v2\/product_tag?post=485078"}],"curies":[{"name":"wp","href":"https:\/\/api.w.org\/{rel}","templated":true}]}}