{"id":484927,"date":"2024-04-10T23:15:47","date_gmt":"2024-04-10T21:15:47","guid":{"rendered":"https:\/\/schuhewiebarfuss.at\/shop\/produkt\/wrapt-mid-wp-damen\/"},"modified":"2026-03-01T18:27:51","modified_gmt":"2026-03-01T17:27:51","slug":"wrapt-mid-wp-damen","status":"publish","type":"product","link":"https:\/\/schuhewiebarfuss.at\/shop\/produkt\/wrapt-mid-wp-damen\/","title":{"rendered":"Wrapt MID WP Damen"},"content":{"rendered":"<p>Wenn du auch bei eher wechselhaftem Wetter bequemen und sicheren Schrittes unterwegs sein m\u00f6chtest, solltest du dir die Women&#8217;s Wrapt Mid Waterproof von Merrell einmal n\u00e4her ansehen. Diese schicken Sneaker verf\u00fcgen \u00fcber ein Obermaterial aus robustem Leder und kommt auch mit raueren Bedingungen und feuchtem Wetter gut klar.<\/p>\n<p>Durch die Membran sind die Schuhe au\u00dferdem wasserdicht und atmungsaktiv zugleich. Hierdurch ist es im Inneren immer angenehm trocken und warm. Die Sohle ist au\u00dferdem besonders griffig und bietet auf den unterschiedlichsten Untergr\u00fcnden einen guten Halt.<\/p>\n<p>Dieser vielseitige Hybrid mit einer aggressiven Gummisohle hat die Passform unserer popul\u00e4ren Barefoot Kollektion: Das Design ahmt die Form des menschlichen Fu\u00dfes nach, sodass er auch mit Schuhen seine nat\u00fcrliche Barfu\u00dfposition einnimmt.<\/p>\n<p>Merkmale:<\/p>\n<p>\u2022 Wasserdichte Membran, die das Eindringen von Wasser verhindert und innen entstandene Feuchtigkeit nach au\u00dfen leitet<br \/>\n\u2022 Obermaterial: Schweinsleder<br \/>\n\u2022 Traditionelle Schn\u00fcrung mit Metallhaken<br \/>\n\u2022 Durchgehende Zunge gegen das Eindringen von Schmutz<br \/>\n\u2022 Atmungsaktives Mesh-Innenfutter<br \/>\n\u2022 Dank der Merrell Barefoot 2 Konstruktion nimmt der Fu\u00df eine nat\u00fcrliche Position ein<br \/>\n\u2022 Gebirgstaugliche Merrell Quantum Grip\u2122 Gummi-Laufsohle<\/p>\n<p>Gewicht: 780 g<\/p>\n<p><b>Audio-Beschreibung<\/b><br \/><audio controls src=\"https:\/\/schuhewiebarfuss.at\/shop\/wp-content\/uploads\/lk\/6032_audio.wav\"><br \/>\n                                            Ihr Browser unterst\u00fctzt diese Audio-Ausgabe leider nicht.<br \/>\n                                            <\/ audio ><\/p>\n","protected":false},"excerpt":{"rendered":"<p>Merrell WRAPT MID<\/p>\n<p>Obermaterial: Schweinsleder<br \/>\nInnenmaterial: Mesh<br \/>\nSohle: Gebirgstaugliche Merrell Quantum Grip\u2122 Gummi-Laufsohle<br \/>\nVerschlussart: Schn\u00fcrung<br \/>\nWasserdicht<\/p>\n","protected":false},"featured_media":788228,"comment_status":"open","ping_status":"closed","template":"","meta":[],"product_brand":[],"product_cat":[833],"product_tag":[2026,1544,1570,1408,1362,1368,1373,1374,1375,1376,1377,2468],"class_list":{"0":"post-484927","1":"product","2":"type-product","3":"status-publish","4":"has-post-thumbnail","6":"product_cat-wanderschuhe-1","7":"product_tag-farbe-beige","8":"product_tag-farbe-braun","9":"product_tag-farbe-gruen","10":"product_tag-farbe-schwarz","11":"product_tag-groesse-36","12":"product_tag-groesse-37","13":"product_tag-groesse-38","14":"product_tag-groesse-39","15":"product_tag-groesse-40","16":"product_tag-groesse-41","17":"product_tag-groesse-42","18":"product_tag-marke-merrell","20":"first","21":"instock","22":"taxable","23":"shipping-taxable","24":"purchasable","25":"product-type-variable"},"_links":{"self":[{"href":"https:\/\/schuhewiebarfuss.at\/shop\/wp-json\/wp\/v2\/product\/484927","targetHints":{"allow":["GET"]}}],"collection":[{"href":"https:\/\/schuhewiebarfuss.at\/shop\/wp-json\/wp\/v2\/product"}],"about":[{"href":"https:\/\/schuhewiebarfuss.at\/shop\/wp-json\/wp\/v2\/types\/product"}],"replies":[{"embeddable":true,"href":"https:\/\/schuhewiebarfuss.at\/shop\/wp-json\/wp\/v2\/comments?post=484927"}],"wp:featuredmedia":[{"embeddable":true,"href":"https:\/\/schuhewiebarfuss.at\/shop\/wp-json\/wp\/v2\/media\/788228"}],"wp:attachment":[{"href":"https:\/\/schuhewiebarfuss.at\/shop\/wp-json\/wp\/v2\/media?parent=484927"}],"wp:term":[{"taxonomy":"product_brand","embeddable":true,"href":"https:\/\/schuhewiebarfuss.at\/shop\/wp-json\/wp\/v2\/product_brand?post=484927"},{"taxonomy":"product_cat","embeddable":true,"href":"https:\/\/schuhewiebarfuss.at\/shop\/wp-json\/wp\/v2\/product_cat?post=484927"},{"taxonomy":"product_tag","embeddable":true,"href":"https:\/\/schuhewiebarfuss.at\/shop\/wp-json\/wp\/v2\/product_tag?post=484927"}],"curies":[{"name":"wp","href":"https:\/\/api.w.org\/{rel}","templated":true}]}}