{"id":484880,"date":"2024-04-10T23:12:45","date_gmt":"2024-04-10T21:12:45","guid":{"rendered":"https:\/\/schuhewiebarfuss.at\/shop\/produkt\/dione\/"},"modified":"2026-02-28T21:51:25","modified_gmt":"2026-02-28T20:51:25","slug":"dione","status":"publish","type":"product","link":"https:\/\/schuhewiebarfuss.at\/shop\/produkt\/dione\/","title":{"rendered":"Dione"},"content":{"rendered":"<p>Das Sole Runner Konzept wird bei der neuen Damensandale Dione konsequent fortgef\u00fchrt.<br \/>\nBei diesem neuen Modell handelt es sich um eine Damensandale aus einem extrem handschuhweichen Oberleder aus Ziegenvelours, das Innenfutter ist aus weichem Schafleder, so dass sich diese Sandake angenehm an den Fu\u00df schmiegt.. <\/p>\n<p>Der Kn\u00f6chelriemen und der Riemen \u00fcber dem Spann werden durch einen Klettverschluss geschlossen und so h\u00e4lt die Sandale sicher am Fu\u00df.<br \/>\nIm Bereich der Ferse findet sich ein kleiner Schaumstoff Pad, so dass man auf harten B\u00f6den oder wenn in den Fersengang zur\u00fcck gefallen wird, nicht gleich die Ferse schmerzt. Der Profi benutzt die Ferse sowieso nur zur Stabilisierung des Schrittes und ben\u00f6tigt diesen Pad gar nicht.<\/p>\n<p>Zur Pflege dieses feinen Leders empfehlen wir handels\u00fcbliches Impr\u00e4gnierspray, Farbauffrischer f\u00fcr Veloursleder und eine Cr\u00e9peb\u00fcrste.<br \/>\nDa ein Fu\u00df im Schuh beim Gehen immer noch etwas nach vorn rutscht, bitte zu der gemessenen Fu\u00dfl\u00e4nge noch ca. 3-5 mm addieren.<\/p>\n<p>Obermaterial: feinstes Ziegenvelours, wasserabweisend<br \/>\nVerschluss: Klett<br \/>\nForm: Normal (Weite G)<br \/>\nGr\u00f6\u00dfen: 36-42<br \/>\nGewicht:  Gr\u00f6sse 41 140g<br \/>\nLaufsohle: ca. 3mm Gummi, Non Marking (nicht abf\u00e4rbend).<br \/>\nErlaubt einen m\u00f6glichst direkten Kontakt zum Boden. Fast wie Gehen auf der eigenen Fu\u00dfsohle<\/p>\n<p><b>Audio-Beschreibung<\/b><br \/><audio controls src=\"https:\/\/schuhewiebarfuss.at\/shop\/wp-content\/uploads\/lk\/6128_audio.wav\"><br \/>\n                                            Ihr Browser unterst\u00fctzt diese Audio-Ausgabe leider nicht.<br \/>\n                                            <\/ audio ><\/p>\n","protected":false},"excerpt":{"rendered":"<p>Barfu\u00dfschuh Dione Women<\/p>\n<p>Dione, die neue Sommersandale f\u00fcr Frauen von Sole Runner. Feinstes Ziegenvelours, super leicht und die Sandale sitzt am Fu\u00df wie eine zweite Haut. <\/p>\n<p>Form: Normal<br \/>\nModell: Dione Black Women<br \/>\nHersteller: Sole Runner<br \/>\nInhalt: 1 Paar<\/p>\n","protected":false},"featured_media":484879,"comment_status":"open","ping_status":"closed","template":"","meta":[],"product_brand":[],"product_cat":[3121],"product_tag":[1544,1408,1362,1368,1373,1374,1375,1376,1377,2449,1450],"class_list":{"0":"post-484880","1":"product","2":"type-product","3":"status-publish","4":"has-post-thumbnail","6":"product_cat-sale","7":"product_tag-farbe-braun","8":"product_tag-farbe-schwarz","9":"product_tag-groesse-36","10":"product_tag-groesse-37","11":"product_tag-groesse-38","12":"product_tag-groesse-39","13":"product_tag-groesse-40","14":"product_tag-groesse-41","15":"product_tag-groesse-42","16":"product_tag-marke-sole-runner","17":"product_tag-sale","19":"first","20":"instock","21":"taxable","22":"shipping-taxable","23":"purchasable","24":"product-type-variable"},"_links":{"self":[{"href":"https:\/\/schuhewiebarfuss.at\/shop\/wp-json\/wp\/v2\/product\/484880","targetHints":{"allow":["GET"]}}],"collection":[{"href":"https:\/\/schuhewiebarfuss.at\/shop\/wp-json\/wp\/v2\/product"}],"about":[{"href":"https:\/\/schuhewiebarfuss.at\/shop\/wp-json\/wp\/v2\/types\/product"}],"replies":[{"embeddable":true,"href":"https:\/\/schuhewiebarfuss.at\/shop\/wp-json\/wp\/v2\/comments?post=484880"}],"wp:featuredmedia":[{"embeddable":true,"href":"https:\/\/schuhewiebarfuss.at\/shop\/wp-json\/wp\/v2\/media\/484879"}],"wp:attachment":[{"href":"https:\/\/schuhewiebarfuss.at\/shop\/wp-json\/wp\/v2\/media?parent=484880"}],"wp:term":[{"taxonomy":"product_brand","embeddable":true,"href":"https:\/\/schuhewiebarfuss.at\/shop\/wp-json\/wp\/v2\/product_brand?post=484880"},{"taxonomy":"product_cat","embeddable":true,"href":"https:\/\/schuhewiebarfuss.at\/shop\/wp-json\/wp\/v2\/product_cat?post=484880"},{"taxonomy":"product_tag","embeddable":true,"href":"https:\/\/schuhewiebarfuss.at\/shop\/wp-json\/wp\/v2\/product_tag?post=484880"}],"curies":[{"name":"wp","href":"https:\/\/api.w.org\/{rel}","templated":true}]}}