{"id":484694,"date":"2024-04-10T22:52:45","date_gmt":"2024-04-10T20:52:45","guid":{"rendered":"https:\/\/schuhewiebarfuss.at\/shop\/produkt\/everest-tex-braun\/"},"modified":"2026-02-28T18:03:57","modified_gmt":"2026-02-28T17:03:57","slug":"everest-tex-braun","status":"publish","type":"product","link":"https:\/\/schuhewiebarfuss.at\/shop\/produkt\/everest-tex-braun\/","title":{"rendered":"Everest Tex Braun"},"content":{"rendered":"<p>Winterwunderland &#8211; mit warmen F\u00fc\u00dfen und schnellen Schritten gut eingepackt durch den Winter. Perfekt ger\u00fcstet f\u00fcr die Abenteuer an einem kalten Wintertag mit unserem kuscheligen EVEREST in einem sch\u00f6nen kr\u00e4ftigen Sand.<\/p>\n<p>Unser EVEREST ist ein hoch geschnittener Winterstiefel mit Schn\u00fcrung, durch welche sich der Schuh perfekt am Fu\u00df anpassen l\u00e4sst.<br \/>\nSelbst diese gef\u00fctterten Winterschuhe sind extrem biegsam und weich. Dank der einzigartigen und sehr flexiblen Filii-Barefoot Sohle, ist eine Unterst\u00fctzung des Muskelaufbaus m\u00f6glich und f\u00f6rdert parallel den Gleichgewichtssinn. Die hoch-abriebfeste Kautschuksohle ist auch f\u00fcr Allergiker geeignet, da sie kein Latex beinhaltet. Nat\u00fcrlich haben alle unsere Schuhe keinen Fersenabsatz und auch kein Fu\u00dfbett.<br \/>\nDas Obermaterial ist Nubukleder und sehr weich und dar\u00fcber hinaus wasser- und schmutzabweisend. Als Innenfutter dient ein Wolle (70% WO\/30% PES). So sind die F\u00fc\u00dfe f\u00fcr die kalten Wintermonate gut beh\u00fctet. Dank der speziellen TEX-Membran ist der Schuh auch gegen Wasser und Schnee gesch\u00fctzt.<\/p>\n<p>Eine zus\u00e4tzliche Isoliereinlage im Innenschuh, sch\u00fctzt die emfindlichen Kinderf\u00fc\u00dfe vor eindringender K\u00e4lte \u00fcber die Sohle.<\/p>\n<p>Sowohl das Leder als auch die Gummisohle enthalten weder Azofarbstoffe, Chrom VI oder sonstige gef\u00e4hrliche Stoffe! Bitte impr\u00e4gnieren sie die Schuhe vor dem ersten Tragen.<\/p>\n<p>Wir weisen freundlich darauf hin, das Bobbycar und Laufrad fahren normale Abnutzungsspuren an den Schuhen erzeugt und dies kein Reklamationsgrund ist. Unser Bio-Leder ist ein Naturmaterial, es kann zu leichten Ver\u00e4nderungen der Farbe durch Sonneneinstahlung und falscher Pflege kommen.<\/p>\n<p>Passform Tipp:<br \/>\nDie Schuhe passen f\u00fcr Kinder mit mittleren F\u00fc\u00dfen (Laut WMS-Messger\u00e4t entspricht Weite M). Bitte keine dicken Baumwoll-Thermostrumpfhosen oder reine Baumwollsocken anziehen.<br \/>\nWir empfehlen d\u00fcnne Funktionssocken, da die Membran nur in Kombination mit der richtigen Socken-Materialmischung die F\u00fc\u00dfe am besten w\u00e4rmt.<\/p>\n<p>Pflegehinweis:<br \/>\nSchuhe bitte regelm\u00e4\u00dfig nach der B\u00fcrsten-Reinigung, mit einem geeignetem Impr\u00e4gnierspray f\u00fcr Membranen einspr\u00fchen.<br \/>\nGrobe Verunreinigungen gut trocknen lassen, danach mit einer geeigneten Velourslederb\u00fcrste behandeln und anschlie\u00dfend wieder impr\u00e4gnieren. Danach gut trocknen lassen.<br \/>\nVeloursleder ist sehr pflegeleicht, da sich Verschmutzungen in der Regel m\u00fchelos herausb\u00fcrsten lassen und eventuelle Kratzer nicht unmittelbar sichtbar werden.<\/p>\n<p><b>Audio-Beschreibung<\/b><br \/><audio controls src=\"https:\/\/schuhewiebarfuss.at\/shop\/wp-content\/uploads\/lk\/5190_audio.wav\"><br \/>\n                                            Ihr Browser unterst\u00fctzt diese Audio-Ausgabe leider nicht.<br \/>\n                                            <\/ audio ><\/p>\n","protected":false},"excerpt":{"rendered":"<p>Modell: EVEREST<br \/>\nMaterial: Nubukleder<br \/>\nInnenfutter: Wolle (70% WO\/30% PES)<br \/>\nFarbe: Sand<br \/>\nGeschlecht: Unisex<br \/>\nVerschluss: Schn\u00fcrung<br \/>\nSohlenfarbe: beige\/honey<br \/>\nWeitere Eigenschaften: TEX wasserbest\u00e4ndig<br \/>\nWMS-Schuhweite: Mittel<br \/>\nHerkunft\/Produktion: Rum\u00e4nien <\/p>\n","protected":false},"featured_media":484693,"comment_status":"open","ping_status":"closed","template":"","meta":[],"product_brand":[],"product_cat":[3121],"product_tag":[1390,1391,1392,1393,1394,1395,1396,1397,1398,1399,1400,1401,2463,1450],"class_list":{"0":"post-484694","1":"product","2":"type-product","3":"status-publish","4":"has-post-thumbnail","6":"product_cat-sale","7":"product_tag-groesse-21","8":"product_tag-groesse-22","9":"product_tag-groesse-23","10":"product_tag-groesse-24","11":"product_tag-groesse-25","12":"product_tag-groesse-26","13":"product_tag-groesse-27","14":"product_tag-groesse-28","15":"product_tag-groesse-29","16":"product_tag-groesse-30","17":"product_tag-groesse-31","18":"product_tag-groesse-32","19":"product_tag-marke-filii","20":"product_tag-sale","22":"first","23":"instock","24":"taxable","25":"shipping-taxable","26":"purchasable","27":"product-type-variable"},"_links":{"self":[{"href":"https:\/\/schuhewiebarfuss.at\/shop\/wp-json\/wp\/v2\/product\/484694","targetHints":{"allow":["GET"]}}],"collection":[{"href":"https:\/\/schuhewiebarfuss.at\/shop\/wp-json\/wp\/v2\/product"}],"about":[{"href":"https:\/\/schuhewiebarfuss.at\/shop\/wp-json\/wp\/v2\/types\/product"}],"replies":[{"embeddable":true,"href":"https:\/\/schuhewiebarfuss.at\/shop\/wp-json\/wp\/v2\/comments?post=484694"}],"wp:featuredmedia":[{"embeddable":true,"href":"https:\/\/schuhewiebarfuss.at\/shop\/wp-json\/wp\/v2\/media\/484693"}],"wp:attachment":[{"href":"https:\/\/schuhewiebarfuss.at\/shop\/wp-json\/wp\/v2\/media?parent=484694"}],"wp:term":[{"taxonomy":"product_brand","embeddable":true,"href":"https:\/\/schuhewiebarfuss.at\/shop\/wp-json\/wp\/v2\/product_brand?post=484694"},{"taxonomy":"product_cat","embeddable":true,"href":"https:\/\/schuhewiebarfuss.at\/shop\/wp-json\/wp\/v2\/product_cat?post=484694"},{"taxonomy":"product_tag","embeddable":true,"href":"https:\/\/schuhewiebarfuss.at\/shop\/wp-json\/wp\/v2\/product_tag?post=484694"}],"curies":[{"name":"wp","href":"https:\/\/api.w.org\/{rel}","templated":true}]}}