{"id":484483,"date":"2024-04-10T21:55:43","date_gmt":"2024-04-10T19:55:43","guid":{"rendered":"https:\/\/schuhewiebarfuss.at\/shop\/produkt\/peu-cami-kids\/"},"modified":"2026-03-10T19:32:09","modified_gmt":"2026-03-10T18:32:09","slug":"peu-cami-kids","status":"publish","type":"product","link":"https:\/\/schuhewiebarfuss.at\/shop\/produkt\/peu-cami-kids\/","title":{"rendered":"Peu Cami Kids"},"content":{"rendered":"<p>Kinderschuh aus Leder mit elastischen Schn\u00fcrsenkeln oder Klettverschluss, EVA-Fu\u00dfbett und Gummilaufsohle.<\/p>\n<p>Die Camper Kids bieten flexible und zugleich robuste Schuhe f\u00fcr den Alltag. Entdecken Sie die Camper-Kollektion an bequemen Schuhen, die speziell auf die Bed\u00fcrfnisse von Kindern zugeschnitten sind, die sich auf eigenen F\u00fc\u00dfen in die gro\u00dfe weite Welt wagen wollen.<\/p>\n<p>Der Peu ist ein Camper-Kultobjekt, das sich in jeder Saison in einem neuen Gewand pr\u00e4sentiert. Die Strobel-Machart mit Rundumnaht garantiert unerreichte Biegsamkeit und Langlebigkeit in jeder Situation.<\/p>\n<p>Pflegehinweis:<\/p>\n<p>Diese Schuhe sind aus sorgf\u00e4ltig ausgew\u00e4hlten, hochwertigen Materialien gefertigt. Die Verwendung der richtigen Schuhpflegeprodukte sorgt f\u00fcr hohen Schutz und Langlebigkeit dieser Produkte.<\/p>\n<p>1. Schmutz und Staub zun\u00e4chst mit einem weichen Tuch entfernen.<br \/>\n2. Leder mit einer Lotion reinigen und pflegen.<br \/>\n3. Leder mit einer Schuhcreme pflegen. D\u00fcnn auftragen und einige Minuten trocknen lassen.<br \/>\n4. Leder mit einem Tuch polieren.<br \/>\n5. Impr\u00e4gnieren Sie das Leder mit Impr\u00e4gnierspray gegen Schmutz und Feuchtigkeit.<\/p>\n<p><b>Audio-Beschreibung<\/b><br \/><audio controls src=\"https:\/\/schuhewiebarfuss.at\/shop\/wp-content\/uploads\/lk\/6055_audio.wav\"><br \/>\n                                            Ihr Browser unterst\u00fctzt diese Audio-Ausgabe leider nicht.<br \/>\n                                            <\/ audio ><\/p>\n","protected":false},"excerpt":{"rendered":"<p>Der Camper Kinderschuh<\/p>\n<p>Gr\u00f6\u00dfen: 25 &#8211; 28<br \/>\nObermaterial: Rindsleder (Zertifikat der Leather Working Group)<br \/>\nFutter: Schweinsleder, Recycling-Polyester und Nubukleder<br \/>\nInnensohle: EVA<br \/>\nLaufsohle: Laufsohle aus Gummi f\u00fcr ausgezeichneten Halt (20% recycelt)<br \/>\nVerschluss: f\u00fcr bequeme Passform elastischen Schn\u00fcrsenkeln mit Klettverschlussriemen oder nur Klettverschlussriemen<br \/>\nNachhaltigkeit: Verwendung von recycelten Materialien<br \/>\nEigenschaften: Eigenschaften von Leder: Leder ist ein Naturmaterial tierischen Ursprungs, das seine typischen Merkmale wie Narben, Pigmentflecken, Absch\u00fcrfungen oder Falten aufweist.<\/p>\n","protected":false},"featured_media":484482,"comment_status":"open","ping_status":"closed","template":"","meta":[],"product_brand":[],"product_cat":[845],"product_tag":[1479,1544,1426,1570,1480,1481,1600,3151,1385,1393,1394,1395,1396,1397,1398,1399,1400,1401,1402,1403,1404,1362,1368,1373,2721],"class_list":{"0":"post-484483","1":"product","2":"type-product","3":"status-publish","4":"has-post-thumbnail","6":"product_cat-lifestyle-1","7":"product_tag-farbe-blau","8":"product_tag-farbe-braun","9":"product_tag-farbe-dunkelblau","10":"product_tag-farbe-gruen","11":"product_tag-farbe-orange","12":"product_tag-farbe-pink","13":"product_tag-farbe-rot","14":"product_tag-farbe-white","15":"product_tag-groesse-20","16":"product_tag-groesse-24","17":"product_tag-groesse-25","18":"product_tag-groesse-26","19":"product_tag-groesse-27","20":"product_tag-groesse-28","21":"product_tag-groesse-29","22":"product_tag-groesse-30","23":"product_tag-groesse-31","24":"product_tag-groesse-32","25":"product_tag-groesse-33","26":"product_tag-groesse-34","27":"product_tag-groesse-35","28":"product_tag-groesse-36","29":"product_tag-groesse-37","30":"product_tag-groesse-38","31":"product_tag-marke-camper","33":"first","34":"instock","35":"taxable","36":"shipping-taxable","37":"purchasable","38":"product-type-variable"},"_links":{"self":[{"href":"https:\/\/schuhewiebarfuss.at\/shop\/wp-json\/wp\/v2\/product\/484483","targetHints":{"allow":["GET"]}}],"collection":[{"href":"https:\/\/schuhewiebarfuss.at\/shop\/wp-json\/wp\/v2\/product"}],"about":[{"href":"https:\/\/schuhewiebarfuss.at\/shop\/wp-json\/wp\/v2\/types\/product"}],"replies":[{"embeddable":true,"href":"https:\/\/schuhewiebarfuss.at\/shop\/wp-json\/wp\/v2\/comments?post=484483"}],"wp:featuredmedia":[{"embeddable":true,"href":"https:\/\/schuhewiebarfuss.at\/shop\/wp-json\/wp\/v2\/media\/484482"}],"wp:attachment":[{"href":"https:\/\/schuhewiebarfuss.at\/shop\/wp-json\/wp\/v2\/media?parent=484483"}],"wp:term":[{"taxonomy":"product_brand","embeddable":true,"href":"https:\/\/schuhewiebarfuss.at\/shop\/wp-json\/wp\/v2\/product_brand?post=484483"},{"taxonomy":"product_cat","embeddable":true,"href":"https:\/\/schuhewiebarfuss.at\/shop\/wp-json\/wp\/v2\/product_cat?post=484483"},{"taxonomy":"product_tag","embeddable":true,"href":"https:\/\/schuhewiebarfuss.at\/shop\/wp-json\/wp\/v2\/product_tag?post=484483"}],"curies":[{"name":"wp","href":"https:\/\/api.w.org\/{rel}","templated":true}]}}