{"id":484136,"date":"2024-04-10T21:00:42","date_gmt":"2024-04-10T19:00:42","guid":{"rendered":"https:\/\/schuhewiebarfuss.at\/shop\/produkt\/prio-youth\/"},"modified":"2026-02-28T18:43:37","modified_gmt":"2026-02-28T17:43:37","slug":"prio-youth","status":"publish","type":"product","link":"https:\/\/schuhewiebarfuss.at\/shop\/produkt\/prio-youth\/","title":{"rendered":"Prio Youth"},"content":{"rendered":"<p>Endlich gibt es den Prio- den Bestseller bei Xero Shoes nun auch f\u00fcr Kinder! Insbesondere f\u00fcr Kinder ist es wichtig, dass sich er Fu\u00df  nat\u00fcrlich entwickeln und funktionieren kann; die Zehenbox des Prio ist weit genug, dass sich die Zehen spreizen lassen, es gibt keinen H\u00f6henunterschied zwischen Ballen und Ferse, die Sohle hat Grip und ist flexibel und der Schuh ist federleicht.<\/p>\n<p>Der Youth Prio ist aber nicht nur eine geschrumpfte Version des bekannten gro\u00dfen Prio; die Sohle ist ergonomisch an Kinderf\u00fc\u00dfe angepasst worden, die FeelTrue\u00ae Sohle ist nochmal ein wenig d\u00fcnner und somit flexibler und hat auch noch mehr Grip.<\/p>\n<p>TIP: ge\u00e4umig geschnitten f\u00fcr breite F\u00fc\u00dfe\/ hohen Spann, mit 2 extra Senkell\u00f6chern zum Enger schn\u00fcren f\u00fcr flachen Rist \u2013 Entenf\u00fc\u00dfe geeignet <\/p>\n<p><b>Audio-Beschreibung<\/b><br \/><audio controls src=\"https:\/\/schuhewiebarfuss.at\/shop\/wp-content\/uploads\/lk\/5983_audio.wav\"><br \/>\n                                            Ihr Browser unterst\u00fctzt diese Audio-Ausgabe leider nicht.<br \/>\n                                            <\/ audio ><\/p>\n","protected":false},"excerpt":{"rendered":"<p>Obermaterial: Textil\/Mesh<br \/>\nInnenmaterial: Textil\/Mesh<br \/>\nInnensohle: Herausnehmbar<br \/>\nSohle: FeelTrue-Gummi<br \/>\nVerschlussart: Schn\u00fcrung <\/p>\n","protected":false},"featured_media":484135,"comment_status":"open","ping_status":"closed","template":"","meta":[],"product_brand":[],"product_cat":[3121],"product_tag":[3018,1479,1426,2629,3074,3073,1408,1651,1399,1400,1401,1402,1403,1404,1362,2446,1450],"class_list":{"0":"post-484136","1":"product","2":"type-product","3":"status-publish","4":"has-post-thumbnail","6":"product_cat-sale","7":"product_tag-farbe-black","8":"product_tag-farbe-blau","9":"product_tag-farbe-dunkelblau","10":"product_tag-farbe-lila","11":"product_tag-farbe-lunar","12":"product_tag-farbe-samba-red","13":"product_tag-farbe-schwarz","14":"product_tag-farbe-weiss","15":"product_tag-groesse-30","16":"product_tag-groesse-31","17":"product_tag-groesse-32","18":"product_tag-groesse-33","19":"product_tag-groesse-34","20":"product_tag-groesse-35","21":"product_tag-groesse-36","22":"product_tag-marke-xero","23":"product_tag-sale","25":"first","26":"instock","27":"sale","28":"taxable","29":"shipping-taxable","30":"purchasable","31":"product-type-variable"},"_links":{"self":[{"href":"https:\/\/schuhewiebarfuss.at\/shop\/wp-json\/wp\/v2\/product\/484136","targetHints":{"allow":["GET"]}}],"collection":[{"href":"https:\/\/schuhewiebarfuss.at\/shop\/wp-json\/wp\/v2\/product"}],"about":[{"href":"https:\/\/schuhewiebarfuss.at\/shop\/wp-json\/wp\/v2\/types\/product"}],"replies":[{"embeddable":true,"href":"https:\/\/schuhewiebarfuss.at\/shop\/wp-json\/wp\/v2\/comments?post=484136"}],"wp:featuredmedia":[{"embeddable":true,"href":"https:\/\/schuhewiebarfuss.at\/shop\/wp-json\/wp\/v2\/media\/484135"}],"wp:attachment":[{"href":"https:\/\/schuhewiebarfuss.at\/shop\/wp-json\/wp\/v2\/media?parent=484136"}],"wp:term":[{"taxonomy":"product_brand","embeddable":true,"href":"https:\/\/schuhewiebarfuss.at\/shop\/wp-json\/wp\/v2\/product_brand?post=484136"},{"taxonomy":"product_cat","embeddable":true,"href":"https:\/\/schuhewiebarfuss.at\/shop\/wp-json\/wp\/v2\/product_cat?post=484136"},{"taxonomy":"product_tag","embeddable":true,"href":"https:\/\/schuhewiebarfuss.at\/shop\/wp-json\/wp\/v2\/product_tag?post=484136"}],"curies":[{"name":"wp","href":"https:\/\/api.w.org\/{rel}","templated":true}]}}