{"id":484088,"date":"2024-04-10T20:55:45","date_gmt":"2024-04-10T18:55:45","guid":{"rendered":"https:\/\/schuhewiebarfuss.at\/shop\/produkt\/skinners-kids-2-0\/"},"modified":"2026-04-11T17:09:01","modified_gmt":"2026-04-11T15:09:01","slug":"skinners-kids-2-0","status":"publish","type":"product","link":"https:\/\/schuhewiebarfuss.at\/shop\/produkt\/skinners-kids-2-0\/","title":{"rendered":"Skinners Kids 2.0"},"content":{"rendered":"<p>Skinners Kids Sockenschuhe. Socken sind nicht genug und Schuhe zu viel? Egal ob f\u00fcr Kindergarten, Schule oder Freizeit. Auch f\u00fcr jegliche Wasseraktivit\u00e4ten geeignet. Perfekter Grip und Schutz bei maximalem Komfort! Zus\u00e4tzlich werden alle Muskeln und Gelenke in den F\u00fc\u00dfen mobilisiert &amp; trainiert. Dies ist im jungen Alter besonders wichtig, um den Grundstein f\u00fcr gesunde F\u00fc\u00dfe zu legen. Fast so wie Barfu\u00dflaufen, nur hygienisch und gesch\u00fctzt!<\/p>\n<p>Besonders im Garten oder am Spielplatz bieten die Skinners Sockenschuhe guten Schutz vor Wespen &amp; Bienen.<\/p>\n<p>F\u00fcr einen erh\u00f6hten Tragekomfort: das zus\u00e4tzliche Tragen von unseren d\u00fcnnen Wundersocks Go Kid.<\/p>\n<p>Leicht. Funktionell. Sch\u00fctzend.<\/p>\n<p>Das Modell 2.0 ist eine Weiterentwicklung vom beliebten Modell Kids 1.0.<\/p>\n<p>    Es wurde eine neue Technology bei den verwendeten Fasern eingesetzt, was zu weniger Kompression bei selber Anpassungsf\u00e4higkeit f\u00fchrt.<br \/>\n    Es hat eine herausnehmbare Einlegesohle welche perforiert (durchl\u00f6chert) ist und somit dass Fu\u00dfklima verbessert<br \/>\n    Das Modell 2.0 hat ein neues, modernes Design<\/p>\n<p><b>Audio-Beschreibung<\/b><br \/><audio controls src=\"https:\/\/schuhewiebarfuss.at\/shop\/wp-content\/uploads\/lk\/6088_audio.wav\"><br \/>\n                                            Ihr Browser unterst\u00fctzt diese Audio-Ausgabe leider nicht.<br \/>\n                                            <\/ audio ><\/p>\n","protected":false},"excerpt":{"rendered":"<p>Hauptmaterial: 48% Polypropylen, 18% Viskose, 18% Baumwolle, 9% Elasthan, 4% Polyester und 3% Polyamid<br \/>\nSohle: phthalatfreie, anti-abrasive Polymermischung<br \/>\nbei 30 Grad in der Waschmaschine waschbar<br \/>\nk\u00f6nnen mit und ohne Socken getragen werden<br \/>\nvegan<\/p>\n","protected":false},"featured_media":484087,"comment_status":"open","ping_status":"closed","template":"","meta":[],"product_brand":[],"product_cat":[842],"product_tag":[1479,1371,1558,1481,1600,2809,1592,1593,1594,2484],"class_list":{"0":"post-484088","1":"product","2":"type-product","3":"status-publish","4":"has-post-thumbnail","6":"product_cat-freizeit","7":"product_tag-farbe-blau","8":"product_tag-farbe-grau","9":"product_tag-farbe-olivegruen","10":"product_tag-farbe-pink","11":"product_tag-farbe-rot","12":"product_tag-groesse-26-27","13":"product_tag-groesse-28-29","14":"product_tag-groesse-30-32","15":"product_tag-groesse-33-35","16":"product_tag-marke-skinners","18":"first","19":"instock","20":"taxable","21":"shipping-taxable","22":"purchasable","23":"product-type-variable"},"_links":{"self":[{"href":"https:\/\/schuhewiebarfuss.at\/shop\/wp-json\/wp\/v2\/product\/484088","targetHints":{"allow":["GET"]}}],"collection":[{"href":"https:\/\/schuhewiebarfuss.at\/shop\/wp-json\/wp\/v2\/product"}],"about":[{"href":"https:\/\/schuhewiebarfuss.at\/shop\/wp-json\/wp\/v2\/types\/product"}],"replies":[{"embeddable":true,"href":"https:\/\/schuhewiebarfuss.at\/shop\/wp-json\/wp\/v2\/comments?post=484088"}],"wp:featuredmedia":[{"embeddable":true,"href":"https:\/\/schuhewiebarfuss.at\/shop\/wp-json\/wp\/v2\/media\/484087"}],"wp:attachment":[{"href":"https:\/\/schuhewiebarfuss.at\/shop\/wp-json\/wp\/v2\/media?parent=484088"}],"wp:term":[{"taxonomy":"product_brand","embeddable":true,"href":"https:\/\/schuhewiebarfuss.at\/shop\/wp-json\/wp\/v2\/product_brand?post=484088"},{"taxonomy":"product_cat","embeddable":true,"href":"https:\/\/schuhewiebarfuss.at\/shop\/wp-json\/wp\/v2\/product_cat?post=484088"},{"taxonomy":"product_tag","embeddable":true,"href":"https:\/\/schuhewiebarfuss.at\/shop\/wp-json\/wp\/v2\/product_tag?post=484088"}],"curies":[{"name":"wp","href":"https:\/\/api.w.org\/{rel}","templated":true}]}}