{"id":484005,"date":"2024-04-10T20:50:44","date_gmt":"2024-04-10T18:50:44","guid":{"rendered":"https:\/\/schuhewiebarfuss.at\/shop\/produkt\/milo-hydro-tex\/"},"modified":"2026-03-01T09:17:20","modified_gmt":"2026-03-01T08:17:20","slug":"milo-hydro-tex","status":"publish","type":"product","link":"https:\/\/schuhewiebarfuss.at\/shop\/produkt\/milo-hydro-tex\/","title":{"rendered":"Milo Hydro Tex"},"content":{"rendered":"<p>Die Booties Milo Hydro Tex in blau aus der KOEL Barefoot Kollektion f\u00fcr Kinder sind eine gute Wahl, weil es f\u00fcr die Kinder leicht ist, die Balance zu halten durch die ultra flexible Sohle.<br \/>\nDie Sohle geht \u00fcber die Schuhspitze und sch\u00fctzt vor St\u00f6\u00dfen.<br \/>\nDie Milo Hydro Tex Kinderschuhe geh\u00f6ren der Koel Zero Heel-Kategorie an. Diese sorgt f\u00fcr Bewegungsfreiheit f\u00fcr die F\u00fc\u00dfe und l\u00e4sst das Kind den Boden unter den Schuhen sp\u00fcren. Das Fu\u00dfbett ist von der Ferse bis zu den Zehenspitzen flach.<br \/>\nDer Schuh ist durch das Merinowoll-Futter perfekt f\u00fcr die k\u00fchlere Jahreszeit. <\/p>\n<p>Features: <\/p>\n<p>Obermaterial aus hydrophobiertem Bio Leder &#8211; der Stiefel ist dadurch wasserabweisend und das Leder trocknet schneller und sorgt so f\u00fcr eine bessere W\u00e4rmeregulierung<br \/>\nTex-Membran und Merino-Futter h\u00e4lt die F\u00fc\u00dfe sch\u00f6n warm und trocken 2 Klettverschl\u00fcsse<br \/>\nSohle aus Gummi, rutschfest und ultra flexibel Herausnehmbare Innensohle f\u00fcr die schnelle Pr\u00fcfung, ob der Schuh korrekt passt &#8211; sowohl beim Kauf als auch laufend w\u00e4hrend des Gebrauchs (Kleinkinder ziehen oft die Zehen ein und merken darum nicht, wenn der Schuh zu klein ist)  <\/p>\n<p>Barfu\u00df-Technologie: keine H\u00f6hendifferenz zwischen Ferse und Vorderfu\u00df Frei von sch\u00e4dlichen Materialien (gepr\u00fcft!) <\/p>\n<p>Handmade in Portugal<\/p>\n<p><b>Audio-Beschreibung<\/b><br \/><audio controls src=\"https:\/\/schuhewiebarfuss.at\/shop\/wp-content\/uploads\/lk\/6344_audio.wav\"><br \/>\n                                            Ihr Browser unterst\u00fctzt diese Audio-Ausgabe leider nicht.<br \/>\n                                            <\/ audio ><\/p>\n","protected":false},"excerpt":{"rendered":"<p>&#8211; Coole Boots f\u00fcr Kinder der Marke Koel<br \/>\n&#8211; Glattleder<br \/>\n&#8211; Klettverschluss<\/p>\n<p>Verschluss: Klettverschluss<br \/>\nAbsatzart: Flach<br \/>\nSchuhspitze: Rund<\/p>\n<p>Obermaterial: Leder (Glattleder)<br \/>\nFutter: Sonstiges Material (Wolle)<br \/>\nDecksohle: Sonstiges Material (Sonstiges Material)<br \/>\nLaufsohle: Sonstiges Material (Gummi)<\/p>\n","protected":false},"featured_media":484004,"comment_status":"open","ping_status":"closed","template":"","meta":[],"product_brand":[],"product_cat":[3121],"product_tag":[1479,1544,2758,2895,1600,1395,1396,1397,1398,1399,1400,1401,1402,1403,1404,2778,1450],"class_list":{"0":"post-484005","1":"product","2":"type-product","3":"status-publish","4":"has-post-thumbnail","6":"product_cat-sale","7":"product_tag-farbe-blau","8":"product_tag-farbe-braun","9":"product_tag-farbe-dunkelrosa","10":"product_tag-farbe-khaki","11":"product_tag-farbe-rot","12":"product_tag-groesse-26","13":"product_tag-groesse-27","14":"product_tag-groesse-28","15":"product_tag-groesse-29","16":"product_tag-groesse-30","17":"product_tag-groesse-31","18":"product_tag-groesse-32","19":"product_tag-groesse-33","20":"product_tag-groesse-34","21":"product_tag-groesse-35","22":"product_tag-marke-koel-shoes-international","23":"product_tag-sale","25":"first","26":"instock","27":"sale","28":"taxable","29":"shipping-taxable","30":"purchasable","31":"product-type-variable"},"_links":{"self":[{"href":"https:\/\/schuhewiebarfuss.at\/shop\/wp-json\/wp\/v2\/product\/484005","targetHints":{"allow":["GET"]}}],"collection":[{"href":"https:\/\/schuhewiebarfuss.at\/shop\/wp-json\/wp\/v2\/product"}],"about":[{"href":"https:\/\/schuhewiebarfuss.at\/shop\/wp-json\/wp\/v2\/types\/product"}],"replies":[{"embeddable":true,"href":"https:\/\/schuhewiebarfuss.at\/shop\/wp-json\/wp\/v2\/comments?post=484005"}],"wp:featuredmedia":[{"embeddable":true,"href":"https:\/\/schuhewiebarfuss.at\/shop\/wp-json\/wp\/v2\/media\/484004"}],"wp:attachment":[{"href":"https:\/\/schuhewiebarfuss.at\/shop\/wp-json\/wp\/v2\/media?parent=484005"}],"wp:term":[{"taxonomy":"product_brand","embeddable":true,"href":"https:\/\/schuhewiebarfuss.at\/shop\/wp-json\/wp\/v2\/product_brand?post=484005"},{"taxonomy":"product_cat","embeddable":true,"href":"https:\/\/schuhewiebarfuss.at\/shop\/wp-json\/wp\/v2\/product_cat?post=484005"},{"taxonomy":"product_tag","embeddable":true,"href":"https:\/\/schuhewiebarfuss.at\/shop\/wp-json\/wp\/v2\/product_tag?post=484005"}],"curies":[{"name":"wp","href":"https:\/\/api.w.org\/{rel}","templated":true}]}}