{"id":483879,"date":"2024-04-10T20:39:45","date_gmt":"2024-04-10T18:39:45","guid":{"rendered":"https:\/\/schuhewiebarfuss.at\/shop\/produkt\/mimas-kid-sandal-blau-orange\/"},"modified":"2026-03-01T14:19:46","modified_gmt":"2026-03-01T13:19:46","slug":"mimas-kid-sandal-blau-orange","status":"publish","type":"product","link":"https:\/\/schuhewiebarfuss.at\/shop\/produkt\/mimas-kid-sandal-blau-orange\/","title":{"rendered":"Mimas Kid Sandal Blau\/Orange"},"content":{"rendered":"<p>Kinder haben einen nat\u00fcrlichen Hang zum Toben oder herum laufen. Kinder beginnen mit dem Gehen auf eine nat\u00fcrliche Art.<\/p>\n<p>Die Ferse eines Neugeborenen ist nicht f\u00fcr einen Fersengang konzipiert.<br \/>\nErst Schuhe mit dicken oder zu harten Laufsohlen bringen Kinder in den unnat\u00fcrlichen Fersengang.<\/p>\n<p>Das Modell Mimas ist die neue Outdoorsandale f\u00fcr Kids im coolen Look.<br \/>\nGeschlossene Sole Runner Kinder Barfu\u00dfschuh Sandalen sind bereits ein Klassiker, nun kommt eine &#8222;echte&#8220; Sandale hinzu.<br \/>\nBitte addieren Sie zu der gemessenen Fu\u00dfl\u00e4nge eine Wachstumsreserve von 9-12 mm<\/p>\n<p>Obermaterial: Leder (Wasser abweisend)<br \/>\nInnenfutter: Stoff<br \/>\nVerschluss: Klettverschluss<br \/>\nForm: Vorn breit geschnitten. Die Zehen haben optimale Bewegungsfreiheit<br \/>\nGr\u00f6\u00dfen: 25 &#8211; 35<br \/>\nGewicht: ca. 200gr\/Paar<br \/>\nPflege: Spray<br \/>\nLaufsohle: 3,5 mm Gummi, Non Marking (nicht abf\u00e4rbend).<\/p>\n<p>Erlaubt einen m\u00f6glichst direkten Kontakt zum Boden. Fast wie Gehen auf der eigenen Fu\u00dfsohle<\/p>\n<p>Gr\u00f6\u00dfentabelle bitte beachten! (siehe Bild)<\/p>\n<p>Pflegehinweis:<\/p>\n<p>Ein Nubuk- oder Veloursleder sollte man nicht cr\u00e9men. Hier reicht ein Pflegespray und bei dem etwas raueren Velours empfehlen wir das Material zus\u00e4tzlich mit einer Veloursb\u00fcrste zu behandeln.<\/p>\n<p>Diese B\u00fcrsten gibt es aus Kautschuk oder auch mit einer Draht\/Kunststoff Kombination. Aufgrund des eingearbeiteten Drahtes sollte man diese B\u00fcrste nicht f\u00fcr Glattleder oder Nubukleder verwenden, da dies Kratzer im Obermaterial gibt.<br \/>\nAufgrund Ihrer etwas rauen Eigenschaft sind Velours- oder Nubukleder sehr einfach zu pflegen und geben dem Schuh eine ganz besondere, fast samtig artige Optik.<\/p>\n<p>Unsere Schuhe aus Stoff lassen sich einfach mit Wasser reinigen. Bis auf wenige Modelle sind es Kunststoffmaterialien, die wenig Feuchtigkeit aufnehmen und eine schnelle R\u00fccktrocknung gew\u00e4hrleisten.<br \/>\nWichtig ist auch bei Stoffschuhen, nach der Reinigung der Schuhe, diese mit einem Impr\u00e4gnierspray wieder zu pflegen, um die Eigenschaften aufzufrischen.<\/p>\n<p>Beachte beim Spr\u00fchen von Leder Obermaterialien, dass Leder ein Naturprodukt ist. Durch das Spr\u00fchen \u00f6ffnen sich die Poren und das Impr\u00e4gniermittel kann einziehen. Daher empfiehlt es sich Lederschuhe einige Stunden vor dem Tragen zu impr\u00e4gnieren.<\/p>\n<p><b>Audio-Beschreibung<\/b><br \/><audio controls src=\"https:\/\/schuhewiebarfuss.at\/shop\/wp-content\/uploads\/lk\/9452_audio.wav\"><br \/>\n                                            Ihr Browser unterst\u00fctzt diese Audio-Ausgabe leider nicht.<br \/>\n                                            <\/ audio ><\/p>\n","protected":false},"excerpt":{"rendered":"<p>Die neue Kinder Barfu\u00dfschuh Sandale f\u00fcr alle Kinder, die sich das nat\u00fcrliche Laufen erhalten wollen.<\/p>\n<p>Weite: weit<br \/>\nObermaterial: Leder (Wasser abweisend)<br \/>\nInnenfutter: Stoff<br \/>\nVerschluss: Klettverschluss<br \/>\nForm: Vorn breit geschnitten<\/p>\n","protected":false},"featured_media":483878,"comment_status":"open","ping_status":"closed","template":"","meta":[],"product_brand":[],"product_cat":[3121],"product_tag":[1394,1395,1396,1397,1398,1399,1400,1401,1402,1403,1404,2449,1450],"class_list":{"0":"post-483879","1":"product","2":"type-product","3":"status-publish","4":"has-post-thumbnail","6":"product_cat-sale","7":"product_tag-groesse-25","8":"product_tag-groesse-26","9":"product_tag-groesse-27","10":"product_tag-groesse-28","11":"product_tag-groesse-29","12":"product_tag-groesse-30","13":"product_tag-groesse-31","14":"product_tag-groesse-32","15":"product_tag-groesse-33","16":"product_tag-groesse-34","17":"product_tag-groesse-35","18":"product_tag-marke-sole-runner","19":"product_tag-sale","21":"first","22":"instock","23":"taxable","24":"shipping-taxable","25":"purchasable","26":"product-type-variable"},"_links":{"self":[{"href":"https:\/\/schuhewiebarfuss.at\/shop\/wp-json\/wp\/v2\/product\/483879","targetHints":{"allow":["GET"]}}],"collection":[{"href":"https:\/\/schuhewiebarfuss.at\/shop\/wp-json\/wp\/v2\/product"}],"about":[{"href":"https:\/\/schuhewiebarfuss.at\/shop\/wp-json\/wp\/v2\/types\/product"}],"replies":[{"embeddable":true,"href":"https:\/\/schuhewiebarfuss.at\/shop\/wp-json\/wp\/v2\/comments?post=483879"}],"wp:featuredmedia":[{"embeddable":true,"href":"https:\/\/schuhewiebarfuss.at\/shop\/wp-json\/wp\/v2\/media\/483878"}],"wp:attachment":[{"href":"https:\/\/schuhewiebarfuss.at\/shop\/wp-json\/wp\/v2\/media?parent=483879"}],"wp:term":[{"taxonomy":"product_brand","embeddable":true,"href":"https:\/\/schuhewiebarfuss.at\/shop\/wp-json\/wp\/v2\/product_brand?post=483879"},{"taxonomy":"product_cat","embeddable":true,"href":"https:\/\/schuhewiebarfuss.at\/shop\/wp-json\/wp\/v2\/product_cat?post=483879"},{"taxonomy":"product_tag","embeddable":true,"href":"https:\/\/schuhewiebarfuss.at\/shop\/wp-json\/wp\/v2\/product_tag?post=483879"}],"curies":[{"name":"wp","href":"https:\/\/api.w.org\/{rel}","templated":true}]}}