{"id":483816,"date":"2024-04-10T20:34:44","date_gmt":"2024-04-10T18:34:44","guid":{"rendered":"https:\/\/schuhewiebarfuss.at\/shop\/produkt\/oswego-herren-gruen\/"},"modified":"2026-02-28T18:14:55","modified_gmt":"2026-02-28T17:14:55","slug":"oswego-herren-gruen","status":"publish","type":"product","link":"https:\/\/schuhewiebarfuss.at\/shop\/produkt\/oswego-herren-gruen\/","title":{"rendered":"Oswego Herren Gr\u00fcn"},"content":{"rendered":"<p>Was passiert, wenn Sie den pantoffelartigen Komfort eines wasserfesten Strickobermaterials mit der leichten Leistungssohle unserer Speed ??Force kombinieren? <\/p>\n<p>Sie erhalten Oswego &#8211; einen l\u00e4ssigen Slipper, der f\u00fcr VIEL, viel mehr bereit ist.<\/p>\n<p>Just-Right \u201d-Schutz: <\/p>\n<p>Der Oswego verwendet das 4,5-mm-FeelTrue\u00ae-Gummi von unserer Speed ??Force, sodass Sie einen hervorragenden Schutz erhalten und dennoch das Bodenfeedback erhalten, das Ihre F\u00fc\u00dfe lieben. Mit der herausnehmbaren 2-mm-Innensohle k\u00f6nnen Sie zwischen mehr oder weniger \u201eBarfu\u00dfgef\u00fchl\u201c w\u00e4hlen.<\/p>\n<p>Sicheres Gef\u00fchl:<\/p>\n<p>Unsere von der Huarache-Sandale inspirierten Fersen- und Spannriemen halten Ihren Fu\u00df sicher &#8211; mit oder ohne Socken &#8211; und halten Ihre Zehen frei, um sich zu bewegen. Au\u00dferdem besteht der Oswego aus 100% vegan-freundlichen Materialien.<\/p>\n<p><b>Audio-Beschreibung<\/b><br \/><audio controls src=\"https:\/\/schuhewiebarfuss.at\/shop\/wp-content\/uploads\/lk\/5502_audio.wav\"><br \/>\n                                            Ihr Browser unterst\u00fctzt diese Audio-Ausgabe leider nicht.<br \/>\n                                            <\/ audio ><\/p>\n","protected":false},"excerpt":{"rendered":"<p>Obermaterial: Textil\/Mesh<br \/>\nInnenmaterial: Textil\/Mesh<br \/>\nInnensohle: Herausnehmbar<br \/>\nSohle: 4,5-mm-FeelTrue\u00ae-Gummi<br \/>\nVerschlussart: Schn\u00fcrung <\/p>\n<p>Just-Right \u201d-Schutz: <\/p>\n<p>Der Oswego verwendet das 4,5-mm-FeelTrue\u00ae-Gummi von unserer Speed ??Force, sodass Sie einen hervorragenden Schutz erhalten und dennoch das Bodenfeedback erhalten, das Ihre F\u00fc\u00dfe lieben. Mit der herausnehmbaren 2-mm-Innensohle k\u00f6nnen Sie zwischen mehr oder weniger \u201eBarfu\u00dfgef\u00fchl\u201c w\u00e4hlen.<\/p>\n<p>Sicheres Gef\u00fchl:<\/p>\n<p>Unsere von der Huarache-Sandale inspirierten Fersen- und Spannriemen halten Ihren Fu\u00df sicher &#8211; mit oder ohne Socken &#8211; und halten Ihre Zehen frei, um sich zu bewegen. Au\u00dferdem besteht der Oswego aus 100% vegan-freundlichen Materialien.<\/p>\n","protected":false},"featured_media":483815,"comment_status":"open","ping_status":"closed","template":"","meta":[],"product_brand":[],"product_cat":[3121],"product_tag":[1375,1376,1377,1378,1379,1380,1381,1449,2446,1450],"class_list":{"0":"post-483816","1":"product","2":"type-product","3":"status-publish","4":"has-post-thumbnail","6":"product_cat-sale","7":"product_tag-groesse-40","8":"product_tag-groesse-41","9":"product_tag-groesse-42","10":"product_tag-groesse-43","11":"product_tag-groesse-44","12":"product_tag-groesse-45","13":"product_tag-groesse-46","14":"product_tag-groesse-47","15":"product_tag-marke-xero","16":"product_tag-sale","18":"first","19":"instock","20":"taxable","21":"shipping-taxable","22":"purchasable","23":"product-type-variable"},"_links":{"self":[{"href":"https:\/\/schuhewiebarfuss.at\/shop\/wp-json\/wp\/v2\/product\/483816","targetHints":{"allow":["GET"]}}],"collection":[{"href":"https:\/\/schuhewiebarfuss.at\/shop\/wp-json\/wp\/v2\/product"}],"about":[{"href":"https:\/\/schuhewiebarfuss.at\/shop\/wp-json\/wp\/v2\/types\/product"}],"replies":[{"embeddable":true,"href":"https:\/\/schuhewiebarfuss.at\/shop\/wp-json\/wp\/v2\/comments?post=483816"}],"wp:featuredmedia":[{"embeddable":true,"href":"https:\/\/schuhewiebarfuss.at\/shop\/wp-json\/wp\/v2\/media\/483815"}],"wp:attachment":[{"href":"https:\/\/schuhewiebarfuss.at\/shop\/wp-json\/wp\/v2\/media?parent=483816"}],"wp:term":[{"taxonomy":"product_brand","embeddable":true,"href":"https:\/\/schuhewiebarfuss.at\/shop\/wp-json\/wp\/v2\/product_brand?post=483816"},{"taxonomy":"product_cat","embeddable":true,"href":"https:\/\/schuhewiebarfuss.at\/shop\/wp-json\/wp\/v2\/product_cat?post=483816"},{"taxonomy":"product_tag","embeddable":true,"href":"https:\/\/schuhewiebarfuss.at\/shop\/wp-json\/wp\/v2\/product_tag?post=483816"}],"curies":[{"name":"wp","href":"https:\/\/api.w.org\/{rel}","templated":true}]}}