{"id":483708,"date":"2024-04-10T20:26:50","date_gmt":"2024-04-10T18:26:50","guid":{"rendered":"https:\/\/schuhewiebarfuss.at\/shop\/produkt\/naboso-trail-damen-schwarz\/"},"modified":"2026-02-28T18:38:31","modified_gmt":"2026-02-28T17:38:31","slug":"naboso-trail-damen-schwarz","status":"publish","type":"product","link":"https:\/\/schuhewiebarfuss.at\/shop\/produkt\/naboso-trail-damen-schwarz\/","title":{"rendered":"Naboso Trail Damen Schwarz"},"content":{"rendered":"<p>Dr. Emily Splichal hat Naboso\u2122-Technologie (was \u00fcbrigens \u201eBarfu\u00df\u201c auf tschechisch hei\u00dft) erfunden. Es ist das erste Nerven propriozeptive Material, das eingesetzt wurde, um in Schuhen f\u00fcr eine Verbesserung der K\u00f6rperhaltung und Bewegung zu sorgen.<\/p>\n<p>Wir sind stolz, dass wir diese speziellen Naboso\u2122 Innensohlen anbieten k\u00f6nnen und ihr euch \u00fcber  die Vorteile der Stimulation der Fu\u00dfsohle in einem Schuhs freuen k\u00f6nnt.<\/p>\n<p><b>Audio-Beschreibung<\/b><br \/><audio controls src=\"https:\/\/schuhewiebarfuss.at\/shop\/wp-content\/uploads\/lk\/5391_audio.wav\"><br \/>\n                                            Ihr Browser unterst\u00fctzt diese Audio-Ausgabe leider nicht.<br \/>\n                                            <\/ audio ><\/p>\n","protected":false},"excerpt":{"rendered":"<p>Noch mehr Gr\u00fcnde warum du diese Sandalen lieben wirst:<br \/>\n\u00b0 Durch eine spezielle Webtechnik gibt es keine harten Ecken<br \/>\n\u00b0 Durch die Z-f\u00f6rmigen Riemen hast du immer den perfekten Halt im Schuh ohne dich beengt zu f\u00fchlen<br \/>\n\u00b0 Super leicht \u2014 eine Sandale in M9 hat nur rund 150g<br \/>\n\u00b0 \u201cZero-Drop\u201d \u2014 die Ferse steht nicht h\u00f6her im Schuh als die Zehen \u2013 sowie es anatomisch korrekt ist<br \/>\n\u00b0 100% Vegan<br \/>\n\u00b0  Ready to wear \u2014 kein Binden oder kn\u00fcpfen mehr notwendig \u2013 einfach reinschl\u00fcpfen is den Schuh und loslaufen<br \/>\n\u00b0 5,000-Meilen Sohlen Garantie!<\/p>\n","protected":false},"featured_media":483707,"comment_status":"open","ping_status":"closed","template":"","meta":[],"product_brand":[],"product_cat":[3121],"product_tag":[2312,2314,2315,1525,2316,1526,2317,2446,1450],"class_list":{"0":"post-483708","1":"product","2":"type-product","3":"status-publish","4":"has-post-thumbnail","6":"product_cat-sale","7":"product_tag-groesse-35-5","8":"product_tag-groesse-36-5","9":"product_tag-groesse-37-5","10":"product_tag-groesse-38-5","11":"product_tag-groesse-39-5","12":"product_tag-groesse-40-5","13":"product_tag-groesse-41-5","14":"product_tag-marke-xero","15":"product_tag-sale","17":"first","18":"instock","19":"sale","20":"taxable","21":"shipping-taxable","22":"purchasable","23":"product-type-variable"},"_links":{"self":[{"href":"https:\/\/schuhewiebarfuss.at\/shop\/wp-json\/wp\/v2\/product\/483708","targetHints":{"allow":["GET"]}}],"collection":[{"href":"https:\/\/schuhewiebarfuss.at\/shop\/wp-json\/wp\/v2\/product"}],"about":[{"href":"https:\/\/schuhewiebarfuss.at\/shop\/wp-json\/wp\/v2\/types\/product"}],"replies":[{"embeddable":true,"href":"https:\/\/schuhewiebarfuss.at\/shop\/wp-json\/wp\/v2\/comments?post=483708"}],"wp:featuredmedia":[{"embeddable":true,"href":"https:\/\/schuhewiebarfuss.at\/shop\/wp-json\/wp\/v2\/media\/483707"}],"wp:attachment":[{"href":"https:\/\/schuhewiebarfuss.at\/shop\/wp-json\/wp\/v2\/media?parent=483708"}],"wp:term":[{"taxonomy":"product_brand","embeddable":true,"href":"https:\/\/schuhewiebarfuss.at\/shop\/wp-json\/wp\/v2\/product_brand?post=483708"},{"taxonomy":"product_cat","embeddable":true,"href":"https:\/\/schuhewiebarfuss.at\/shop\/wp-json\/wp\/v2\/product_cat?post=483708"},{"taxonomy":"product_tag","embeddable":true,"href":"https:\/\/schuhewiebarfuss.at\/shop\/wp-json\/wp\/v2\/product_tag?post=483708"}],"curies":[{"name":"wp","href":"https:\/\/api.w.org\/{rel}","templated":true}]}}