{"id":483486,"date":"2024-04-10T19:47:45","date_gmt":"2024-04-10T17:47:45","guid":{"rendered":"https:\/\/schuhewiebarfuss.at\/shop\/produkt\/plus12socks-kinder-leon-ringelsocke-sneaker\/"},"modified":"2026-03-01T19:23:20","modified_gmt":"2026-03-01T18:23:20","slug":"plus12socks-kinder-leon-ringelsocke-sneaker","status":"publish","type":"product","link":"https:\/\/schuhewiebarfuss.at\/shop\/produkt\/plus12socks-kinder-leon-ringelsocke-sneaker\/","title":{"rendered":"Plus12socks Kinder: LEON Ringelsocke Sneaker"},"content":{"rendered":"<p>Das Sneaker-Modell von Leon haben wir 2022 in einer kleinen Sonderedition aus Baumwolle gestrickt, um zu testen, ob das jemandem gefallen k\u00f6nnte. Damit ist jetzt Schluss: Die Nachfrage war \u00fcberw\u00e4ltigend!<\/p>\n<p>Und darum gibt es die lustigen Ringelsocken mit einer praktischen knallgr\u00fcnen Lasche im Fersenbereich jetzt auch als Sneaker Version.<\/p>\n<p>Baumwolle: wir kombinieren sie mit modernen Funktionsfasern und holen so das Maximum heraus. Weich, atmungsaktiv, hohe Feuchtigkeitsaufnahme und strapazierf\u00e4hig. \u00d6ko-tex.<\/p>\n<p><b>Audio-Beschreibung<\/b><br \/><audio controls src=\"https:\/\/schuhewiebarfuss.at\/shop\/wp-content\/uploads\/lk\/5639_audio.wav\"><br \/>\n                                            Ihr Browser unterst\u00fctzt diese Audio-Ausgabe leider nicht.<br \/>\n                                            <\/ audio ><\/p>\n","protected":false},"excerpt":{"rendered":"<p>80% Baumwolle, 18% Polyamid, 2% Elasthan<br \/>\nPolsterung: glatt (leicht und luftig)<br \/>\nSchaftl\u00e4nge: Sneaker<\/p>\n","protected":false},"featured_media":483485,"comment_status":"open","ping_status":"closed","template":"","meta":[],"product_brand":[],"product_cat":[858],"product_tag":[1599,1601,1602,1593,1594,1603,1604,2467],"class_list":{"0":"post-483486","1":"product","2":"type-product","3":"status-publish","4":"has-post-thumbnail","6":"product_cat-kinder-1","7":"product_tag-groesse-21-23","8":"product_tag-groesse-24-26","9":"product_tag-groesse-27-29","10":"product_tag-groesse-30-32","11":"product_tag-groesse-33-35","12":"product_tag-groesse-36-38","13":"product_tag-groesse-39-41","14":"product_tag-marke-plus12socks","16":"first","17":"instock","18":"taxable","19":"shipping-taxable","20":"purchasable","21":"product-type-variable"},"_links":{"self":[{"href":"https:\/\/schuhewiebarfuss.at\/shop\/wp-json\/wp\/v2\/product\/483486","targetHints":{"allow":["GET"]}}],"collection":[{"href":"https:\/\/schuhewiebarfuss.at\/shop\/wp-json\/wp\/v2\/product"}],"about":[{"href":"https:\/\/schuhewiebarfuss.at\/shop\/wp-json\/wp\/v2\/types\/product"}],"replies":[{"embeddable":true,"href":"https:\/\/schuhewiebarfuss.at\/shop\/wp-json\/wp\/v2\/comments?post=483486"}],"wp:featuredmedia":[{"embeddable":true,"href":"https:\/\/schuhewiebarfuss.at\/shop\/wp-json\/wp\/v2\/media\/483485"}],"wp:attachment":[{"href":"https:\/\/schuhewiebarfuss.at\/shop\/wp-json\/wp\/v2\/media?parent=483486"}],"wp:term":[{"taxonomy":"product_brand","embeddable":true,"href":"https:\/\/schuhewiebarfuss.at\/shop\/wp-json\/wp\/v2\/product_brand?post=483486"},{"taxonomy":"product_cat","embeddable":true,"href":"https:\/\/schuhewiebarfuss.at\/shop\/wp-json\/wp\/v2\/product_cat?post=483486"},{"taxonomy":"product_tag","embeddable":true,"href":"https:\/\/schuhewiebarfuss.at\/shop\/wp-json\/wp\/v2\/product_tag?post=483486"}],"curies":[{"name":"wp","href":"https:\/\/api.w.org\/{rel}","templated":true}]}}