{"id":483321,"date":"2024-04-10T19:38:14","date_gmt":"2024-04-10T17:38:14","guid":{"rendered":"https:\/\/schuhewiebarfuss.at\/shop\/produkt\/froddo-winter-furry\/"},"modified":"2026-02-28T21:56:44","modified_gmt":"2026-02-28T20:56:44","slug":"froddo-winter-furry","status":"publish","type":"product","link":"https:\/\/schuhewiebarfuss.at\/shop\/produkt\/froddo-winter-furry\/","title":{"rendered":"Froddo Winter Furry"},"content":{"rendered":"<p>Ein bequemer Schuh f\u00fcr die nassen und kalten Tage. Das feine Leder sch\u00fctzt vor Regen und Schnee. F\u00fcr warme F\u00fcsse sorgt das Lammfell. Die Weite der Schuhe kann bequem durch die verschiedenen Klettverschl\u00fcsse eingestellt werden.<\/p>\n<p>Leder, einer der \u00e4ltesten textilen Werkstoffe, ist gegerbte Tierhaut \u2013 ein Naturprodukt! Es bietet in seiner Urform dem Menschen einen atmungsaktiven, wasserdampf-durchl\u00e4ssigen und hautsympathischen Schutz vor K\u00e4lte, N\u00e4sse und m\u00f6glichen Verletzungen am Fuss.<\/p>\n<p>Bei dem Schuh wurde eine Isolationsschicht unter der Basissohle angebracht, die mehr W\u00e4rme im Schuhwerk beh\u00e4lt. Die Sohle mit zus\u00e4tzlicher Haftung ist ideal f\u00fcr alle Untergr\u00fcnde.<\/p>\n<p>ultraleichte, atmungsaktive und bequeme Schuhe mit Gummisohle aus Naturkautschuk<br \/>\nextra flexible Schuhe imitieren das Barfusslaufen<br \/>\nein breiterer Zehenbereich bietet Fussstabilit\u00e4t beim Laufen und f\u00f6rdert nat\u00fcrliche und gesunde Entwicklung der Kinderf\u00fcsse<br \/>\ninnen komplett mit Lammfell gef\u00fcttert<\/p>\n<p><b>Audio-Beschreibung<\/b><br \/><audio controls src=\"https:\/\/schuhewiebarfuss.at\/shop\/wp-content\/uploads\/lk\/6075_audio.wav\"><br \/>\n                                            Ihr Browser unterst\u00fctzt diese Audio-Ausgabe leider nicht.<br \/>\n                                            <\/ audio ><\/p>\n","protected":false},"excerpt":{"rendered":"<p>1) Obermaterial &#8211; Leder<br \/>\n2) Futter &#8211; Lammfell<br \/>\n3) Innensohle &#8211; Lammfell<br \/>\n4) Sohle &#8211; Gummi<\/p>\n","protected":false},"featured_media":483320,"comment_status":"open","ping_status":"closed","template":"","meta":[],"product_brand":[],"product_cat":[848],"product_tag":[1479,1544,1570,1798,1429,1385,1390,1391,1392,1393,1394,1395,1396,1397,1398,1399,1400,1401,1402,1403,1404,1362,1368,1373,1374,1375,2450],"class_list":{"0":"post-483321","1":"product","2":"type-product","3":"status-publish","4":"has-post-thumbnail","6":"product_cat-winterschuhe-1","7":"product_tag-farbe-blau","8":"product_tag-farbe-braun","9":"product_tag-farbe-gruen","10":"product_tag-farbe-hellbraun","11":"product_tag-farbe-hellgrau","12":"product_tag-groesse-20","13":"product_tag-groesse-21","14":"product_tag-groesse-22","15":"product_tag-groesse-23","16":"product_tag-groesse-24","17":"product_tag-groesse-25","18":"product_tag-groesse-26","19":"product_tag-groesse-27","20":"product_tag-groesse-28","21":"product_tag-groesse-29","22":"product_tag-groesse-30","23":"product_tag-groesse-31","24":"product_tag-groesse-32","25":"product_tag-groesse-33","26":"product_tag-groesse-34","27":"product_tag-groesse-35","28":"product_tag-groesse-36","29":"product_tag-groesse-37","30":"product_tag-groesse-38","31":"product_tag-groesse-39","32":"product_tag-groesse-40","33":"product_tag-marke-froddo-ivancia-d-d","35":"first","36":"instock","37":"taxable","38":"shipping-taxable","39":"purchasable","40":"product-type-variable"},"_links":{"self":[{"href":"https:\/\/schuhewiebarfuss.at\/shop\/wp-json\/wp\/v2\/product\/483321","targetHints":{"allow":["GET"]}}],"collection":[{"href":"https:\/\/schuhewiebarfuss.at\/shop\/wp-json\/wp\/v2\/product"}],"about":[{"href":"https:\/\/schuhewiebarfuss.at\/shop\/wp-json\/wp\/v2\/types\/product"}],"replies":[{"embeddable":true,"href":"https:\/\/schuhewiebarfuss.at\/shop\/wp-json\/wp\/v2\/comments?post=483321"}],"wp:featuredmedia":[{"embeddable":true,"href":"https:\/\/schuhewiebarfuss.at\/shop\/wp-json\/wp\/v2\/media\/483320"}],"wp:attachment":[{"href":"https:\/\/schuhewiebarfuss.at\/shop\/wp-json\/wp\/v2\/media?parent=483321"}],"wp:term":[{"taxonomy":"product_brand","embeddable":true,"href":"https:\/\/schuhewiebarfuss.at\/shop\/wp-json\/wp\/v2\/product_brand?post=483321"},{"taxonomy":"product_cat","embeddable":true,"href":"https:\/\/schuhewiebarfuss.at\/shop\/wp-json\/wp\/v2\/product_cat?post=483321"},{"taxonomy":"product_tag","embeddable":true,"href":"https:\/\/schuhewiebarfuss.at\/shop\/wp-json\/wp\/v2\/product_tag?post=483321"}],"curies":[{"name":"wp","href":"https:\/\/api.w.org\/{rel}","templated":true}]}}