{"id":483248,"date":"2024-04-10T19:33:51","date_gmt":"2024-04-10T17:33:51","guid":{"rendered":"https:\/\/schuhewiebarfuss.at\/shop\/produkt\/hermelin\/"},"modified":"2026-03-07T18:45:20","modified_gmt":"2026-03-07T17:45:20","slug":"hermelin","status":"publish","type":"product","link":"https:\/\/schuhewiebarfuss.at\/shop\/produkt\/hermelin\/","title":{"rendered":"Hermelin"},"content":{"rendered":"<p>Die neuen hohen Winterstiefel \u201eHermelin\u201c sind f\u00fcr alle kreiert, die es gerne kuschelig m\u00f6gen. Der obere Teil aus Vlies und Wolle w\u00e4rmt perfekt die Waden, verleiht ein kuschelig weiches Gef\u00fchl und ist noch dazu absolut im Trend. Gleichzeitig werden die F\u00fc\u00dfe von unten so gut wie m\u00f6glich vor K\u00e4lte, N\u00e4sse und anderen Strapazen gesch\u00fctzt. Wir benutzen f\u00fcr das Modell sowohl ein TEX-Membran als auch innovatives PVC Nappaleder, das als sehr strapazierf\u00e4hig, kratzfest, wasser- und schmutzabweisend gilt. Au\u00dferdem besitzt das Material eine sch\u00f6ne matte Optik, was dem Schuh eine besondere Optik verleiht. Zudem besitzen die Stiefel nat\u00fcrlich auch unsere rutschfeste Wintersohle, die gelichzeitig sehr flexibel ist und gesundes Barfu\u00dflaufen erm\u00f6glicht.<\/p>\n<p><b>Audio-Beschreibung<\/b><br \/><audio controls src=\"https:\/\/schuhewiebarfuss.at\/shop\/wp-content\/uploads\/lk\/6010_audio.wav\"><br \/>\n                                            Ihr Browser unterst\u00fctzt diese Audio-Ausgabe leider nicht.<br \/>\n                                            <\/ audio ><\/p>\n","protected":false},"excerpt":{"rendered":"<p>Futter: Wolle (mulesing free)<br \/>\nInnensohle: Wolle (mulesing free)<br \/>\nLaufsohle: TPU<br \/>\nObermaterial: PVC Nappa \/ Vlies \/ Tex Membrane<br \/>\nWasserdicht<br \/>\nVerschlussart: Rei\u00dfverschluss<\/p>\n","protected":false},"featured_media":483247,"comment_status":"open","ping_status":"closed","template":"","meta":[],"product_brand":[],"product_cat":[848],"product_tag":[2232,2233,1798,2907,1393,1394,1395,1396,1397,1398,1399,1400,1401,1402,1403,1404,1362,1368,1373,1374,1375,2447],"class_list":{"0":"post-483248","1":"product","2":"type-product","3":"status-publish","4":"has-post-thumbnail","6":"product_cat-winterschuhe-1","7":"product_tag-farbe-dunkelbraun","8":"product_tag-farbe-dunkelrot","9":"product_tag-farbe-hellbraun","10":"product_tag-farbe-marine","11":"product_tag-groesse-24","12":"product_tag-groesse-25","13":"product_tag-groesse-26","14":"product_tag-groesse-27","15":"product_tag-groesse-28","16":"product_tag-groesse-29","17":"product_tag-groesse-30","18":"product_tag-groesse-31","19":"product_tag-groesse-32","20":"product_tag-groesse-33","21":"product_tag-groesse-34","22":"product_tag-groesse-35","23":"product_tag-groesse-36","24":"product_tag-groesse-37","25":"product_tag-groesse-38","26":"product_tag-groesse-39","27":"product_tag-groesse-40","28":"product_tag-marke-blifestyle","30":"first","31":"instock","32":"taxable","33":"shipping-taxable","34":"purchasable","35":"product-type-variable"},"_links":{"self":[{"href":"https:\/\/schuhewiebarfuss.at\/shop\/wp-json\/wp\/v2\/product\/483248","targetHints":{"allow":["GET"]}}],"collection":[{"href":"https:\/\/schuhewiebarfuss.at\/shop\/wp-json\/wp\/v2\/product"}],"about":[{"href":"https:\/\/schuhewiebarfuss.at\/shop\/wp-json\/wp\/v2\/types\/product"}],"replies":[{"embeddable":true,"href":"https:\/\/schuhewiebarfuss.at\/shop\/wp-json\/wp\/v2\/comments?post=483248"}],"wp:featuredmedia":[{"embeddable":true,"href":"https:\/\/schuhewiebarfuss.at\/shop\/wp-json\/wp\/v2\/media\/483247"}],"wp:attachment":[{"href":"https:\/\/schuhewiebarfuss.at\/shop\/wp-json\/wp\/v2\/media?parent=483248"}],"wp:term":[{"taxonomy":"product_brand","embeddable":true,"href":"https:\/\/schuhewiebarfuss.at\/shop\/wp-json\/wp\/v2\/product_brand?post=483248"},{"taxonomy":"product_cat","embeddable":true,"href":"https:\/\/schuhewiebarfuss.at\/shop\/wp-json\/wp\/v2\/product_cat?post=483248"},{"taxonomy":"product_tag","embeddable":true,"href":"https:\/\/schuhewiebarfuss.at\/shop\/wp-json\/wp\/v2\/product_tag?post=483248"}],"curies":[{"name":"wp","href":"https:\/\/api.w.org\/{rel}","templated":true}]}}