{"id":483215,"date":"2024-04-10T19:29:44","date_gmt":"2024-04-10T17:29:44","guid":{"rendered":"https:\/\/schuhewiebarfuss.at\/shop\/produkt\/froddo-prewalkers-sandal\/"},"modified":"2026-03-31T19:00:12","modified_gmt":"2026-03-31T17:00:12","slug":"froddo-prewalkers-sandal","status":"publish","type":"product","link":"https:\/\/schuhewiebarfuss.at\/shop\/produkt\/froddo-prewalkers-sandal\/","title":{"rendered":"Froddo Prewalkers Sandal"},"content":{"rendered":"<p>Die Prewalkers-Sandale ist neu in der Froddo-Familie und hat doppelte Klettverschl\u00fcsse, die gr\u00f6\u00dfere \u00d6ffnungen erm\u00f6glichen. Ideal f\u00fcr mittlere bis breite F\u00fc\u00dfe mit hohem Rist.<\/p>\n<p>Froddo Prewalkers sind aus weichem, atmungsaktivem und bequemem Naturleder gefertigt. Die rutschfeste Gummisohle sorgt f\u00fcr guten Halt und verhindert ein Ausrutschen auf allen Oberfl\u00e4chen, Teppich, Holzb\u00f6den oder Keramikfliesen.<\/p>\n<p>\u00dcber Froddo-Schuhe: Gem\u00e4\u00df den strengen EU-Vorschriften sind die Materialien der Froddo-Schuhe frei von Schadstoffen, Schwermetallen und Chrom-VI-Verbindungen. Froddo k\u00fcmmert sich genauso um die Umwelt wie um die Gesundheit Ihres Kindes.<\/p>\n<p>Schuhpflege: Zur Pflege von pflanzlich gegerbtem Naturleder nur mit einem trockenen Tuch. Die Pflege des Leders mit Wasser und verschiedenen Schuhreinigern kann zu Farbsch\u00e4den und zum Verlust der antibakteriellen und antiallergischen Eigenschaften f\u00fchren. Das Produkt ist f\u00fcr trockene Wetterbedingungen bestimmt. Die atmosph\u00e4rischen Bedingungen k\u00f6nnen die Farb\u00e4nderung beeinflussen.<\/p>\n<p>Materialdetails:<\/p>\n<p>Obermaterial: pflanzlich gegerbtes Leder<br \/>\nInnenfutter: chromfreies Leder<br \/>\nSohle: 2 mm TPR-Sohle (Gummi)<br \/>\nInnensohle: Leder<br \/>\nAbsatz: Nullabsatz, keine H\u00f6hendifferenz zwischen Ferse und Vorderfu\u00df<br \/>\nVerschluss: Klettverschluss<br \/>\nPassform: mittel bis breit F\u00fc\u00dfe und hoher Spann<br \/>\nBesonderheiten: keine verst\u00e4rkte Ferse, extra flexible Sohle<br \/>\nMaterialhinweis: Frei von sch\u00e4dlichen Materialien (gepr\u00fcft!)<br \/>\nHergestellt in Kroatien<\/p>\n<p>Innensohle &#8211; L\u00e4nge\/Breite (mm):<\/p>\n<p>Gr\u00f6\u00dfe: 17 &#8211; L\u00e4nge: 111 mm &#8211; Breite: 53 mm<br \/>\nGr\u00f6\u00dfe: 18 &#8211; L\u00e4nge: 116 mm &#8211; Breite: 54 mm<br \/>\nGr\u00f6\u00dfe: 19 &#8211; L\u00e4nge: 120 mm &#8211; Breite: 55 mm<br \/>\nGr\u00f6\u00dfe: 20 &#8211; L\u00e4nge: 126 mm &#8211; Breite: 57 mm<br \/>\nGr\u00f6\u00dfe: 21 &#8211; L\u00e4nge: 132 mm &#8211; Breite: 62 mm<br \/>\nGr\u00f6\u00dfe: 22 &#8211; L\u00e4nge: 140 mm &#8211; Breite: 63 mm<br \/>\nGr\u00f6\u00dfe: 23 &#8211; L\u00e4nge: 144 mm &#8211; Breite: 65 mm<br \/>\nGr\u00f6\u00dfe: 24 &#8211; L\u00e4nge: 150 mm &#8211; Breite: 67 mm<\/p>\n<p><b>Audio-Beschreibung<\/b><br \/><audio controls src=\"https:\/\/schuhewiebarfuss.at\/shop\/wp-content\/uploads\/lk\/6328_audio.wav\"><br \/>\n                                            Ihr Browser unterst\u00fctzt diese Audio-Ausgabe leider nicht.<br \/>\n                                            <\/ audio ><\/p>\n","protected":false},"excerpt":{"rendered":"<p>Froddo PREWALKERS SANDAL Lauflern-Sandale<\/p>\n<p>Obermaterial: Leder<br \/>\nInnenfutter: Leder<br \/>\nSohle: TPR-Sohle<br \/>\nInnensohle: Leder<br \/>\nAbsatz: Nullabsatz<br \/>\nVerschluss: Klettverschluss<br \/>\nPassform: mittel bis breit, hoher Spann<br \/>\nBesonderheiten: keine verst\u00e4rkte Ferse, extra flexible Sohle<br \/>\nMaterialhinweis: frei von Schadstoffen<br \/>\nHergestellt in Kroatien<\/p>\n","protected":false},"featured_media":587455,"comment_status":"open","ping_status":"closed","template":"","meta":[],"product_brand":[],"product_cat":[3121],"product_tag":[1479,1544,2758,1570,2308,1600,1413,1549,1550,1483,1385,1390,1391,1392,1393,2450,1450],"class_list":{"0":"post-483215","1":"product","2":"type-product","3":"status-publish","4":"has-post-thumbnail","6":"product_cat-sale","7":"product_tag-farbe-blau","8":"product_tag-farbe-braun","9":"product_tag-farbe-dunkelrosa","10":"product_tag-farbe-gruen","11":"product_tag-farbe-rosa","12":"product_tag-farbe-rot","13":"product_tag-farbe-tuerkis","14":"product_tag-groesse-17","15":"product_tag-groesse-18","16":"product_tag-groesse-19","17":"product_tag-groesse-20","18":"product_tag-groesse-21","19":"product_tag-groesse-22","20":"product_tag-groesse-23","21":"product_tag-groesse-24","22":"product_tag-marke-froddo-ivancia-d-d","23":"product_tag-sale","25":"first","26":"instock","27":"sale","28":"taxable","29":"shipping-taxable","30":"purchasable","31":"product-type-variable"},"_links":{"self":[{"href":"https:\/\/schuhewiebarfuss.at\/shop\/wp-json\/wp\/v2\/product\/483215","targetHints":{"allow":["GET"]}}],"collection":[{"href":"https:\/\/schuhewiebarfuss.at\/shop\/wp-json\/wp\/v2\/product"}],"about":[{"href":"https:\/\/schuhewiebarfuss.at\/shop\/wp-json\/wp\/v2\/types\/product"}],"replies":[{"embeddable":true,"href":"https:\/\/schuhewiebarfuss.at\/shop\/wp-json\/wp\/v2\/comments?post=483215"}],"wp:featuredmedia":[{"embeddable":true,"href":"https:\/\/schuhewiebarfuss.at\/shop\/wp-json\/wp\/v2\/media\/587455"}],"wp:attachment":[{"href":"https:\/\/schuhewiebarfuss.at\/shop\/wp-json\/wp\/v2\/media?parent=483215"}],"wp:term":[{"taxonomy":"product_brand","embeddable":true,"href":"https:\/\/schuhewiebarfuss.at\/shop\/wp-json\/wp\/v2\/product_brand?post=483215"},{"taxonomy":"product_cat","embeddable":true,"href":"https:\/\/schuhewiebarfuss.at\/shop\/wp-json\/wp\/v2\/product_cat?post=483215"},{"taxonomy":"product_tag","embeddable":true,"href":"https:\/\/schuhewiebarfuss.at\/shop\/wp-json\/wp\/v2\/product_tag?post=483215"}],"curies":[{"name":"wp","href":"https:\/\/api.w.org\/{rel}","templated":true}]}}