{"id":483024,"date":"2024-04-10T19:16:42","date_gmt":"2024-04-10T17:16:42","guid":{"rendered":"https:\/\/schuhewiebarfuss.at\/shop\/produkt\/primus-lite-ii-all-weather-damen\/"},"modified":"2026-03-01T17:29:44","modified_gmt":"2026-03-01T16:29:44","slug":"primus-lite-ii-all-weather-damen","status":"publish","type":"product","link":"https:\/\/schuhewiebarfuss.at\/shop\/produkt\/primus-lite-ii-all-weather-damen\/","title":{"rendered":"Primus Lite II All Weather Damen"},"content":{"rendered":"<p>Der PRIMUS LITE II ALL WEATHER ist unsere Vision, den leichtesten Winterschuh am Markt zu kreieren.<\/p>\n<p>Mit einem neuem, veganem, wasserabweisenden Mesh Obermaterial aus recycelten PET Flaschen, bietet dieser Schuh an kalten und nassen Tagen besten Schutz. Unsere patentierte, durchsto\u00dffeste 3mm On-Road Sohle bietet bestes Barfu\u00dfgef\u00fchl auch in der kalten Jahreszeit. Die herausnehmbare 3mm Performance Einlegesohle biete \u201eBarfu\u00dfschuh-Anf\u00e4nger\u201c einen einfacheren Einstieg in das Barfu\u00dfgehen sowie Schutz vor k\u00e4lteren Boden-Temperaturen.<\/p>\n<p>Der PRIMUS LITE II ALL WEATHER ist der ideale Schuh f\u00fcr alle die auch in der kalten Jahreszeit den Komfort eines leichten, Barfu\u00df-Sneaker nicht missen wollen!<\/p>\n<p><b>Audio-Beschreibung<\/b><br \/><audio controls src=\"https:\/\/schuhewiebarfuss.at\/shop\/wp-content\/uploads\/lk\/6177_audio.wav\"><br \/>\n                                            Ihr Browser unterst\u00fctzt diese Audio-Ausgabe leider nicht.<br \/>\n                                            <\/ audio ><\/p>\n","protected":false},"excerpt":{"rendered":"<p>Obermaterial: Atmungsaktives, wasserabweisendes Mesh aus recycelten PET Flaschen.<br \/>\nInnensohle: Herausnehmbare, 3mm Ortholite Einlegesohle aus recycelten Materialien.<br \/>\nAu\u00dfensohle: patentierte, durchsto\u00dffeste, 3mm On-Road PRO5 ACTIV-SOLE<br \/>\nSchn\u00fcrschuh<br \/>\n100% Vegan<br \/>\nWinterfest<\/p>\n","protected":false},"featured_media":483023,"comment_status":"open","ping_status":"closed","template":"","meta":[],"product_brand":[],"product_cat":[3121],"product_tag":[1371,1408,1362,1368,1373,1374,1375,1376,1377,2451,1450],"class_list":{"0":"post-483024","1":"product","2":"type-product","3":"status-publish","4":"has-post-thumbnail","6":"product_cat-sale","7":"product_tag-farbe-grau","8":"product_tag-farbe-schwarz","9":"product_tag-groesse-36","10":"product_tag-groesse-37","11":"product_tag-groesse-38","12":"product_tag-groesse-39","13":"product_tag-groesse-40","14":"product_tag-groesse-41","15":"product_tag-groesse-42","16":"product_tag-marke-vivobarefoot","17":"product_tag-sale","19":"first","20":"instock","21":"taxable","22":"shipping-taxable","23":"purchasable","24":"product-type-variable"},"_links":{"self":[{"href":"https:\/\/schuhewiebarfuss.at\/shop\/wp-json\/wp\/v2\/product\/483024","targetHints":{"allow":["GET"]}}],"collection":[{"href":"https:\/\/schuhewiebarfuss.at\/shop\/wp-json\/wp\/v2\/product"}],"about":[{"href":"https:\/\/schuhewiebarfuss.at\/shop\/wp-json\/wp\/v2\/types\/product"}],"replies":[{"embeddable":true,"href":"https:\/\/schuhewiebarfuss.at\/shop\/wp-json\/wp\/v2\/comments?post=483024"}],"wp:featuredmedia":[{"embeddable":true,"href":"https:\/\/schuhewiebarfuss.at\/shop\/wp-json\/wp\/v2\/media\/483023"}],"wp:attachment":[{"href":"https:\/\/schuhewiebarfuss.at\/shop\/wp-json\/wp\/v2\/media?parent=483024"}],"wp:term":[{"taxonomy":"product_brand","embeddable":true,"href":"https:\/\/schuhewiebarfuss.at\/shop\/wp-json\/wp\/v2\/product_brand?post=483024"},{"taxonomy":"product_cat","embeddable":true,"href":"https:\/\/schuhewiebarfuss.at\/shop\/wp-json\/wp\/v2\/product_cat?post=483024"},{"taxonomy":"product_tag","embeddable":true,"href":"https:\/\/schuhewiebarfuss.at\/shop\/wp-json\/wp\/v2\/product_tag?post=483024"}],"curies":[{"name":"wp","href":"https:\/\/api.w.org\/{rel}","templated":true}]}}