{"id":482997,"date":"2024-04-10T19:14:17","date_gmt":"2024-04-10T17:14:17","guid":{"rendered":"https:\/\/schuhewiebarfuss.at\/shop\/produkt\/tari-damen\/"},"modified":"2026-03-16T18:28:53","modified_gmt":"2026-03-16T17:28:53","slug":"tari-damen","status":"publish","type":"product","link":"https:\/\/schuhewiebarfuss.at\/shop\/produkt\/tari-damen\/","title":{"rendered":"Tari Damen"},"content":{"rendered":"<p>Der Tari ist eine klassische Stieflette f\u00fcr den \u00dcbergang im Chelsea-Boot-Style aus weichem Leder. Mit dem einstellbaren Riemen an der Ferse, kannst du den Schuh noch besser an deinen Fu\u00df anpassen.<\/p>\n<p>Der Tari ist nach dem Vorg\u00e4ngermodell Vienna aus Canvas der n\u00e4chste geniale \u00dcbergangsschuh des Barfu\u00dfsportsandalen Innovators Xero und kommt mit einer 5,5mm Sohle + herausnehmbaren 2mm Einlegesohle daher, die Barfu\u00dfeinsteiger begeistern und Barfu\u00dfprofis \u00fcberraschen wird.<\/p>\n<p>Nach kurzem Eintragen ist der Schuh weich und flexibel. Die Sohle hat ein gutes Profil und bietet ausgesprochen guten Grip \u2013 der Wanderschuh  Daylite Hiker ist mit der gleichen Sohle ausgestattet.<\/p>\n<p>Die Zehenbox ist angenehm und das Leder pflegeleicht. Der Tari kann unter warmen Wasser und mit milder Seife gereinigt werden. Bitte lass den Schuh im Anschluss Lufttrockenen (nicht direkt bei\/ auf der Heizung).<\/p>\n<p><b>Audio-Beschreibung<\/b><br \/><audio controls src=\"https:\/\/schuhewiebarfuss.at\/shop\/wp-content\/uploads\/lk\/5984_audio.wav\"><br \/>\n                                            Ihr Browser unterst\u00fctzt diese Audio-Ausgabe leider nicht.<br \/>\n                                            <\/ audio ><\/p>\n","protected":false},"excerpt":{"rendered":"<p>Obermaterial: Leder<br \/>\nInnenmaterial: Leder<br \/>\nInnensohle: Herausnehmbar\/Thermo<br \/>\nSohle 5,5mm patentierte  FeelTrue\u00ae  Sohle mit 5 000 Meilen Garantie<br \/>\nVerschlussart: Chelsea-Boot-Style, Schl\u00fcpfschuh <\/p>\n","protected":false},"featured_media":482996,"comment_status":"open","ping_status":"closed","template":"","meta":[],"product_brand":[],"product_cat":[3121],"product_tag":[1544,1408,1362,1368,1373,1374,1375,1376,2317,1377,2446,1450],"class_list":{"0":"post-482997","1":"product","2":"type-product","3":"status-publish","4":"has-post-thumbnail","6":"product_cat-sale","7":"product_tag-farbe-braun","8":"product_tag-farbe-schwarz","9":"product_tag-groesse-36","10":"product_tag-groesse-37","11":"product_tag-groesse-38","12":"product_tag-groesse-39","13":"product_tag-groesse-40","14":"product_tag-groesse-41","15":"product_tag-groesse-41-5","16":"product_tag-groesse-42","17":"product_tag-marke-xero","18":"product_tag-sale","20":"first","21":"instock","22":"sale","23":"taxable","24":"shipping-taxable","25":"purchasable","26":"product-type-variable"},"_links":{"self":[{"href":"https:\/\/schuhewiebarfuss.at\/shop\/wp-json\/wp\/v2\/product\/482997","targetHints":{"allow":["GET"]}}],"collection":[{"href":"https:\/\/schuhewiebarfuss.at\/shop\/wp-json\/wp\/v2\/product"}],"about":[{"href":"https:\/\/schuhewiebarfuss.at\/shop\/wp-json\/wp\/v2\/types\/product"}],"replies":[{"embeddable":true,"href":"https:\/\/schuhewiebarfuss.at\/shop\/wp-json\/wp\/v2\/comments?post=482997"}],"wp:featuredmedia":[{"embeddable":true,"href":"https:\/\/schuhewiebarfuss.at\/shop\/wp-json\/wp\/v2\/media\/482996"}],"wp:attachment":[{"href":"https:\/\/schuhewiebarfuss.at\/shop\/wp-json\/wp\/v2\/media?parent=482997"}],"wp:term":[{"taxonomy":"product_brand","embeddable":true,"href":"https:\/\/schuhewiebarfuss.at\/shop\/wp-json\/wp\/v2\/product_brand?post=482997"},{"taxonomy":"product_cat","embeddable":true,"href":"https:\/\/schuhewiebarfuss.at\/shop\/wp-json\/wp\/v2\/product_cat?post=482997"},{"taxonomy":"product_tag","embeddable":true,"href":"https:\/\/schuhewiebarfuss.at\/shop\/wp-json\/wp\/v2\/product_tag?post=482997"}],"curies":[{"name":"wp","href":"https:\/\/api.w.org\/{rel}","templated":true}]}}