{"id":482826,"date":"2024-04-10T18:47:48","date_gmt":"2024-04-10T16:47:48","guid":{"rendered":"https:\/\/schuhewiebarfuss.at\/shop\/produkt\/tal-kids\/"},"modified":"2026-03-17T18:50:30","modified_gmt":"2026-03-17T17:50:30","slug":"tal-kids","status":"publish","type":"product","link":"https:\/\/schuhewiebarfuss.at\/shop\/produkt\/tal-kids\/","title":{"rendered":"Tal Kids"},"content":{"rendered":"<p>100% SCHURWOLLE<\/p>\n<p>ELASTISCH &amp; BELASTBAR\u00a0&#8211; Wir erzeugen unsere Stoffe selbst und geben uns nur mit der besten Qualit\u00e4t zufrieden. Durch die doppelte Verzwirnung (2 PLY) von hochwertigem Schurwoll-Garn wird die Wolle verfilzt und der einzigartige NANGA Walkfilz entsteht. Diese zwei zus\u00e4tzlichen Schritte in der Herstellung ben\u00f6tigen sehr viel Zeit und jahrelanges Know-How, zeigen aber auf, dass h\u00f6chste Qualit\u00e4t und Tradition f\u00fcr uns ein Selbstverst\u00e4ndnis ist.<\/p>\n<p>100% BIO-BAUMWOLLE<\/p>\n<p>ANTIBAKTERIELL UND LEICHT\u00a0&#8211; Der Superstoff Baumwolle findet in der Textilbranche hohen Anklang. Zurecht: Baumwolle ist nat\u00fcrlich leicht, hautfreundlich und antibakteriell. Dabei bleibt das Material extrem flexibel und f\u00f6rdert so ein angenehmes Tragegef\u00fchl. Baumwolle ist dabei etwas leichter als Walk und w\u00e4rmt die Haut weniger intensiv. Wem die NANGA Walk-Hausschuhe aus Schurwolle im Sommer zu warm sind, findet also hier die perfekte Alternative f\u00fcr die w\u00e4rmeren Monate.<\/p>\n<p>100% NATURKAUTSCHUK<\/p>\n<p>RUTSCHFEST &amp; ROBUST\u00a0&#8211; Die Lamellen unserer patentierten Naturkautschuk-Sohle garantieren einen festen Stand und sind \u00e4u\u00dferst rutschsicher. Die Zwischensohle aus reiner Schurwolle ist mit kleinen Luftkammern ausgestattet &#8211; so erzeugen wir ein weiches Bett und es entsteht ein Gef\u00fchl des Barfu\u00dfgehens.<\/p>\n<p><b>Audio-Beschreibung<\/b><br \/><audio controls src=\"https:\/\/schuhewiebarfuss.at\/shop\/wp-content\/uploads\/lk\/6229_audio.wav\"><br \/>\n                                            Ihr Browser unterst\u00fctzt diese Audio-Ausgabe leider nicht.<br \/>\n                                            <\/ audio ><\/p>\n","protected":false},"excerpt":{"rendered":"<p>Die perfekte Passform gef\u00fcllt mit W\u00e4rme &amp; Komfort f\u00fcr Ihre Liebsten. 100% nat\u00fcrliche Materialien in einem Paar Schuhe. Hergestellt mit Liebe f\u00fcr Ihre ganze Familie.<\/p>\n<p>Obermaterial: Wolle<br \/>\nInnenmaterial: Schurwolle<br \/>\nInnensohle: Schurwolle<br \/>\nSohle: Naturkautschuk<br \/>\nSchuhspitze: Rund<br \/>\nVerschluss: Slip on<br \/>\nDetails: Elastisch<\/p>\n","protected":false},"featured_media":482825,"comment_status":"open","ping_status":"closed","template":"","meta":[],"product_brand":[],"product_cat":[843],"product_tag":[1479,1371,1392,1393,1394,1395,1396,1397,1398,1399,1400,1401,1402,1403,1404,2445],"class_list":{"0":"post-482826","1":"product","2":"type-product","3":"status-publish","4":"has-post-thumbnail","6":"product_cat-hausschuhe-3","7":"product_tag-farbe-blau","8":"product_tag-farbe-grau","9":"product_tag-groesse-23","10":"product_tag-groesse-24","11":"product_tag-groesse-25","12":"product_tag-groesse-26","13":"product_tag-groesse-27","14":"product_tag-groesse-28","15":"product_tag-groesse-29","16":"product_tag-groesse-30","17":"product_tag-groesse-31","18":"product_tag-groesse-32","19":"product_tag-groesse-33","20":"product_tag-groesse-34","21":"product_tag-groesse-35","22":"product_tag-marke-nanga","24":"first","25":"instock","26":"taxable","27":"shipping-taxable","28":"purchasable","29":"product-type-variable"},"_links":{"self":[{"href":"https:\/\/schuhewiebarfuss.at\/shop\/wp-json\/wp\/v2\/product\/482826","targetHints":{"allow":["GET"]}}],"collection":[{"href":"https:\/\/schuhewiebarfuss.at\/shop\/wp-json\/wp\/v2\/product"}],"about":[{"href":"https:\/\/schuhewiebarfuss.at\/shop\/wp-json\/wp\/v2\/types\/product"}],"replies":[{"embeddable":true,"href":"https:\/\/schuhewiebarfuss.at\/shop\/wp-json\/wp\/v2\/comments?post=482826"}],"wp:featuredmedia":[{"embeddable":true,"href":"https:\/\/schuhewiebarfuss.at\/shop\/wp-json\/wp\/v2\/media\/482825"}],"wp:attachment":[{"href":"https:\/\/schuhewiebarfuss.at\/shop\/wp-json\/wp\/v2\/media?parent=482826"}],"wp:term":[{"taxonomy":"product_brand","embeddable":true,"href":"https:\/\/schuhewiebarfuss.at\/shop\/wp-json\/wp\/v2\/product_brand?post=482826"},{"taxonomy":"product_cat","embeddable":true,"href":"https:\/\/schuhewiebarfuss.at\/shop\/wp-json\/wp\/v2\/product_cat?post=482826"},{"taxonomy":"product_tag","embeddable":true,"href":"https:\/\/schuhewiebarfuss.at\/shop\/wp-json\/wp\/v2\/product_tag?post=482826"}],"curies":[{"name":"wp","href":"https:\/\/api.w.org\/{rel}","templated":true}]}}