{"id":482792,"date":"2024-04-10T18:39:48","date_gmt":"2024-04-10T16:39:48","guid":{"rendered":"https:\/\/schuhewiebarfuss.at\/shop\/produkt\/wolf\/"},"modified":"2026-03-01T18:23:17","modified_gmt":"2026-03-01T17:23:17","slug":"wolf","status":"publish","type":"product","link":"https:\/\/schuhewiebarfuss.at\/shop\/produkt\/wolf\/","title":{"rendered":"Wolf"},"content":{"rendered":"<p>Ihr wollt auf tierische Komponenten verzichten? Auch da haben wir eine L\u00f6sung: Unsere veganen, atmungsaktiven Barfu\u00dfschuhe, hergestellt aus einem Microfaser-Textil und einem Futter aus Tencel f\u00fcr absoluten Tragekomfort. Dazu kommen selbstverst\u00e4ndlich sommerliche leuchtende Farben in verschiedenen Konstellationen und wie immer ein ultimatives Barfu\u00dfgef\u00fchl. Durch die Schn\u00fcrung k\u00f6nnen die Schuhe perfekt an den jeweiligen Fu\u00df angepasst werden.<\/p>\n<p><b>Audio-Beschreibung<\/b><br \/><audio controls src=\"https:\/\/schuhewiebarfuss.at\/shop\/wp-content\/uploads\/lk\/6030_audio.wav\"><br \/>\n                                            Ihr Browser unterst\u00fctzt diese Audio-Ausgabe leider nicht.<br \/>\n                                            <\/ audio ><\/p>\n","protected":false},"excerpt":{"rendered":"<p>Obermaterial: Microfaser \/ Textil<br \/>\nInnematerial: Tencel<br \/>\nSohle: 100 % synth. Kautschuk<br \/>\nVerschlussart: Schn\u00fcrung <\/p>\n","protected":false},"featured_media":482791,"comment_status":"open","ping_status":"closed","template":"","meta":[],"product_brand":[],"product_cat":[3121],"product_tag":[1479,1481,1385,1390,1391,1392,1393,1394,1395,1396,1397,1398,1399,2447,1450],"class_list":{"0":"post-482792","1":"product","2":"type-product","3":"status-publish","4":"has-post-thumbnail","6":"product_cat-sale","7":"product_tag-farbe-blau","8":"product_tag-farbe-pink","9":"product_tag-groesse-20","10":"product_tag-groesse-21","11":"product_tag-groesse-22","12":"product_tag-groesse-23","13":"product_tag-groesse-24","14":"product_tag-groesse-25","15":"product_tag-groesse-26","16":"product_tag-groesse-27","17":"product_tag-groesse-28","18":"product_tag-groesse-29","19":"product_tag-groesse-30","20":"product_tag-marke-blifestyle","21":"product_tag-sale","23":"first","24":"instock","25":"taxable","26":"shipping-taxable","27":"purchasable","28":"product-type-variable"},"_links":{"self":[{"href":"https:\/\/schuhewiebarfuss.at\/shop\/wp-json\/wp\/v2\/product\/482792","targetHints":{"allow":["GET"]}}],"collection":[{"href":"https:\/\/schuhewiebarfuss.at\/shop\/wp-json\/wp\/v2\/product"}],"about":[{"href":"https:\/\/schuhewiebarfuss.at\/shop\/wp-json\/wp\/v2\/types\/product"}],"replies":[{"embeddable":true,"href":"https:\/\/schuhewiebarfuss.at\/shop\/wp-json\/wp\/v2\/comments?post=482792"}],"wp:featuredmedia":[{"embeddable":true,"href":"https:\/\/schuhewiebarfuss.at\/shop\/wp-json\/wp\/v2\/media\/482791"}],"wp:attachment":[{"href":"https:\/\/schuhewiebarfuss.at\/shop\/wp-json\/wp\/v2\/media?parent=482792"}],"wp:term":[{"taxonomy":"product_brand","embeddable":true,"href":"https:\/\/schuhewiebarfuss.at\/shop\/wp-json\/wp\/v2\/product_brand?post=482792"},{"taxonomy":"product_cat","embeddable":true,"href":"https:\/\/schuhewiebarfuss.at\/shop\/wp-json\/wp\/v2\/product_cat?post=482792"},{"taxonomy":"product_tag","embeddable":true,"href":"https:\/\/schuhewiebarfuss.at\/shop\/wp-json\/wp\/v2\/product_tag?post=482792"}],"curies":[{"name":"wp","href":"https:\/\/api.w.org\/{rel}","templated":true}]}}