{"id":482670,"date":"2024-04-10T18:35:45","date_gmt":"2024-04-10T16:35:45","guid":{"rendered":"https:\/\/schuhewiebarfuss.at\/shop\/produkt\/froddo-flexy-avi\/"},"modified":"2026-03-11T23:02:02","modified_gmt":"2026-03-11T22:02:02","slug":"froddo-flexy-avi","status":"publish","type":"product","link":"https:\/\/schuhewiebarfuss.at\/shop\/produkt\/froddo-flexy-avi\/","title":{"rendered":"Froddo Flexy Avi"},"content":{"rendered":"<p>Mit diesen luftig-leichten Sandalen von Froddo kann der Sommer endlich kommen!<\/p>\n<p>Sie haben eine extra-flexible 6mm Vibram-Sohle &#8211; weich und langlebig zugleich. Der ergonomische Schnitt ist optimal f\u00fcr gesunde Fu\u00dfentwicklung und -wachstum. Und Dank der beiden Klettverschl\u00fcsse passt sich der Schuh an viele Fu\u00dfformen an. Die froddo\u00ae Barfu\u00df-Sandalen FLEXY AVI unterst\u00fctzen das gesunde Wachstum und damit auch die gesunde Haltung der Kinder. Die Muskulatur wird gest\u00e4rkt, die Bewegungen werden nat\u00fcrlicher und zudem regen sie die Durchblutung an und f\u00f6rdern das Gleichgewicht. <\/p>\n<p>Merkmale<\/p>\n<p>Obermaterial: umweltfreundliches Naturleder Terracare\u00ae<br \/>\nInnenmaterial: Leder (chromfrei)<br \/>\nSohle: flexible Minimalsohle aus &#8222;thermo rubber&#8220;<br \/>\nAbsatz: v\u00f6llig flach, kein Absatz<br \/>\nVerschluss: Klettverschluss<br \/>\nHerstellungsland: Kroatien<\/p>\n<p>besondere Funtionen<\/p>\n<p>&#8211; extra leicht und atmungsaktiv<br \/>\n&#8211; ergonomische Zehenbox<br \/>\n&#8211; ungehemmte Schrittbewegungen m\u00f6glich<br \/>\n&#8211; st\u00e4rkt die Fu\u00dfmuskulatur<br \/>\n&#8211; geringes Gewicht<\/p>\n<p>Tipps zur Schuhpflege:<\/p>\n<p>Zuerst sind von den Lederschuhen Schmutz und R\u00fcckst\u00e4nde alter Schuhcreme mittels eines Schwamms, einer Naturhaarb\u00fcrste oder einem weichen Tuch zu entfernen. Nach dem Reinigen ist eine Schuhcreme d\u00fcnnschichtig und gleichm\u00e4\u00dfig auf die Schuhe aufzutragen. Lassen Sie die Creme eintrocknen und b\u00fcrsten Sie danach noch einmal die Schuhe.<\/p>\n<p><b>Audio-Beschreibung<\/b><br \/><audio controls src=\"https:\/\/schuhewiebarfuss.at\/shop\/wp-content\/uploads\/lk\/6073_audio.wav\"><br \/>\n                                            Ihr Browser unterst\u00fctzt diese Audio-Ausgabe leider nicht.<br \/>\n                                            <\/ audio ><\/p>\n","protected":false},"excerpt":{"rendered":"<p>Kinder Sandalen Barefoot<\/p>\n<p>Obermaterial: Leder<br \/>\nFutter: Chromfreies Leder<br \/>\nSohle: Thermo-Gummi<\/p>\n","protected":false},"featured_media":482669,"comment_status":"open","ping_status":"closed","template":"","meta":[],"product_brand":[],"product_cat":[3121],"product_tag":[1479,1544,1426,1427,1371,1570,2308,1385,1390,1391,1392,1393,1394,1395,1396,1397,1398,1399,1400,1401,1402,1403,1404,2450,1450],"class_list":{"0":"post-482670","1":"product","2":"type-product","3":"status-publish","4":"has-post-thumbnail","6":"product_cat-sale","7":"product_tag-farbe-blau","8":"product_tag-farbe-braun","9":"product_tag-farbe-dunkelblau","10":"product_tag-farbe-gelb","11":"product_tag-farbe-grau","12":"product_tag-farbe-gruen","13":"product_tag-farbe-rosa","14":"product_tag-groesse-20","15":"product_tag-groesse-21","16":"product_tag-groesse-22","17":"product_tag-groesse-23","18":"product_tag-groesse-24","19":"product_tag-groesse-25","20":"product_tag-groesse-26","21":"product_tag-groesse-27","22":"product_tag-groesse-28","23":"product_tag-groesse-29","24":"product_tag-groesse-30","25":"product_tag-groesse-31","26":"product_tag-groesse-32","27":"product_tag-groesse-33","28":"product_tag-groesse-34","29":"product_tag-groesse-35","30":"product_tag-marke-froddo-ivancia-d-d","31":"product_tag-sale","33":"first","34":"instock","35":"taxable","36":"shipping-taxable","37":"purchasable","38":"product-type-variable"},"_links":{"self":[{"href":"https:\/\/schuhewiebarfuss.at\/shop\/wp-json\/wp\/v2\/product\/482670","targetHints":{"allow":["GET"]}}],"collection":[{"href":"https:\/\/schuhewiebarfuss.at\/shop\/wp-json\/wp\/v2\/product"}],"about":[{"href":"https:\/\/schuhewiebarfuss.at\/shop\/wp-json\/wp\/v2\/types\/product"}],"replies":[{"embeddable":true,"href":"https:\/\/schuhewiebarfuss.at\/shop\/wp-json\/wp\/v2\/comments?post=482670"}],"wp:featuredmedia":[{"embeddable":true,"href":"https:\/\/schuhewiebarfuss.at\/shop\/wp-json\/wp\/v2\/media\/482669"}],"wp:attachment":[{"href":"https:\/\/schuhewiebarfuss.at\/shop\/wp-json\/wp\/v2\/media?parent=482670"}],"wp:term":[{"taxonomy":"product_brand","embeddable":true,"href":"https:\/\/schuhewiebarfuss.at\/shop\/wp-json\/wp\/v2\/product_brand?post=482670"},{"taxonomy":"product_cat","embeddable":true,"href":"https:\/\/schuhewiebarfuss.at\/shop\/wp-json\/wp\/v2\/product_cat?post=482670"},{"taxonomy":"product_tag","embeddable":true,"href":"https:\/\/schuhewiebarfuss.at\/shop\/wp-json\/wp\/v2\/product_tag?post=482670"}],"curies":[{"name":"wp","href":"https:\/\/api.w.org\/{rel}","templated":true}]}}