{"id":482599,"date":"2024-04-10T18:28:48","date_gmt":"2024-04-10T16:28:48","guid":{"rendered":"https:\/\/schuhewiebarfuss.at\/shop\/produkt\/gipfel\/"},"modified":"2026-03-12T18:50:43","modified_gmt":"2026-03-12T17:50:43","slug":"gipfel","status":"publish","type":"product","link":"https:\/\/schuhewiebarfuss.at\/shop\/produkt\/gipfel\/","title":{"rendered":"Gipfel"},"content":{"rendered":"<p>Einzigartig in Design und Tragecomfort sind die farbenfrohen Hausschuhe von Nanga.<\/p>\n<p>Sie sind konsequent aus \u00f6kologischen Materialien hergestellt. Die Hausschuhe f\u00fcr den Winter sind aus \u00f6kologischer Schurwolle gefertigt. Die Sommerversion besteht aus Bio-Baumwolle.<\/p>\n<p>Die Sohle der Nanga Schuhe besteht aus 100% Naturkautschuk, der die Sohle rutschfest und unempfindlich gegen\u00fcber Feuchtigkeit macht. Das ist besonders gut, wenn Ihr Kind den Schuh zum Beispiel im Kindergarten tragen soll, wo im Bad ja doch immer mal wieder mit Wasser gespielt wird oder die Winterschuhe in der Garderobe feuchte Stellen hinterlassen.<\/p>\n<p>Zudem ist die Sohle in alle Richtungen sehr biegsam, was ein sehr angenehmes Tragegef\u00fchl macht und dem Barfu\u00dflaufen so nah wie m\u00f6glich kommt.<\/p>\n<p><b>Audio-Beschreibung<\/b><br \/><audio controls src=\"https:\/\/schuhewiebarfuss.at\/shop\/wp-content\/uploads\/lk\/6082_audio.wav\"><br \/>\n                                            Ihr Browser unterst\u00fctzt diese Audio-Ausgabe leider nicht.<br \/>\n                                            <\/ audio ><\/p>\n","protected":false},"excerpt":{"rendered":"<p>Obermaterial: Baumwolle<br \/>\nInnenmaterial:Baumwolle<br \/>\nInnensohle:Baumwolle<br \/>\nSohle:Naturkautschuk<br \/>\nSchuhspitze: Rund<br \/>\nVerschluss: Slip on<br \/>\nDetails: Elastisch<\/p>\n","protected":false},"featured_media":482598,"comment_status":"open","ping_status":"closed","template":"","meta":[],"product_brand":[],"product_cat":[850],"product_tag":[1479,1371,1798,1408,1362,1368,1373,1374,1375,1376,1377,1378,1379,1380,1381,2445,1360],"class_list":{"0":"post-482599","1":"product","2":"type-product","3":"status-publish","4":"has-post-thumbnail","6":"product_cat-hausschuhe-2","7":"product_tag-farbe-blau","8":"product_tag-farbe-grau","9":"product_tag-farbe-hellbraun","10":"product_tag-farbe-schwarz","11":"product_tag-groesse-36","12":"product_tag-groesse-37","13":"product_tag-groesse-38","14":"product_tag-groesse-39","15":"product_tag-groesse-40","16":"product_tag-groesse-41","17":"product_tag-groesse-42","18":"product_tag-groesse-43","19":"product_tag-groesse-44","20":"product_tag-groesse-45","21":"product_tag-groesse-46","22":"product_tag-marke-nanga","23":"product_tag-standard","25":"first","26":"instock","27":"taxable","28":"shipping-taxable","29":"purchasable","30":"product-type-variable"},"_links":{"self":[{"href":"https:\/\/schuhewiebarfuss.at\/shop\/wp-json\/wp\/v2\/product\/482599","targetHints":{"allow":["GET"]}}],"collection":[{"href":"https:\/\/schuhewiebarfuss.at\/shop\/wp-json\/wp\/v2\/product"}],"about":[{"href":"https:\/\/schuhewiebarfuss.at\/shop\/wp-json\/wp\/v2\/types\/product"}],"replies":[{"embeddable":true,"href":"https:\/\/schuhewiebarfuss.at\/shop\/wp-json\/wp\/v2\/comments?post=482599"}],"wp:featuredmedia":[{"embeddable":true,"href":"https:\/\/schuhewiebarfuss.at\/shop\/wp-json\/wp\/v2\/media\/482598"}],"wp:attachment":[{"href":"https:\/\/schuhewiebarfuss.at\/shop\/wp-json\/wp\/v2\/media?parent=482599"}],"wp:term":[{"taxonomy":"product_brand","embeddable":true,"href":"https:\/\/schuhewiebarfuss.at\/shop\/wp-json\/wp\/v2\/product_brand?post=482599"},{"taxonomy":"product_cat","embeddable":true,"href":"https:\/\/schuhewiebarfuss.at\/shop\/wp-json\/wp\/v2\/product_cat?post=482599"},{"taxonomy":"product_tag","embeddable":true,"href":"https:\/\/schuhewiebarfuss.at\/shop\/wp-json\/wp\/v2\/product_tag?post=482599"}],"curies":[{"name":"wp","href":"https:\/\/api.w.org\/{rel}","templated":true}]}}