{"id":482580,"date":"2024-04-10T18:26:42","date_gmt":"2024-04-10T16:26:42","guid":{"rendered":"https:\/\/schuhewiebarfuss.at\/shop\/produkt\/kari-velours\/"},"modified":"2026-03-01T18:46:17","modified_gmt":"2026-03-01T17:46:17","slug":"kari-velours","status":"publish","type":"product","link":"https:\/\/schuhewiebarfuss.at\/shop\/produkt\/kari-velours\/","title":{"rendered":"Kari Velours"},"content":{"rendered":"<p>Der Sole Runner Kari ist der neue Casual Schuh f\u00fcr die k\u00e4ltere Jahreszeit. Mit seinem Innenfutter aus Fleece bietet dieser Barfu\u00dfschuhe ausreichend W\u00e4rme f\u00fcr die Zeit, in der es etwas k\u00e4lter ist.<br \/>\nWie alle Sole Runner Schuhe gew\u00e4hrleistet auch der Kari ein Gehen, fast wie auf der eigenen Fu\u00dfsohle.<br \/>\nDa ein Fu\u00df im Schuh beim Gehen immer noch etwas nach vorn rutscht, bitte zu der gemessenen Fu\u00dfl\u00e4nge noch ca. 3-5 mm addieren.<\/p>\n<p>Obermaterial: Veloursleder, Wasser abweisend<br \/>\nInnenfutter: Fleece<br \/>\nVerschluss: Funktioneller Verschluss: 1-Zug Schn\u00fcrsystem<br \/>\nForm: Weit. (H-Weite) Die Zehen haben optimale Bewegungsfreiheit<br \/>\nGr\u00f6\u00dfen: 36 &#8211; 48<br \/>\nGewicht: Gr. 41: ca. 500 gr.\/Paar<br \/>\nLaufsohle: ca. 6mm Laufsohle Gummi, Non Marking (nicht abf\u00e4rbend). Bietet einen m\u00f6glichst direkten Kontakt zum Boden.<br \/>\nPflege: Impr\u00e4gnierspray, Raulederb\u00fcrste<\/p>\n<p>    Ein eventuell leicht sichtbarer &#8222;transparente Film&#8220; am Sohlen\u00fcbergang ist Silikonfinish und kein Kleberest<br \/>\n    WICHTIG: Obwohl es sich um einen Schuh handelt, sollte man mit dem Mittelfu\u00df auftreten, wie beim barfu\u00df Gehen!<\/p>\n<p><b>Audio-Beschreibung<\/b><br \/><audio controls src=\"https:\/\/schuhewiebarfuss.at\/shop\/wp-content\/uploads\/lk\/6132_audio.wav\"><br \/>\n                                            Ihr Browser unterst\u00fctzt diese Audio-Ausgabe leider nicht.<br \/>\n                                            <\/ audio ><\/p>\n","protected":false},"excerpt":{"rendered":"<p>Barfu\u00dfschuh Kari Velours Unisex<\/p>\n<p>Sole Runner Kari. Der neue Casual Schuh aus Ziegenvelours. Mit dem Kari in 2 Farben und dem d\u00fcnnen Fleece-Innenfutter kann die k\u00e4ltere Jahreszeit kommen. <\/p>\n<p>Weite: H (Weit)<br \/>\nModell: Kari brown Unisex<br \/>\nHersteller: Sole Runner<br \/>\nInhalt. 1 Paar<\/p>\n","protected":false},"featured_media":482579,"comment_status":"open","ping_status":"closed","template":"","meta":[],"product_brand":[],"product_cat":[3121],"product_tag":[1544,1408,1362,1368,1373,1374,1375,1376,1377,1378,1379,1380,1381,1449,2449,1450],"class_list":{"0":"post-482580","1":"product","2":"type-product","3":"status-publish","4":"has-post-thumbnail","6":"product_cat-sale","7":"product_tag-farbe-braun","8":"product_tag-farbe-schwarz","9":"product_tag-groesse-36","10":"product_tag-groesse-37","11":"product_tag-groesse-38","12":"product_tag-groesse-39","13":"product_tag-groesse-40","14":"product_tag-groesse-41","15":"product_tag-groesse-42","16":"product_tag-groesse-43","17":"product_tag-groesse-44","18":"product_tag-groesse-45","19":"product_tag-groesse-46","20":"product_tag-groesse-47","21":"product_tag-marke-sole-runner","22":"product_tag-sale","24":"first","25":"instock","26":"taxable","27":"shipping-taxable","28":"purchasable","29":"product-type-variable"},"_links":{"self":[{"href":"https:\/\/schuhewiebarfuss.at\/shop\/wp-json\/wp\/v2\/product\/482580","targetHints":{"allow":["GET"]}}],"collection":[{"href":"https:\/\/schuhewiebarfuss.at\/shop\/wp-json\/wp\/v2\/product"}],"about":[{"href":"https:\/\/schuhewiebarfuss.at\/shop\/wp-json\/wp\/v2\/types\/product"}],"replies":[{"embeddable":true,"href":"https:\/\/schuhewiebarfuss.at\/shop\/wp-json\/wp\/v2\/comments?post=482580"}],"wp:featuredmedia":[{"embeddable":true,"href":"https:\/\/schuhewiebarfuss.at\/shop\/wp-json\/wp\/v2\/media\/482579"}],"wp:attachment":[{"href":"https:\/\/schuhewiebarfuss.at\/shop\/wp-json\/wp\/v2\/media?parent=482580"}],"wp:term":[{"taxonomy":"product_brand","embeddable":true,"href":"https:\/\/schuhewiebarfuss.at\/shop\/wp-json\/wp\/v2\/product_brand?post=482580"},{"taxonomy":"product_cat","embeddable":true,"href":"https:\/\/schuhewiebarfuss.at\/shop\/wp-json\/wp\/v2\/product_cat?post=482580"},{"taxonomy":"product_tag","embeddable":true,"href":"https:\/\/schuhewiebarfuss.at\/shop\/wp-json\/wp\/v2\/product_tag?post=482580"}],"curies":[{"name":"wp","href":"https:\/\/api.w.org\/{rel}","templated":true}]}}