{"id":482527,"date":"2024-04-10T18:23:43","date_gmt":"2024-04-10T16:23:43","guid":{"rendered":"https:\/\/schuhewiebarfuss.at\/shop\/produkt\/breathable\/"},"modified":"2026-02-28T21:12:51","modified_gmt":"2026-02-28T20:12:51","slug":"breathable","status":"publish","type":"product","link":"https:\/\/schuhewiebarfuss.at\/shop\/produkt\/breathable\/","title":{"rendered":"Breathable"},"content":{"rendered":"<p>Schuhinformation<br \/>\n\u2022einzigartiges Modell &#8211; komplett durchl\u00e4ssig, volle Flexibilit\u00e4t, leichte Instandhaltung<br \/>\n\u2022Obermaterial hochgewichtiges Netzgewebe (ganz durchl\u00e4ssig) AirNet\u00ae<br \/>\n\u2022Unterf\u00fctterung (ganz durchl\u00e4ssig) AirNet\u00ae<\/p>\n<p>Schufunktion<br \/>\n\u2022Genug Platz f\u00fcr Zehen (breite Spitze) &#8211; die Zehen k\u00f6nnen sich ausreichend st\u00fctzen und absto\u00dfen; die Fu\u00dfw\u00f6lbung wird nat\u00fcrlich stimuliert.<br \/>\n\u2022Null Absatz f\u00fcr nat\u00fcrliche Position des Fu\u00dfes \/ K\u00f6rper<br \/>\n\u2022Der Schuh deformiert nicht den Fu\u00df, man f\u00fchlt sich fast wie beim barfu\u00df Laufen.<\/p>\n<p>Herkunft der Materialien \/ Herstellung<br \/>\n\u2022Der Schuh ist aus Komponenten gefertigt, deren Herkunft EU-L\u00e4nder sind.<br \/>\n\u2022Die komplette Herstellung findet ausschlie\u00dflich in der Tschechischen Republik statt.<br \/>\n\u2022Ahinsa Shoes werden per Hand hergestellt!<\/p>\n<p><b>Audio-Beschreibung<\/b><br \/><audio controls src=\"https:\/\/schuhewiebarfuss.at\/shop\/wp-content\/uploads\/lk\/6036_audio.wav\"><br \/>\n                                            Ihr Browser unterst\u00fctzt diese Audio-Ausgabe leider nicht.<br \/>\n                                            <\/ audio ><\/p>\n","protected":false},"excerpt":{"rendered":"<p>\u2022Obermaterial hochgewichtiges Netzgewebe (ganz durchl\u00e4ssig) AirNet\u00ae<br \/>\n\u2022Unterf\u00fctterung (ganz durchl\u00e4ssig) AirNet\u00ae<\/p>\n","protected":false},"featured_media":482526,"comment_status":"open","ping_status":"closed","template":"","meta":[],"product_brand":[],"product_cat":[3121],"product_tag":[1479,1600,1408,1404,1362,1368,1373,1374,1375,1376,1377,1378,1379,1380,1381,1449,1452,2459,1450],"class_list":{"0":"post-482527","1":"product","2":"type-product","3":"status-publish","4":"has-post-thumbnail","6":"product_cat-sale","7":"product_tag-farbe-blau","8":"product_tag-farbe-rot","9":"product_tag-farbe-schwarz","10":"product_tag-groesse-35","11":"product_tag-groesse-36","12":"product_tag-groesse-37","13":"product_tag-groesse-38","14":"product_tag-groesse-39","15":"product_tag-groesse-40","16":"product_tag-groesse-41","17":"product_tag-groesse-42","18":"product_tag-groesse-43","19":"product_tag-groesse-44","20":"product_tag-groesse-45","21":"product_tag-groesse-46","22":"product_tag-groesse-47","23":"product_tag-groesse-48","24":"product_tag-marke-ahinsa","25":"product_tag-sale","27":"first","28":"instock","29":"sale","30":"taxable","31":"shipping-taxable","32":"purchasable","33":"product-type-variable"},"_links":{"self":[{"href":"https:\/\/schuhewiebarfuss.at\/shop\/wp-json\/wp\/v2\/product\/482527","targetHints":{"allow":["GET"]}}],"collection":[{"href":"https:\/\/schuhewiebarfuss.at\/shop\/wp-json\/wp\/v2\/product"}],"about":[{"href":"https:\/\/schuhewiebarfuss.at\/shop\/wp-json\/wp\/v2\/types\/product"}],"replies":[{"embeddable":true,"href":"https:\/\/schuhewiebarfuss.at\/shop\/wp-json\/wp\/v2\/comments?post=482527"}],"wp:featuredmedia":[{"embeddable":true,"href":"https:\/\/schuhewiebarfuss.at\/shop\/wp-json\/wp\/v2\/media\/482526"}],"wp:attachment":[{"href":"https:\/\/schuhewiebarfuss.at\/shop\/wp-json\/wp\/v2\/media?parent=482527"}],"wp:term":[{"taxonomy":"product_brand","embeddable":true,"href":"https:\/\/schuhewiebarfuss.at\/shop\/wp-json\/wp\/v2\/product_brand?post=482527"},{"taxonomy":"product_cat","embeddable":true,"href":"https:\/\/schuhewiebarfuss.at\/shop\/wp-json\/wp\/v2\/product_cat?post=482527"},{"taxonomy":"product_tag","embeddable":true,"href":"https:\/\/schuhewiebarfuss.at\/shop\/wp-json\/wp\/v2\/product_tag?post=482527"}],"curies":[{"name":"wp","href":"https:\/\/api.w.org\/{rel}","templated":true}]}}