{"id":482405,"date":"2024-04-10T18:09:47","date_gmt":"2024-04-10T16:09:47","guid":{"rendered":"https:\/\/schuhewiebarfuss.at\/shop\/produkt\/primus-trail-ii-all-weather-fg-damen\/"},"modified":"2026-03-01T18:56:24","modified_gmt":"2026-03-01T17:56:24","slug":"primus-trail-ii-all-weather-fg-damen","status":"publish","type":"product","link":"https:\/\/schuhewiebarfuss.at\/shop\/produkt\/primus-trail-ii-all-weather-fg-damen\/","title":{"rendered":"Primus Trail II All Weather FG Damen"},"content":{"rendered":"<p>Der neue PRIMUS TRAIL II ALL WEATHER FG ist der ultimative Barfu\u00df-Laufschuh f\u00fcr den Herbst und Winter.<\/p>\n<p>Mit einem neuen, wasserabweisenden Mesh-Obermaterial aus recycelten PET Flaschen bietet dieser Schuh an kalten und nassen Tagen besten Schutz. Unsere patentierte, durchsto\u00dffeste 3mm FG Sohle ist ausgestattet mit 3mm Stollen und erm\u00f6glicht dem PRIMUS TRAIL FG besten Halt auf allen Untergr\u00fcnden.<\/p>\n<p>Die herausnehmbare 3mm Performance Einlegesohle bietet \u201eBarfu\u00dfschuh-Anf\u00e4ngern\u201c einen einfacheren Einstieg in das Barfu\u00dfgehen, sowie Schutz vor k\u00e4lteren Bodentemperaturen.<br \/>\nDas einfache Schnellverschluss-System garantiert eine feste Schn\u00fcrung, wobei die Festigkeit stufenlos eingestellt werden kann.<\/p>\n<p>Mit dem PRIMUS TRAIL II FG ALL WEATHER bist du vom winterlichen Trail-Lauf bis zum Arbeitsweg perfekt ausger\u00fcstet!<\/p>\n<p><b>Audio-Beschreibung<\/b><br \/><audio controls src=\"https:\/\/schuhewiebarfuss.at\/shop\/wp-content\/uploads\/lk\/6224_audio.wav\"><br \/>\n                                            Ihr Browser unterst\u00fctzt diese Audio-Ausgabe leider nicht.<br \/>\n                                            <\/ audio ><\/p>\n","protected":false},"excerpt":{"rendered":"<p>Obermaterial: Atmungsaktives, wasserabweisendes Mesh aus recycelten PET Flaschen<br \/>\nInnensohle: Herausnehmbare, 3mm Ortholite Einlegesohle aus recycelten Materialien.<br \/>\nAu\u00dfensohle: patentierte, durchsto\u00dffeste, PRO5 Firm-Ground-Sohle. 3mm d\u00fcnn mit 3mm Stollen f\u00fcr besten Halt.<br \/>\nSchn\u00fcrung: Schnellverschluss System mit HI-VIZ Schn\u00fcrsenkeln f\u00fcr beste Sichtbarkeit bei Dunkelheit.<br \/>\n100% Vegan<br \/>\nWinterfest<\/p>\n","protected":false},"featured_media":482404,"comment_status":"open","ping_status":"closed","template":"","meta":[],"product_brand":[],"product_cat":[3121],"product_tag":[1371,1480,1408,1362,1368,1373,1374,1375,1376,1377,2451,1450],"class_list":{"0":"post-482405","1":"product","2":"type-product","3":"status-publish","4":"has-post-thumbnail","6":"product_cat-sale","7":"product_tag-farbe-grau","8":"product_tag-farbe-orange","9":"product_tag-farbe-schwarz","10":"product_tag-groesse-36","11":"product_tag-groesse-37","12":"product_tag-groesse-38","13":"product_tag-groesse-39","14":"product_tag-groesse-40","15":"product_tag-groesse-41","16":"product_tag-groesse-42","17":"product_tag-marke-vivobarefoot","18":"product_tag-sale","20":"first","21":"instock","22":"sale","23":"taxable","24":"shipping-taxable","25":"purchasable","26":"product-type-variable"},"_links":{"self":[{"href":"https:\/\/schuhewiebarfuss.at\/shop\/wp-json\/wp\/v2\/product\/482405","targetHints":{"allow":["GET"]}}],"collection":[{"href":"https:\/\/schuhewiebarfuss.at\/shop\/wp-json\/wp\/v2\/product"}],"about":[{"href":"https:\/\/schuhewiebarfuss.at\/shop\/wp-json\/wp\/v2\/types\/product"}],"replies":[{"embeddable":true,"href":"https:\/\/schuhewiebarfuss.at\/shop\/wp-json\/wp\/v2\/comments?post=482405"}],"wp:featuredmedia":[{"embeddable":true,"href":"https:\/\/schuhewiebarfuss.at\/shop\/wp-json\/wp\/v2\/media\/482404"}],"wp:attachment":[{"href":"https:\/\/schuhewiebarfuss.at\/shop\/wp-json\/wp\/v2\/media?parent=482405"}],"wp:term":[{"taxonomy":"product_brand","embeddable":true,"href":"https:\/\/schuhewiebarfuss.at\/shop\/wp-json\/wp\/v2\/product_brand?post=482405"},{"taxonomy":"product_cat","embeddable":true,"href":"https:\/\/schuhewiebarfuss.at\/shop\/wp-json\/wp\/v2\/product_cat?post=482405"},{"taxonomy":"product_tag","embeddable":true,"href":"https:\/\/schuhewiebarfuss.at\/shop\/wp-json\/wp\/v2\/product_tag?post=482405"}],"curies":[{"name":"wp","href":"https:\/\/api.w.org\/{rel}","templated":true}]}}