{"id":482361,"date":"2024-04-10T18:06:34","date_gmt":"2024-04-10T16:06:34","guid":{"rendered":"https:\/\/schuhewiebarfuss.at\/shop\/produkt\/mia-damen-leder-schwarz\/"},"modified":"2026-02-28T18:00:26","modified_gmt":"2026-02-28T17:00:26","slug":"mia-damen-leder-schwarz","status":"publish","type":"product","link":"https:\/\/schuhewiebarfuss.at\/shop\/produkt\/mia-damen-leder-schwarz\/","title":{"rendered":"Mia Damen Leder Schwarz"},"content":{"rendered":"<p>Die Schuhe sind aus Wild Hide Leder. Vivobarefoot verwendet dieses Leder, weil es die \u00f6kologischste Option ist. Das Leder wird so wenig wie m\u00f6glich behandelt und beh\u00e4lt seine nat\u00fcrlichen Eigenschaften. Jedes Paar aus Wildhautleder ist ein Unikat.<\/p>\n<p><b>Audio-Beschreibung<\/b><br \/><audio controls src=\"https:\/\/schuhewiebarfuss.at\/shop\/wp-content\/uploads\/lk\/5064_audio.wav\"><br \/>\n                                            Ihr Browser unterst\u00fctzt diese Audio-Ausgabe leider nicht.<br \/>\n                                            <\/ audio ><\/p>\n","protected":false},"excerpt":{"rendered":"<p>Obermaterial: Pittards Wild Hide Premium-Leder<br \/>\nVerschluss: Schn\u00fcrung<br \/>\nInnensohle: Leder<br \/>\nSohle: 3 mm d\u00fcnn, abriebfest mit Durchstichschutz<br \/>\nHerausnehmbares Innenfutter: nein<\/p>\n","protected":false},"featured_media":482360,"comment_status":"open","ping_status":"closed","template":"","meta":[],"product_brand":[],"product_cat":[3121],"product_tag":[1404,1368,1373,1376,1377,2451,1450],"class_list":{"0":"post-482361","1":"product","2":"type-product","3":"status-publish","4":"has-post-thumbnail","6":"product_cat-sale","7":"product_tag-groesse-35","8":"product_tag-groesse-37","9":"product_tag-groesse-38","10":"product_tag-groesse-41","11":"product_tag-groesse-42","12":"product_tag-marke-vivobarefoot","13":"product_tag-sale","15":"first","16":"instock","17":"taxable","18":"shipping-taxable","19":"purchasable","20":"product-type-variable"},"_links":{"self":[{"href":"https:\/\/schuhewiebarfuss.at\/shop\/wp-json\/wp\/v2\/product\/482361","targetHints":{"allow":["GET"]}}],"collection":[{"href":"https:\/\/schuhewiebarfuss.at\/shop\/wp-json\/wp\/v2\/product"}],"about":[{"href":"https:\/\/schuhewiebarfuss.at\/shop\/wp-json\/wp\/v2\/types\/product"}],"replies":[{"embeddable":true,"href":"https:\/\/schuhewiebarfuss.at\/shop\/wp-json\/wp\/v2\/comments?post=482361"}],"wp:featuredmedia":[{"embeddable":true,"href":"https:\/\/schuhewiebarfuss.at\/shop\/wp-json\/wp\/v2\/media\/482360"}],"wp:attachment":[{"href":"https:\/\/schuhewiebarfuss.at\/shop\/wp-json\/wp\/v2\/media?parent=482361"}],"wp:term":[{"taxonomy":"product_brand","embeddable":true,"href":"https:\/\/schuhewiebarfuss.at\/shop\/wp-json\/wp\/v2\/product_brand?post=482361"},{"taxonomy":"product_cat","embeddable":true,"href":"https:\/\/schuhewiebarfuss.at\/shop\/wp-json\/wp\/v2\/product_cat?post=482361"},{"taxonomy":"product_tag","embeddable":true,"href":"https:\/\/schuhewiebarfuss.at\/shop\/wp-json\/wp\/v2\/product_tag?post=482361"}],"curies":[{"name":"wp","href":"https:\/\/api.w.org\/{rel}","templated":true}]}}