{"id":482308,"date":"2024-04-10T17:54:44","date_gmt":"2024-04-10T15:54:44","guid":{"rendered":"https:\/\/schuhewiebarfuss.at\/shop\/produkt\/flexilaces\/"},"modified":"2026-03-12T18:58:00","modified_gmt":"2026-03-12T17:58:00","slug":"flexilaces","status":"publish","type":"product","link":"https:\/\/schuhewiebarfuss.at\/shop\/produkt\/flexilaces\/","title":{"rendered":"Flexilaces"},"content":{"rendered":"<p>Deine Schuhe k\u00f6nnen nie wieder aufgehen und du kannst bequem und schnell in alle Schuhe hineinschl\u00fcpfen ohne sie binden zu m\u00fcssen. <\/p>\n<p>KEIN BINDEN &#8211; Verliere keine Zeit mit Schuhe binden und erreiche mit FLEXILACES neue Bestzeiten.<\/p>\n<p>KEIN \u00d6FFNEN &#8211; Normale Schuhb\u00e4nder gehen immer zum ung\u00fcnstigsten Zeitpunkt auf. Das kann dir mit FLEXILACES nicht mehr passieren.<\/p>\n<p>KEINE SCHLAUFEN &#8211; Abstehende oder viel zu lange Schn\u00fcrsenkel schauen nicht nur dumm aus, sonder bergen auch eine echte Gefahr zu stolpern.<\/p>\n<p>SICHERER HALT &#8211; Die Ankerst\u00fccke halten das Schuhband dauerhaft in der gleichen Position und  verhindern so ein Aufgehen oder Nachlassen der Spannung.<\/p>\n<p>EINFACH REINSCHL\u00dcPFEN &#8211; Schuhe anziehen dauert nur wenige Sekunden.<\/p>\n<p>SUPER ELASTISCH &#8211; Eine Gewebemischung aus Kautschuk und Polyester erlauben anhaltende Elastizit\u00e4t und Rei\u00dffestigkeit.<\/p>\n<p>SCHICKER &amp; MODERNER LOOK &#8211; Schlaufenlos, ordentlich und stylisch. So m\u00fcssen Schuhe aussehen&#8230;<\/p>\n<p>EINFACH &amp; PRAKTISCH &#8211; Erwachsene, Kinder und Sportler sch\u00e4tzen den Komfort von FLEXILACES im Alltag.<\/p>\n<p>BEREIT F\u00dcR EINEN GANZ NEUEN TRAGEKOMFORT?<\/p>\n<p>STILVOLL\u00a0UND\u00a0FARBENFROH &#8211; Egal ob reflektierende Neonfarben zum auff\u00e4lligen Laufen in der Nacht oder neutrale Farben f\u00fcr ein elegantes Auftreten, FLEXILACES gibt es in allen Facetten!<\/p>\n<p>EINFACH UND SCHNELL &#8211; Die Tage an denen du Knoten l\u00f6sen musstest und Zeit mit Binden verloren hast sind vorbei! Schuhe anziehen in Sekunden!<\/p>\n<p>NIE WIEDER SCHUHE BINDEN &#8211; Spar dir das t\u00e4gliche Schuhe binden! Mit FLEXILACES wird jeder Schuh zum Slip-On. Einfach reinschl\u00fcpfen ohne Zeit mit Schuhebinden zu verlieren. Da es FLEXILACES\u2122 in allen Farben gibt kannst du deinen Schuhen deinen ganz individuellen Look verpassen.<\/p>\n<p>ANGENEHMER UND SICHERER HALT &#8211; Die elastischen Schuhb\u00e4nder sorgen f\u00fcr sicheren Halt, auch bei bei sportlichen Aktivit\u00e4ten. Sie bieten den perfekten Mix aus Tragekomfort und Funktionalit\u00e4t.<\/p>\n<p>BESSER AUSSEHENDE SCHUHE &#8211; Keine herumh\u00e4ngenden und viel zu langen Schn\u00fcrsenkel mehr. Mit FLEXILACES schauen deine Schuhe wirklich so schick aus, wie beim Kauf in der Auslage.<\/p>\n<p>FLEXILACES sehen aus wie normale Schn\u00fcrsenkel, nur ohne Schlaufen.<br \/>\nEinmal fixiert bleibt die Spannung immer gleich.<br \/>\nDie rei\u00dffesten B\u00e4nder halten ein Schuhleben lang.<br \/>\nSind genau einstellbar f\u00fcr das perfekte Tragegef\u00fchl.<\/p>\n<p><b>Audio-Beschreibung<\/b><br \/><audio controls src=\"https:\/\/schuhewiebarfuss.at\/shop\/wp-content\/uploads\/lk\/6232_audio.wav\"><br \/>\n                                            Ihr Browser unterst\u00fctzt diese Audio-Ausgabe leider nicht.<br \/>\n                                            <\/ audio ><\/p>\n","protected":false},"excerpt":{"rendered":"<p>ELASTISCHE SCHUHB\u00c4NDER F\u00dcR SPORT &amp; FREIZEIT<br \/>\nDie elastischen Schn\u00fcrsenkel von FLEXILACES machen das Leben einfacher.<br \/>\nSie eigenen sich perfekt f\u00fcr L\u00e4ufer, Wanderer, Kinder, \u00e4ltere Menschen und alle die sich das l\u00e4stige Schuhebinden sparen wollen.<br \/>\nGarantiert sicherer Halt und dennoch einfaches Rein- aus Rausschl\u00fcpfen, bei jedem Schuh.<\/p>\n","protected":false},"featured_media":482307,"comment_status":"open","ping_status":"closed","template":"","meta":[],"product_brand":[],"product_cat":[825],"product_tag":[1479,1544,1427,2661,1798,1480,1481,2662,1600,1408,2457,1651,2448,1360],"class_list":{"0":"post-482308","1":"product","2":"type-product","3":"status-publish","4":"has-post-thumbnail","6":"product_cat-schuhbnder","7":"product_tag-farbe-blau","8":"product_tag-farbe-braun","9":"product_tag-farbe-gelb","10":"product_tag-farbe-glitzer","11":"product_tag-farbe-hellbraun","12":"product_tag-farbe-orange","13":"product_tag-farbe-pink","14":"product_tag-farbe-reflektierend","15":"product_tag-farbe-rot","16":"product_tag-farbe-schwarz","17":"product_tag-farbe-violett","18":"product_tag-farbe-weiss","19":"product_tag-marke-zubehoer","20":"product_tag-standard","22":"first","23":"instock","24":"taxable","25":"shipping-taxable","26":"purchasable","27":"product-type-variable"},"_links":{"self":[{"href":"https:\/\/schuhewiebarfuss.at\/shop\/wp-json\/wp\/v2\/product\/482308","targetHints":{"allow":["GET"]}}],"collection":[{"href":"https:\/\/schuhewiebarfuss.at\/shop\/wp-json\/wp\/v2\/product"}],"about":[{"href":"https:\/\/schuhewiebarfuss.at\/shop\/wp-json\/wp\/v2\/types\/product"}],"replies":[{"embeddable":true,"href":"https:\/\/schuhewiebarfuss.at\/shop\/wp-json\/wp\/v2\/comments?post=482308"}],"wp:featuredmedia":[{"embeddable":true,"href":"https:\/\/schuhewiebarfuss.at\/shop\/wp-json\/wp\/v2\/media\/482307"}],"wp:attachment":[{"href":"https:\/\/schuhewiebarfuss.at\/shop\/wp-json\/wp\/v2\/media?parent=482308"}],"wp:term":[{"taxonomy":"product_brand","embeddable":true,"href":"https:\/\/schuhewiebarfuss.at\/shop\/wp-json\/wp\/v2\/product_brand?post=482308"},{"taxonomy":"product_cat","embeddable":true,"href":"https:\/\/schuhewiebarfuss.at\/shop\/wp-json\/wp\/v2\/product_cat?post=482308"},{"taxonomy":"product_tag","embeddable":true,"href":"https:\/\/schuhewiebarfuss.at\/shop\/wp-json\/wp\/v2\/product_tag?post=482308"}],"curies":[{"name":"wp","href":"https:\/\/api.w.org\/{rel}","templated":true}]}}