{"id":481732,"date":"2024-04-10T17:07:43","date_gmt":"2024-04-10T15:07:43","guid":{"rendered":"https:\/\/schuhewiebarfuss.at\/shop\/produkt\/respond-grau-orange\/"},"modified":"2026-02-28T18:22:56","modified_gmt":"2026-02-28T17:22:56","slug":"respond-grau-orange","status":"publish","type":"product","link":"https:\/\/schuhewiebarfuss.at\/shop\/produkt\/respond-grau-orange\/","title":{"rendered":"Respond Grau\/Orange"},"content":{"rendered":"<p>Hier pr\u00e4sentiere ich das Modell Freet Respond, eines der vielseitigsten in der Kollektion.<br \/>\nFlache und ultraflexible Sohle<\/p>\n<p>Das Zero-Drop-Konzept durfte bei diesen Minimalisten nicht fehlen.<\/p>\n<p>Die Basis mit einer 4,5-Millimeter-Zwischensohle und einem griffigen Gummiobermaterial bietet ausreichend Schutz in steinfreien Bereichen.<\/p>\n<p>Perfekte Flexibilit\u00e4t in allen Ebenen, maximale Freiheit.<\/p>\n<p>Und das Beste ist, dass er eine der breitesten Zehenkappen auf dem Markt mit Kunststoffschutz im vorderen Bereich zum Schutz der Finger enth\u00e4lt.<\/p>\n<p>Freet verzichtet auf Synthetik-Mesh, ein Material, das zu einigen Haltbarkeitsproblemen f\u00fchrt.<\/p>\n<p>Setzen Sie stattdessen auf ein synthetisches Obermaterial mit geflochtenem Stoff, um Risse und vorzeitigen Verschlei\u00df zu vermeiden. Sie verst\u00e4rken die Struktur mit Kunststoffb\u00e4ndern, auf diese Weise f\u00fcgen sie dem Set nicht zu viel zus\u00e4tzliches Gewicht hinzu.<\/p>\n<p>Sie k\u00f6nnen damit in der Stadt spazieren gehen oder laufen, im Fitnessstudio trainieren oder andere Outdoor- oder Indoor-Sportarten aus\u00fcben. Nat\u00fcrlich sind sie auf steinigem Untergrund nicht zu empfehlen, es sei denn, Sie haben viel Erfahrung und suchen nach minimalem Schutz.<\/p>\n<p><b>Audio-Beschreibung<\/b><br \/><audio controls src=\"https:\/\/schuhewiebarfuss.at\/shop\/wp-content\/uploads\/lk\/5223_audio.wav\"><br \/>\n                                            Ihr Browser unterst\u00fctzt diese Audio-Ausgabe leider nicht.<br \/>\n                                            <\/ audio ><\/p>\n","protected":false},"excerpt":{"rendered":"<p>Zehenbox: Breit<br \/>\nObermaterial: Synthetik<br \/>\nvegan: ja<br \/>\nZwischensohle: ja<br \/>\nAnti-Rock-Platte: Nein<br \/>\nAngepasster Bogen: Nein<\/p>\n","protected":false},"featured_media":481731,"comment_status":"open","ping_status":"closed","template":"","meta":[],"product_brand":[],"product_cat":[853],"product_tag":[1362,1368,1373,1374,1375,1376,1377,1378,1379,1380,1381,1449,1452,2444,1360],"class_list":{"0":"post-481732","1":"product","2":"type-product","3":"status-publish","4":"has-post-thumbnail","6":"product_cat-sport-2","7":"product_tag-groesse-36","8":"product_tag-groesse-37","9":"product_tag-groesse-38","10":"product_tag-groesse-39","11":"product_tag-groesse-40","12":"product_tag-groesse-41","13":"product_tag-groesse-42","14":"product_tag-groesse-43","15":"product_tag-groesse-44","16":"product_tag-groesse-45","17":"product_tag-groesse-46","18":"product_tag-groesse-47","19":"product_tag-groesse-48","20":"product_tag-marke-freet","21":"product_tag-standard","23":"first","24":"instock","25":"taxable","26":"shipping-taxable","27":"purchasable","28":"product-type-variable"},"_links":{"self":[{"href":"https:\/\/schuhewiebarfuss.at\/shop\/wp-json\/wp\/v2\/product\/481732","targetHints":{"allow":["GET"]}}],"collection":[{"href":"https:\/\/schuhewiebarfuss.at\/shop\/wp-json\/wp\/v2\/product"}],"about":[{"href":"https:\/\/schuhewiebarfuss.at\/shop\/wp-json\/wp\/v2\/types\/product"}],"replies":[{"embeddable":true,"href":"https:\/\/schuhewiebarfuss.at\/shop\/wp-json\/wp\/v2\/comments?post=481732"}],"wp:featuredmedia":[{"embeddable":true,"href":"https:\/\/schuhewiebarfuss.at\/shop\/wp-json\/wp\/v2\/media\/481731"}],"wp:attachment":[{"href":"https:\/\/schuhewiebarfuss.at\/shop\/wp-json\/wp\/v2\/media?parent=481732"}],"wp:term":[{"taxonomy":"product_brand","embeddable":true,"href":"https:\/\/schuhewiebarfuss.at\/shop\/wp-json\/wp\/v2\/product_brand?post=481732"},{"taxonomy":"product_cat","embeddable":true,"href":"https:\/\/schuhewiebarfuss.at\/shop\/wp-json\/wp\/v2\/product_cat?post=481732"},{"taxonomy":"product_tag","embeddable":true,"href":"https:\/\/schuhewiebarfuss.at\/shop\/wp-json\/wp\/v2\/product_tag?post=481732"}],"curies":[{"name":"wp","href":"https:\/\/api.w.org\/{rel}","templated":true}]}}