{"id":481698,"date":"2024-04-10T17:05:46","date_gmt":"2024-04-10T15:05:46","guid":{"rendered":"https:\/\/schuhewiebarfuss.at\/shop\/produkt\/richmond-braun\/"},"modified":"2026-04-11T17:08:29","modified_gmt":"2026-04-11T15:08:29","slug":"richmond-braun","status":"publish","type":"product","link":"https:\/\/schuhewiebarfuss.at\/shop\/produkt\/richmond-braun\/","title":{"rendered":"Richmond Braun"},"content":{"rendered":"<p>Der Freet Richmond ist dem ber\u00fchmten englischen &#8222;Desert Boot&#8220; nachempfunden und\u00a0kommt mit der neuartigen, herausnehmbaren 2,5mm Innensohle. Diese Innensohle bietet eine gewisse Sto\u00dfd\u00e4mpfung und gleichzeitig sehr guten Kontakt zum Boden.<\/p>\n<p>Zus\u00e4tzlich ist der Richmond, wie alle Freet Modelle mit einer\u00a0MultiGrip Performance Laufsohle ausgestattet und geh\u00f6rt zur AYR (All Year Round) Kollektion, ist also ein Ganzjahresschuh.\u00a0<\/p>\n<p>Das Obermaterial besteht auch Premium Nubuk Leder, ist atmungsaktiv und wasserabweisend.\u00a0Diese Innensohle kann man einlegen, wenn man Isolierung ben\u00f6tigt, um Volumen aus dem Schuh zu nehmen, wenn der Schuh\u00a0f\u00fcr den Fu\u00df etwas zu weit ist oder wenn man auf hartem Untergrund etwas mehr Komfort ben\u00f6tigt..<br \/>\nDer Vorfuss-Bereich\u00a0ist asymmetrisch gestaltet, so dass die Zehen sich optimal ausbreiten k\u00f6nnen.<\/p>\n<p>Der Freet Richmond\u00a0ist ein Modell aus der\u00a05\u00a0in1 Kollektion. Das bedeutet alle Zehen sind zusammen in einer Zehenbox. Es ist verf\u00fcgbar f\u00fcr Damen und Herren.<\/p>\n<p><b>Audio-Beschreibung<\/b><br \/><audio controls src=\"https:\/\/schuhewiebarfuss.at\/shop\/wp-content\/uploads\/lk\/5232_audio.wav\"><br \/>\n                                            Ihr Browser unterst\u00fctzt diese Audio-Ausgabe leider nicht.<br \/>\n                                            <\/ audio ><\/p>\n","protected":false},"excerpt":{"rendered":"<p>Obermaterial:\u00a0Nubuk Leder<br \/>\nVerschluss:\u00a0Schn\u00fcrsenkel<br \/>\nForm:\u00a0vorn weit geschnitten. Die Zehen haben optimale Bewegungsfreiheit<br \/>\nInnensohle:\u00a0Mesh<br \/>\nLaufsohle:\u00a04,5\u00a0mm Gummi<br \/>\nPflege: Spray oder Cr\u00e9me (ACHTUNG: beim cr\u00e9men verliert der Schuhe seine Nubuk Optik und wird zum Glattleder!)<\/p>\n","protected":false},"featured_media":481697,"comment_status":"open","ping_status":"closed","template":"","meta":[],"product_brand":[],"product_cat":[851],"product_tag":[1368,1373,1374,1375,1376,1377,1378,1379,1380,1381,1449,1452,2444,1360],"class_list":{"0":"post-481698","1":"product","2":"type-product","3":"status-publish","4":"has-post-thumbnail","6":"product_cat-lifestyle-3","7":"product_tag-groesse-37","8":"product_tag-groesse-38","9":"product_tag-groesse-39","10":"product_tag-groesse-40","11":"product_tag-groesse-41","12":"product_tag-groesse-42","13":"product_tag-groesse-43","14":"product_tag-groesse-44","15":"product_tag-groesse-45","16":"product_tag-groesse-46","17":"product_tag-groesse-47","18":"product_tag-groesse-48","19":"product_tag-marke-freet","20":"product_tag-standard","22":"first","23":"instock","24":"taxable","25":"shipping-taxable","26":"purchasable","27":"product-type-variable"},"_links":{"self":[{"href":"https:\/\/schuhewiebarfuss.at\/shop\/wp-json\/wp\/v2\/product\/481698","targetHints":{"allow":["GET"]}}],"collection":[{"href":"https:\/\/schuhewiebarfuss.at\/shop\/wp-json\/wp\/v2\/product"}],"about":[{"href":"https:\/\/schuhewiebarfuss.at\/shop\/wp-json\/wp\/v2\/types\/product"}],"replies":[{"embeddable":true,"href":"https:\/\/schuhewiebarfuss.at\/shop\/wp-json\/wp\/v2\/comments?post=481698"}],"wp:featuredmedia":[{"embeddable":true,"href":"https:\/\/schuhewiebarfuss.at\/shop\/wp-json\/wp\/v2\/media\/481697"}],"wp:attachment":[{"href":"https:\/\/schuhewiebarfuss.at\/shop\/wp-json\/wp\/v2\/media?parent=481698"}],"wp:term":[{"taxonomy":"product_brand","embeddable":true,"href":"https:\/\/schuhewiebarfuss.at\/shop\/wp-json\/wp\/v2\/product_brand?post=481698"},{"taxonomy":"product_cat","embeddable":true,"href":"https:\/\/schuhewiebarfuss.at\/shop\/wp-json\/wp\/v2\/product_cat?post=481698"},{"taxonomy":"product_tag","embeddable":true,"href":"https:\/\/schuhewiebarfuss.at\/shop\/wp-json\/wp\/v2\/product_tag?post=481698"}],"curies":[{"name":"wp","href":"https:\/\/api.w.org\/{rel}","templated":true}]}}