{"id":481675,"date":"2024-04-10T17:04:37","date_gmt":"2024-04-10T15:04:37","guid":{"rendered":"https:\/\/schuhewiebarfuss.at\/shop\/produkt\/urbanstyle-textil\/"},"modified":"2026-02-28T20:16:31","modified_gmt":"2026-02-28T19:16:31","slug":"urbanstyle-textil","status":"publish","type":"product","link":"https:\/\/schuhewiebarfuss.at\/shop\/produkt\/urbanstyle-textil\/","title":{"rendered":"urbanStyle Textil"},"content":{"rendered":"<p>Mit dem urbanStyle haben bLifeStyle einen Schuh entwickelt, der sowohl Sportbegeisterte als auch die, die einfach einen l\u00e4ssigen Schuh zu Jeans haben wollen, gl\u00fccklich macht!<br \/>\nDas Innenmaterial des Schuhs besteht aus atmungsf\u00e4higen synthetischen Fasern, das Au\u00dfenmaterial ist pflegeleicht aus Textil und Microfaser und die bequeme 4mm d\u00fcnne Sohle ist aus Kautschuk.<br \/>\nDie Sneakers werden in Portugal gefertigt. Die Sohle ist geklebt und gen\u00e4ht- das sorgt f\u00fcr gute Haltbarkeit!<\/p>\n<p><b>Audio-Beschreibung<\/b><br \/><audio controls src=\"https:\/\/schuhewiebarfuss.at\/shop\/wp-content\/uploads\/lk\/6028_audio.wav\"><br \/>\n                                            Ihr Browser unterst\u00fctzt diese Audio-Ausgabe leider nicht.<br \/>\n                                            <\/ audio ><\/p>\n","protected":false},"excerpt":{"rendered":"<p>Obermaterial: Microfaser \/ Textil<br \/>\nInnenmaterial: Bio-Baumwolle (kbA)<br \/>\nSohle: 100 % synth. Kautschuk<br \/>\nVerschlussart: Schn\u00fcrung<\/p>\n","protected":false},"featured_media":481674,"comment_status":"open","ping_status":"closed","template":"","meta":[],"product_brand":[],"product_cat":[3121],"product_tag":[2233,1371,1368,1373,1374,1375,1376,1377,1378,1379,1380,1381,2447,1450],"class_list":{"0":"post-481675","1":"product","2":"type-product","3":"status-publish","4":"has-post-thumbnail","6":"product_cat-sale","7":"product_tag-farbe-dunkelrot","8":"product_tag-farbe-grau","9":"product_tag-groesse-37","10":"product_tag-groesse-38","11":"product_tag-groesse-39","12":"product_tag-groesse-40","13":"product_tag-groesse-41","14":"product_tag-groesse-42","15":"product_tag-groesse-43","16":"product_tag-groesse-44","17":"product_tag-groesse-45","18":"product_tag-groesse-46","19":"product_tag-marke-blifestyle","20":"product_tag-sale","22":"first","23":"instock","24":"taxable","25":"shipping-taxable","26":"purchasable","27":"product-type-variable"},"_links":{"self":[{"href":"https:\/\/schuhewiebarfuss.at\/shop\/wp-json\/wp\/v2\/product\/481675","targetHints":{"allow":["GET"]}}],"collection":[{"href":"https:\/\/schuhewiebarfuss.at\/shop\/wp-json\/wp\/v2\/product"}],"about":[{"href":"https:\/\/schuhewiebarfuss.at\/shop\/wp-json\/wp\/v2\/types\/product"}],"replies":[{"embeddable":true,"href":"https:\/\/schuhewiebarfuss.at\/shop\/wp-json\/wp\/v2\/comments?post=481675"}],"wp:featuredmedia":[{"embeddable":true,"href":"https:\/\/schuhewiebarfuss.at\/shop\/wp-json\/wp\/v2\/media\/481674"}],"wp:attachment":[{"href":"https:\/\/schuhewiebarfuss.at\/shop\/wp-json\/wp\/v2\/media?parent=481675"}],"wp:term":[{"taxonomy":"product_brand","embeddable":true,"href":"https:\/\/schuhewiebarfuss.at\/shop\/wp-json\/wp\/v2\/product_brand?post=481675"},{"taxonomy":"product_cat","embeddable":true,"href":"https:\/\/schuhewiebarfuss.at\/shop\/wp-json\/wp\/v2\/product_cat?post=481675"},{"taxonomy":"product_tag","embeddable":true,"href":"https:\/\/schuhewiebarfuss.at\/shop\/wp-json\/wp\/v2\/product_tag?post=481675"}],"curies":[{"name":"wp","href":"https:\/\/api.w.org\/{rel}","templated":true}]}}