{"id":481646,"date":"2024-04-10T17:03:14","date_gmt":"2024-04-10T15:03:14","guid":{"rendered":"https:\/\/schuhewiebarfuss.at\/shop\/produkt\/scrambler-mid-herren\/"},"modified":"2026-03-10T19:52:34","modified_gmt":"2026-03-10T18:52:34","slug":"scrambler-mid-herren","status":"publish","type":"product","link":"https:\/\/schuhewiebarfuss.at\/shop\/produkt\/scrambler-mid-herren\/","title":{"rendered":"Scrambler Mid Herren"},"content":{"rendered":"<p>DER LEICHTESTE TECHNISCHE WANDERSCHUH DER WELT<\/p>\n<p>Haben Sie am Ende einer Wanderung je das Gef\u00fchl, dass Sie es nicht erwarten k\u00f6nnen, Ihre schweren, steifen Stiefel abzustreifen? Sie werden dieses Gef\u00fchl nie wieder versp\u00fcren, wenn Sie den Scrambler Mid tragen, den vielleicht leichtesten und bequemsten technischen Wanderschuh, der je gemacht wurde! Kraxeln Sie die Pfade wie eine Bergziege hinauf in diesem Schuh! Mit nur 289 g pro Schuh (Herrengr\u00f6\u00dfe 42) wiegt ein Paar Scrambler Mid weniger als ein einzelner Schuh der meisten anderen Firmen.<\/p>\n<p>WIE MOUNTAINBIKEREIFEN AN IHREN F\u00dc\u00dfEN ZU TRAGEN<\/p>\n<p>Scrambler Mid ist eine Kollaboration mit Michelin, der Auto- und Fahrradreifenfirma. Wenn Sie in die d\u00fcnne Michelin Fiber Lite \u00ae Sohle hineinsehen k\u00f6nnten, f\u00e4nden Sie eine eingebaute Textilschicht, welche der Sohle eine<br \/>\neinzigartige St\u00e4rke, Flexibilit\u00e4t und Leichtigkeit gibt.<\/p>\n<p>Mit schlammabweisenden Stollen inspiriert von Michelins Hochleistungs-Mountainbikereifen sp\u00fcren Sie au\u00dferdem das<br \/>\nSelbstbewusstsein, das von unglaublichem Halt kommt.<\/p>\n<p>EXTRASCHUTZ MIT EINER \u201cILLUSION\u201d<\/p>\n<p>Sie schauen sich m\u00f6glicherweise den Scrambler Mid an und denken, er hat eine dicke Sohle und Xero Shoes hat sich von unserer Mission entfernt. Weit gefehlt. \u00dcber dem Fiber Lite \u00ae ist eine d\u00fcnne Schicht unseres TrailFoam\u2122, der Ihnen extra Komfort und Schutz gibt, wenn Sie sich auf einem schwierigen Trail befinden. Normalerweise verstecken wir diese Schicht in den Sohlen unserer Wanderprodukte. Aber beim Scrambler Mid wickeln sich die beiden Sohlenschichten um das Obermaterial, was eine Illusion von Dicke gibt. Dieses auff\u00e4llige Aussehen inspiriert Gespr\u00e4che mit anderen Wanderern, die mit \u201cWo bekomme ich die her?\u201d beginnen.<\/p>\n<p>Z\u00c4H VON ZEH ZU FERSE<\/p>\n<p>Genie\u00dfen Sie den Schutz, den Sie mit dem abriebfesten, veganfreundlichem, atmungsaktiven Obermaterial sowie den verschwei\u00dften Seitenw\u00e4nden und der zweischichtigen Zehenkappe des Scrambler Mid bekommen.<\/p>\n<p>Und wenn die Elemente Sie besonders herausfordern, befestigen Sie ihre Lieblingsgamaschen am inkludierten Haken und nehmen Sie den n\u00e4chsten Gipfel in Angriff.<\/p>\n<p>EIN \u201cLAUFSTIEFEL\u201d?<\/p>\n<p>Mit dieser unglaublichen Kombination aus Leichtigkeit, Flexibilit\u00e4t, Haftung, Schutz und Komfort, kann der Scrambler Mid viele Trailrunning-Schuhe \u00fcbertreffen. Ob Sie nun diese Idee auf die Probe stellen, einen Tagesausflug damit<br \/>\nmachen oder einen Monat auf einem Fernwanderweg unterwegs sind, der Scrambler Mid ist Ihr perfekter Begleiter, um F\u00fc\u00dfe zuerst zu leben.<\/p>\n<p>WIR MACHEN WANDERSCHUHE SO BEQUEM, SIE WERDEN VERGESSEN, DASS SIE SIE \u00dcBERHAUPT ANHABEN.<\/p>\n<p>Wenn sich Ihre F\u00fc\u00dfe am Ende des Tages nicht so gut anf\u00fchlen, wie am Anfang, dann haben Sie den Scrambler Mid noch nicht ausprobiert. Lebensver\u00e4ndernder Komfort und \u00fcberlegene Leistung kommen davon, dass Sie Ihren F\u00fc\u00dfen erlauben, das zu tun, was nat\u00fcrlich ist \u2013 sich beugen, bewegen, biegen und sp\u00fcren. Alle Xero Shoes verf\u00fcgen \u00fcber eine breitere, fu\u00dff\u00f6rmige Zehenbox, die es Ihren Zehen erlaubt, sich auszubreiten und zu entspannen, einen nicht erh\u00f6hten Nullabsatz f\u00fcr richtige Haltung, bodennahes Design f\u00fcr perfekte Balance und Agilit\u00e4t und eine flexible Sohle, die Ihnen das perfekte Level an Schutz gibt, damit Sie sich beugen, bewegen, biegen und F\u00fc\u00dfe zuerst leben k\u00f6nnen!<\/p>\n<p><b>Audio-Beschreibung<\/b><br \/><audio controls src=\"https:\/\/schuhewiebarfuss.at\/shop\/wp-content\/uploads\/lk\/5987_audio.wav\"><br \/>\n                                            Ihr Browser unterst\u00fctzt diese Audio-Ausgabe leider nicht.<br \/>\n                                            <\/ audio ><\/p>\n","protected":false},"excerpt":{"rendered":"<p>Scrambler Mid<\/p>\n<p>Ultraleichter Wanderschuh mit Michelin Fiber Lite\u00ae Sohle<\/p>\n<p>[&#8222;Der Allesk\u00f6nner-Bergschuh, den ich mir immer gew\u00fcnscht habe. Er<br \/>\nist widerstandsf\u00e4hig, \u00fcberraschend leicht, und die Haftung ist<br \/>\nunglaublich!&#8220; &#8211; Matt G.]<\/p>\n<p>Obermaterial: abriebfesten, veganfreundlichem, atmungsaktiven Obermaterial mit verschwei\u00dften Seitenw\u00e4nden<br \/>\nInnensohle: Herausnehmbar<br \/>\nVerschlussart: Schn\u00fcrung<br \/>\nZehenbox: breitere, fu\u00dff\u00f6rmige Zehenbox mit zweischichtigen Zehenkappe<br \/>\nAu\u00dfensohle: Michelin Fiber Lite \u00ae Sohle mit eingebauter Textilschicht, TrailFoam\u2122 und schlammabweisenden Stollen<br \/>\nAbsatz: Nullabsatz<br \/>\nGewicht: 289 g pro Schuh (Herrengr\u00f6\u00dfe 42)<\/p>\n","protected":false},"featured_media":481645,"comment_status":"open","ping_status":"closed","template":"","meta":[],"product_brand":[],"product_cat":[3121],"product_tag":[1371,1408,1375,1376,1377,1378,1379,1380,1381,1449,2446,1450],"class_list":{"0":"post-481646","1":"product","2":"type-product","3":"status-publish","4":"has-post-thumbnail","6":"product_cat-sale","7":"product_tag-farbe-grau","8":"product_tag-farbe-schwarz","9":"product_tag-groesse-40","10":"product_tag-groesse-41","11":"product_tag-groesse-42","12":"product_tag-groesse-43","13":"product_tag-groesse-44","14":"product_tag-groesse-45","15":"product_tag-groesse-46","16":"product_tag-groesse-47","17":"product_tag-marke-xero","18":"product_tag-sale","20":"first","21":"instock","22":"taxable","23":"shipping-taxable","24":"purchasable","25":"product-type-variable"},"_links":{"self":[{"href":"https:\/\/schuhewiebarfuss.at\/shop\/wp-json\/wp\/v2\/product\/481646","targetHints":{"allow":["GET"]}}],"collection":[{"href":"https:\/\/schuhewiebarfuss.at\/shop\/wp-json\/wp\/v2\/product"}],"about":[{"href":"https:\/\/schuhewiebarfuss.at\/shop\/wp-json\/wp\/v2\/types\/product"}],"replies":[{"embeddable":true,"href":"https:\/\/schuhewiebarfuss.at\/shop\/wp-json\/wp\/v2\/comments?post=481646"}],"wp:featuredmedia":[{"embeddable":true,"href":"https:\/\/schuhewiebarfuss.at\/shop\/wp-json\/wp\/v2\/media\/481645"}],"wp:attachment":[{"href":"https:\/\/schuhewiebarfuss.at\/shop\/wp-json\/wp\/v2\/media?parent=481646"}],"wp:term":[{"taxonomy":"product_brand","embeddable":true,"href":"https:\/\/schuhewiebarfuss.at\/shop\/wp-json\/wp\/v2\/product_brand?post=481646"},{"taxonomy":"product_cat","embeddable":true,"href":"https:\/\/schuhewiebarfuss.at\/shop\/wp-json\/wp\/v2\/product_cat?post=481646"},{"taxonomy":"product_tag","embeddable":true,"href":"https:\/\/schuhewiebarfuss.at\/shop\/wp-json\/wp\/v2\/product_tag?post=481646"}],"curies":[{"name":"wp","href":"https:\/\/api.w.org\/{rel}","templated":true}]}}