{"id":481615,"date":"2024-04-10T17:00:43","date_gmt":"2024-04-10T15:00:43","guid":{"rendered":"https:\/\/schuhewiebarfuss.at\/shop\/produkt\/360-herren\/"},"modified":"2026-02-28T19:06:58","modified_gmt":"2026-02-28T18:06:58","slug":"360-herren","status":"publish","type":"product","link":"https:\/\/schuhewiebarfuss.at\/shop\/produkt\/360-herren\/","title":{"rendered":"360\u00b0 Herren"},"content":{"rendered":"<p>Obermaterial: Mesh\/Textil<br \/>\nInnenfutter: Textil<br \/>\nSohle: Gummi<br \/>\nInnensohle: herausnehmbare Einlegesohle<br \/>\nTyp Verschlusssystem:Schn\u00fcrung<\/p>\n<p><b>Audio-Beschreibung<\/b><br \/><audio controls src=\"https:\/\/schuhewiebarfuss.at\/shop\/wp-content\/uploads\/lk\/5960_audio.wav\"><br \/>\n                                            Ihr Browser unterst\u00fctzt diese Audio-Ausgabe leider nicht.<br \/>\n                                            <\/ audio ><\/p>\n","protected":false},"excerpt":{"rendered":"<p>Mit dem neuen 360\u00b0 kannst du deine aggressivsten Aktivit\u00e4ten mit Zuversicht angehen. Das reaktionsfreudige, omnidirektionale Profil gibt dir eine hervorragende Traktion. Seilklettern war noch nie so m\u00fchelos wie mit den einzigartigen &#8222;Grip-Rippen&#8220; des Obermaterials. Unsere kultigen, vom Huarache inspirierten Spannriemen, der breite Zehenraum und das Zero-Drop-Design sorgen zusammen mit dem atmungsaktiven Mesh-Obermaterial f\u00fcr den nat\u00fcrlichen Komfort und die Stabilit\u00e4t, die du so liebst. Bei nur 250g  wirst du h\u00f6her springen und Hindernisse erklimmen, w\u00e4hrend du das kaum sp\u00fcrbare Gef\u00fchl des 360\u00b0 genie\u00dft.<\/p>\n","protected":false},"featured_media":481614,"comment_status":"open","ping_status":"closed","template":"","meta":[],"product_brand":[],"product_cat":[3121],"product_tag":[1479,1371,1570,1375,1376,1377,1378,1379,1380,1381,1449,2446,1450],"class_list":{"0":"post-481615","1":"product","2":"type-product","3":"status-publish","4":"has-post-thumbnail","6":"product_cat-sale","7":"product_tag-farbe-blau","8":"product_tag-farbe-grau","9":"product_tag-farbe-gruen","10":"product_tag-groesse-40","11":"product_tag-groesse-41","12":"product_tag-groesse-42","13":"product_tag-groesse-43","14":"product_tag-groesse-44","15":"product_tag-groesse-45","16":"product_tag-groesse-46","17":"product_tag-groesse-47","18":"product_tag-marke-xero","19":"product_tag-sale","21":"first","22":"instock","23":"sale","24":"taxable","25":"shipping-taxable","26":"purchasable","27":"product-type-variable"},"_links":{"self":[{"href":"https:\/\/schuhewiebarfuss.at\/shop\/wp-json\/wp\/v2\/product\/481615","targetHints":{"allow":["GET"]}}],"collection":[{"href":"https:\/\/schuhewiebarfuss.at\/shop\/wp-json\/wp\/v2\/product"}],"about":[{"href":"https:\/\/schuhewiebarfuss.at\/shop\/wp-json\/wp\/v2\/types\/product"}],"replies":[{"embeddable":true,"href":"https:\/\/schuhewiebarfuss.at\/shop\/wp-json\/wp\/v2\/comments?post=481615"}],"wp:featuredmedia":[{"embeddable":true,"href":"https:\/\/schuhewiebarfuss.at\/shop\/wp-json\/wp\/v2\/media\/481614"}],"wp:attachment":[{"href":"https:\/\/schuhewiebarfuss.at\/shop\/wp-json\/wp\/v2\/media?parent=481615"}],"wp:term":[{"taxonomy":"product_brand","embeddable":true,"href":"https:\/\/schuhewiebarfuss.at\/shop\/wp-json\/wp\/v2\/product_brand?post=481615"},{"taxonomy":"product_cat","embeddable":true,"href":"https:\/\/schuhewiebarfuss.at\/shop\/wp-json\/wp\/v2\/product_cat?post=481615"},{"taxonomy":"product_tag","embeddable":true,"href":"https:\/\/schuhewiebarfuss.at\/shop\/wp-json\/wp\/v2\/product_tag?post=481615"}],"curies":[{"name":"wp","href":"https:\/\/api.w.org\/{rel}","templated":true}]}}