{"id":481344,"date":"2024-04-10T16:21:44","date_gmt":"2024-04-10T14:21:44","guid":{"rendered":"https:\/\/schuhewiebarfuss.at\/shop\/produkt\/hedy-rosa\/"},"modified":"2026-03-01T16:25:04","modified_gmt":"2026-03-01T15:25:04","slug":"hedy-rosa","status":"publish","type":"product","link":"https:\/\/schuhewiebarfuss.at\/shop\/produkt\/hedy-rosa\/","title":{"rendered":"Hedy Rosa"},"content":{"rendered":"<p>Material: Baumwolle<br \/>\nVerschlussart: Klettverschluss <\/p>\n<p>Bequem und l\u00e4ssig: Der rosa NANGA Kinder-Hausschuh Hedy. Das hautfreundliche, textile Obermaterial f\u00fchlt sich am Fuss sehr angenehm an. Im Inneren des Schuhs und f\u00fcr die Decksohle wurde textiles Gewebe verwendet, das f\u00fcr ein angenehmes Klima im Schuh und einen hohen Tragekomfort sorgt. Mittels Klettverschluss l\u00e4sst sich der Hausschuh nicht nur rasch an- und ausziehen, sondern auch individuell an den Fussrist anpassen. Die rutschhemmende Laufsohle gibt Trittsicherheit. Optisches Highlight ist die rosa Paspelierung am Klettverschluss. Den s\u00fcssen Hausschuh Hedy von NANGA \u2013 gleich heute bestellen!<\/p>\n<p><b>Audio-Beschreibung<\/b><br \/><audio controls src=\"https:\/\/schuhewiebarfuss.at\/shop\/wp-content\/uploads\/lk\/5270_audio.wav\"><br \/>\n                                            Ihr Browser unterst\u00fctzt diese Audio-Ausgabe leider nicht.<br \/>\n                                            <\/ audio ><\/p>\n","protected":false},"excerpt":{"rendered":"<p>klassisches Hausschuhmodell f\u00fcr die Kleinsten<br \/>\nschlichtes Design<br \/>\nunter dem breiten Klett \u00f6ffnet sich ein weiter Einstieg, der auch schon den Kleinsten ein gutes Handling erm\u00f6glicht<br \/>\n100% Baumwolle<br \/>\nrutschfeste Naturkautschuk-Sohle<br \/>\nfederleicht und super bequem<br \/>\nweiche, gepolsterte Innensohle aus Baumwolle<br \/>\ndie Naturkautschuksohle ist gegen\u00fcber herk\u00f6mmlichen Hausschuhen wesentlich stabiler und bietet mehr Komfort<br \/>\nFarben: Rose<\/p>\n","protected":false},"featured_media":481343,"comment_status":"open","ping_status":"closed","template":"","meta":[],"product_brand":[],"product_cat":[3121],"product_tag":[1550,1483,1385,1390,1391,1392,1393,1394,1395,2445,1450],"class_list":{"0":"post-481344","1":"product","2":"type-product","3":"status-publish","4":"has-post-thumbnail","6":"product_cat-sale","7":"product_tag-groesse-18","8":"product_tag-groesse-19","9":"product_tag-groesse-20","10":"product_tag-groesse-21","11":"product_tag-groesse-22","12":"product_tag-groesse-23","13":"product_tag-groesse-24","14":"product_tag-groesse-25","15":"product_tag-groesse-26","16":"product_tag-marke-nanga","17":"product_tag-sale","19":"first","20":"instock","21":"taxable","22":"shipping-taxable","23":"purchasable","24":"product-type-variable"},"_links":{"self":[{"href":"https:\/\/schuhewiebarfuss.at\/shop\/wp-json\/wp\/v2\/product\/481344","targetHints":{"allow":["GET"]}}],"collection":[{"href":"https:\/\/schuhewiebarfuss.at\/shop\/wp-json\/wp\/v2\/product"}],"about":[{"href":"https:\/\/schuhewiebarfuss.at\/shop\/wp-json\/wp\/v2\/types\/product"}],"replies":[{"embeddable":true,"href":"https:\/\/schuhewiebarfuss.at\/shop\/wp-json\/wp\/v2\/comments?post=481344"}],"wp:featuredmedia":[{"embeddable":true,"href":"https:\/\/schuhewiebarfuss.at\/shop\/wp-json\/wp\/v2\/media\/481343"}],"wp:attachment":[{"href":"https:\/\/schuhewiebarfuss.at\/shop\/wp-json\/wp\/v2\/media?parent=481344"}],"wp:term":[{"taxonomy":"product_brand","embeddable":true,"href":"https:\/\/schuhewiebarfuss.at\/shop\/wp-json\/wp\/v2\/product_brand?post=481344"},{"taxonomy":"product_cat","embeddable":true,"href":"https:\/\/schuhewiebarfuss.at\/shop\/wp-json\/wp\/v2\/product_cat?post=481344"},{"taxonomy":"product_tag","embeddable":true,"href":"https:\/\/schuhewiebarfuss.at\/shop\/wp-json\/wp\/v2\/product_tag?post=481344"}],"curies":[{"name":"wp","href":"https:\/\/api.w.org\/{rel}","templated":true}]}}