{"id":481333,"date":"2024-04-10T16:20:42","date_gmt":"2024-04-10T14:20:42","guid":{"rendered":"https:\/\/schuhewiebarfuss.at\/shop\/produkt\/ultra-kinder-eva-gruen\/"},"modified":"2026-03-01T16:15:12","modified_gmt":"2026-03-01T15:15:12","slug":"ultra-kinder-eva-gruen","status":"publish","type":"product","link":"https:\/\/schuhewiebarfuss.at\/shop\/produkt\/ultra-kinder-eva-gruen\/","title":{"rendered":"Ultra Kinder Eva Gr\u00fcn"},"content":{"rendered":"<p>F\u00fcr die ganz kleinen Wasserratten und Barfu\u00dffans: Der Ultra ist ein superleichter Kinderschuh, der in jedes Gep\u00e4ck passt und in keinem Sommerurlaub fehlen darf. Der Ultra ist wassertauglich. So k\u00f6nnen Kinder am Strand und im Wasser toben, w\u00e4hrend du dich unbesorgt zur\u00fccklehnst. Der Ultra Kids besteht aus EVA und nachhaltigem Bloom-Schaumgummi, welcher aus Algen hergestellt wird. Durch den Klettverschluss l\u00e4sst sich der Schuh schnell und sicher schlie\u00dfen. Barfu\u00dfschuhe sind vor allem f\u00fcr Kinderf\u00fc\u00dfe empfehlenswert. Sie f\u00f6rdern das nat\u00fcrliche Laufen und die St\u00e4rkung der Fu\u00dfmuskeln im Wachstum.<\/p>\n<p><b>Audio-Beschreibung<\/b><br \/><audio controls src=\"https:\/\/schuhewiebarfuss.at\/shop\/wp-content\/uploads\/lk\/5088_audio.wav\"><br \/>\n                                            Ihr Browser unterst\u00fctzt diese Audio-Ausgabe leider nicht.<br \/>\n                                            <\/ audio ><\/p>\n","protected":false},"excerpt":{"rendered":"<p>Obermaterial: EVA und algenbasierter Bloom Schaumgummi<br \/>\nPatentierte 3mm d\u00fcnne Sohle, leicht profiliert<br \/>\n100% vegan<\/p>\n","protected":false},"featured_media":481332,"comment_status":"open","ping_status":"closed","template":"","meta":[],"product_brand":[],"product_cat":[3121],"product_tag":[1394,1395,1396,1397,1398,1399,1400,1401,1402,1403,1404,2451,1450],"class_list":{"0":"post-481333","1":"product","2":"type-product","3":"status-publish","4":"has-post-thumbnail","6":"product_cat-sale","7":"product_tag-groesse-25","8":"product_tag-groesse-26","9":"product_tag-groesse-27","10":"product_tag-groesse-28","11":"product_tag-groesse-29","12":"product_tag-groesse-30","13":"product_tag-groesse-31","14":"product_tag-groesse-32","15":"product_tag-groesse-33","16":"product_tag-groesse-34","17":"product_tag-groesse-35","18":"product_tag-marke-vivobarefoot","19":"product_tag-sale","21":"first","22":"instock","23":"taxable","24":"shipping-taxable","25":"purchasable","26":"product-type-variable"},"_links":{"self":[{"href":"https:\/\/schuhewiebarfuss.at\/shop\/wp-json\/wp\/v2\/product\/481333","targetHints":{"allow":["GET"]}}],"collection":[{"href":"https:\/\/schuhewiebarfuss.at\/shop\/wp-json\/wp\/v2\/product"}],"about":[{"href":"https:\/\/schuhewiebarfuss.at\/shop\/wp-json\/wp\/v2\/types\/product"}],"replies":[{"embeddable":true,"href":"https:\/\/schuhewiebarfuss.at\/shop\/wp-json\/wp\/v2\/comments?post=481333"}],"wp:featuredmedia":[{"embeddable":true,"href":"https:\/\/schuhewiebarfuss.at\/shop\/wp-json\/wp\/v2\/media\/481332"}],"wp:attachment":[{"href":"https:\/\/schuhewiebarfuss.at\/shop\/wp-json\/wp\/v2\/media?parent=481333"}],"wp:term":[{"taxonomy":"product_brand","embeddable":true,"href":"https:\/\/schuhewiebarfuss.at\/shop\/wp-json\/wp\/v2\/product_brand?post=481333"},{"taxonomy":"product_cat","embeddable":true,"href":"https:\/\/schuhewiebarfuss.at\/shop\/wp-json\/wp\/v2\/product_cat?post=481333"},{"taxonomy":"product_tag","embeddable":true,"href":"https:\/\/schuhewiebarfuss.at\/shop\/wp-json\/wp\/v2\/product_tag?post=481333"}],"curies":[{"name":"wp","href":"https:\/\/api.w.org\/{rel}","templated":true}]}}