{"id":481236,"date":"2024-04-10T16:15:46","date_gmt":"2024-04-10T14:15:46","guid":{"rendered":"https:\/\/schuhewiebarfuss.at\/shop\/produkt\/froddo-elastic-leder\/"},"modified":"2026-04-18T18:38:19","modified_gmt":"2026-04-18T16:38:19","slug":"froddo-elastic-leder","status":"publish","type":"product","link":"https:\/\/schuhewiebarfuss.at\/shop\/produkt\/froddo-elastic-leder\/","title":{"rendered":"Froddo Elastic Leder"},"content":{"rendered":"<p>Diese flexiblen Leder-Sneaker aus der Froddo Barfu\u00dfserie eignen sich perfekt zum Spielen und Toben und lassen den Kinderf\u00fc\u00dfen den Platz, den sie brauchen. <\/p>\n<p>Mit der extra flexiblen Laufsohle dieser Sneaker von Froddo laufen Ihre Kleinen wie barfu\u00df. Dank des vegetabil\/semivegetabil gegerbten Leders ist dieses Modell wasserabweisend und umweltfreundlich. Mit dem nachhaltig gegerbten Lederfutter ist f\u00fcr ein gutes Fu\u00dfklima gesorgt. Zus\u00e4tzlich zum Klettverschluss machen Elastikb\u00e4ndern das Anziehen leicht und geben guten Halt. Dank der verwendeten Materialien sind sie ultraleicht, luftig und bequem.<br \/>\nDer Froddo Elastic verf\u00fcgt \u00fcber eine flache, herausnehmbare antibakterielle Innensohle mit Lederoberfl\u00e4che. Der breitere Zehenbereich dieser besonders flexiblen Schuhe sorgt f\u00fcr Stabilit\u00e4t des Fu\u00dfes beim Gehen, unterst\u00fctzt die nat\u00fcrliche und gesunde Entwicklung der Kinderf\u00fc\u00dfe und imitiert das Barfu\u00dflaufen. Beim Gehen wird die Sohle sehr weich. <\/p>\n<p>Mit diesem Paar sind die Kids f\u00fcr alle Abenteuer gut ger\u00fcstet.<\/p>\n<p>Die Marke Froddo verf\u00fcgt \u00fcber mehr als 70 Jahre Erfahrung in der Herstellung von Schuhen in eigenen Produktionsst\u00e4tten in Kroatien. F\u00fcr die Produktion werden nat\u00fcrliche, zertifizierte Materialien europ\u00e4ischer Lieferanten (ohne Chrom VI) verwendet. <\/p>\n<p>F\u00fcr breitere F\u00fc\u00dfe und normalen Spann.<\/p>\n<p>Materialdetails:<\/p>\n<p>Obermaterial: umweltfreundliches Naturleder Terracare\u00ae (Glattleder)<br \/>\nInnenfutter: chromfreies Leder<br \/>\nSohle: Thermo-Gummi<br \/>\nInnensohle: herausnehmbare, antibakterielle Mikrofaser-Einlegesohle<br \/>\nAbsatz: Nullabsatz, keine H\u00f6hendifferenz zwischen Ferse und Vorderfu\u00df<br \/>\nVerschluss: Klettverschluss, Elastikb\u00e4ndern<br \/>\nBesonderheiten: wasserabweisend, sehr flexible Sohle, ergonomische Zehenbox, normaler bis breiter Fu\u00df, normaler Spann<br \/>\nMaterialhinweis: Frei von sch\u00e4dlichen Materialien (gepr\u00fcft!)<br \/>\nHergestellt in Kroatien<\/p>\n<p>Wir empfehlen, die Schuhe vor dem ersten Tragen zu impr\u00e4gnieren und bei Bedarf zu pflegen.<\/p>\n<p>Schuhpflege: <\/p>\n<p>Zuerst sind von den Lederschuhen Schmutz und R\u00fcckst\u00e4nde alter Schuhcreme mittels eines Schwamms, einer Naturhaarb\u00fcrste oder einem weichen Tuch zu entfernen. Nach dem Reinigen ist eine Schuhcreme d\u00fcnnschichtig und gleichm\u00e4\u00dfig auf die Schuhe aufzutragen. Lassen Sie die Creme eintrocknen und b\u00fcrsten Sie danach noch einmal die Schuhe. F\u00fcr eine h\u00f6here Widerstandsf\u00e4higkeit gegen Schmutz und Feuchtigkeit empfehlen wir die regelm\u00e4\u00dfige Anwendung einer Impr\u00e4gnierung. Die Schuhe nicht in der N\u00e4he von W\u00e4rmequellen einweichen, waschen oder trocknen.<\/p>\n<p>Innensohle &#8211; L\u00e4nge\/Breite (mm):<\/p>\n<p>Gr\u00f6\u00dfe: 23 &#8211; L\u00e4nge: 151 mm &#8211; Breite: 64 mm<br \/>\nGr\u00f6\u00dfe: 24 &#8211; L\u00e4nge: 157 mm &#8211; Breite: 66 mm<br \/>\nGr\u00f6\u00dfe: 25 &#8211; L\u00e4nge: 165 mm &#8211; Breite: 68 mm<br \/>\nGr\u00f6\u00dfe: 26 &#8211; L\u00e4nge: 174 mm &#8211; Breite: 70 mm<br \/>\nGr\u00f6\u00dfe: 27 &#8211; L\u00e4nge: 179 mm &#8211; Breite: 72 mm<br \/>\nGr\u00f6\u00dfe: 28 &#8211; L\u00e4nge: 183 mm &#8211; Breite: 73 mm<br \/>\nGr\u00f6\u00dfe: 29 &#8211; L\u00e4nge: 192 mm &#8211; Breite: 74 mm<br \/>\nGr\u00f6\u00dfe: 30 &#8211; L\u00e4nge: 197 mm &#8211; Breite: 75 mm<br \/>\nGr\u00f6\u00dfe: 31 &#8211; L\u00e4nge: 202 mm &#8211; Breite: 76 mm<br \/>\nGr\u00f6\u00dfe: 32 &#8211; L\u00e4nge: 210 mm &#8211; Breite: 77 mm<br \/>\nGr\u00f6\u00dfe: 33 &#8211; L\u00e4nge: 215 mm &#8211; Breite: 77 mm<br \/>\nGr\u00f6\u00dfe: 34 &#8211; L\u00e4nge: 223 mm &#8211; Breite: 78 mm<br \/>\nGr\u00f6\u00dfe: 35 &#8211; L\u00e4nge: 229 mm &#8211; Breite: 79 mm<br \/>\nGr\u00f6\u00dfe: 36 &#8211; L\u00e4nge: 240 mm &#8211; Breite: 88 mm<br \/>\nGr\u00f6\u00dfe: 37 &#8211; L\u00e4nge: 248 mm &#8211; Breite: 90 mm<br \/>\nGr\u00f6\u00dfe: 38 &#8211; L\u00e4nge: 255 mm &#8211; Breite: 92 mm<br \/>\nGr\u00f6\u00dfe: 39 &#8211; L\u00e4nge: 262 mm &#8211; Breite: 94 mm<br \/>\nGr\u00f6\u00dfe: 40 &#8211; L\u00e4nge: 267 mm &#8211; Breite: 96 mm<\/p>\n<p><b>Audio-Beschreibung<\/b><br \/><audio controls src=\"https:\/\/schuhewiebarfuss.at\/shop\/wp-content\/uploads\/lk\/6068_audio.wav\"><br \/>\n                                            Ihr Browser unterst\u00fctzt diese Audio-Ausgabe leider nicht.<br \/>\n                                            <\/ audio ><\/p>\n","protected":false},"excerpt":{"rendered":"<p>Froddo ELASTIC LEDER Sneaker<\/p>\n<p>Obermaterial: Naturleder Terracare\u00ae (Glattleder)<br \/>\nInnenfutter: Leder<br \/>\nSohle: Thermo-Gummi<br \/>\nInnensohle: Mikrofaser-Einlegesohle, herausnehmbar<br \/>\nAbsatz: Nullabsatz<br \/>\nVerschluss: Klettverschluss, Elastikb\u00e4ndern<br \/>\nBesonderheiten: wasserabweisend, flexibel, breite Zehenbox, normaler\/breiter Fu\u00df, normale Spann<br \/>\nMaterialhinweis: frei von Schadstoffen<br \/>\nHergestellt in Kroatien<\/p>\n","protected":false},"featured_media":577973,"comment_status":"open","ping_status":"closed","template":"","meta":[],"product_brand":[],"product_cat":[845],"product_tag":[1479,1570,2563,1798,3148,1481,1600,1413,1385,1390,1391,1392,1393,1394,1395,1396,1397,1398,1399,1400,1401,1402,1403,1404,1362,1368,1373,1374,1375,2450],"class_list":{"0":"post-481236","1":"product","2":"type-product","3":"status-publish","4":"has-post-thumbnail","6":"product_cat-lifestyle-1","7":"product_tag-farbe-blau","8":"product_tag-farbe-gruen","9":"product_tag-farbe-hellblau","10":"product_tag-farbe-hellbraun","11":"product_tag-farbe-light-grey","12":"product_tag-farbe-pink","13":"product_tag-farbe-rot","14":"product_tag-farbe-tuerkis","15":"product_tag-groesse-20","16":"product_tag-groesse-21","17":"product_tag-groesse-22","18":"product_tag-groesse-23","19":"product_tag-groesse-24","20":"product_tag-groesse-25","21":"product_tag-groesse-26","22":"product_tag-groesse-27","23":"product_tag-groesse-28","24":"product_tag-groesse-29","25":"product_tag-groesse-30","26":"product_tag-groesse-31","27":"product_tag-groesse-32","28":"product_tag-groesse-33","29":"product_tag-groesse-34","30":"product_tag-groesse-35","31":"product_tag-groesse-36","32":"product_tag-groesse-37","33":"product_tag-groesse-38","34":"product_tag-groesse-39","35":"product_tag-groesse-40","36":"product_tag-marke-froddo-ivancia-d-d","38":"first","39":"instock","40":"taxable","41":"shipping-taxable","42":"purchasable","43":"product-type-variable"},"_links":{"self":[{"href":"https:\/\/schuhewiebarfuss.at\/shop\/wp-json\/wp\/v2\/product\/481236","targetHints":{"allow":["GET"]}}],"collection":[{"href":"https:\/\/schuhewiebarfuss.at\/shop\/wp-json\/wp\/v2\/product"}],"about":[{"href":"https:\/\/schuhewiebarfuss.at\/shop\/wp-json\/wp\/v2\/types\/product"}],"replies":[{"embeddable":true,"href":"https:\/\/schuhewiebarfuss.at\/shop\/wp-json\/wp\/v2\/comments?post=481236"}],"wp:featuredmedia":[{"embeddable":true,"href":"https:\/\/schuhewiebarfuss.at\/shop\/wp-json\/wp\/v2\/media\/577973"}],"wp:attachment":[{"href":"https:\/\/schuhewiebarfuss.at\/shop\/wp-json\/wp\/v2\/media?parent=481236"}],"wp:term":[{"taxonomy":"product_brand","embeddable":true,"href":"https:\/\/schuhewiebarfuss.at\/shop\/wp-json\/wp\/v2\/product_brand?post=481236"},{"taxonomy":"product_cat","embeddable":true,"href":"https:\/\/schuhewiebarfuss.at\/shop\/wp-json\/wp\/v2\/product_cat?post=481236"},{"taxonomy":"product_tag","embeddable":true,"href":"https:\/\/schuhewiebarfuss.at\/shop\/wp-json\/wp\/v2\/product_tag?post=481236"}],"curies":[{"name":"wp","href":"https:\/\/api.w.org\/{rel}","templated":true}]}}