{"id":481205,"date":"2024-04-10T16:13:14","date_gmt":"2024-04-10T14:13:14","guid":{"rendered":"https:\/\/schuhewiebarfuss.at\/shop\/produkt\/egg-boot-bio-tex-dunkelblau\/"},"modified":"2026-02-28T18:42:01","modified_gmt":"2026-02-28T17:42:01","slug":"egg-boot-bio-tex-dunkelblau","status":"publish","type":"product","link":"https:\/\/schuhewiebarfuss.at\/shop\/produkt\/egg-boot-bio-tex-dunkelblau\/","title":{"rendered":"Egg-Boot Bio Tex Dunkelblau"},"content":{"rendered":"<p>Winterwunderland &#8211; mit warmen F\u00fc\u00dfen und schnellen Schritten gut eingepackt durch den Winter. Perfekt ger\u00fcstet f\u00fcr die Abenteuer an einem kalten Wintertag mit unserem kuscheligen EggBOOT in einem sch\u00f6nen kr\u00e4ftigen Blau.<\/p>\n<p>Unser EggBOOT ist ein hoch geschnittener Winterstiefel mit einem praktischen Rei\u00dfverschluss.<br \/>\nSelbst diese gef\u00fctterten Winterschuhe sind extrem biegsam und weich. Dank der einzigartigen und sehr flexiblen Filii-Barefoot Sohle, ist eine Unterst\u00fctzung des Muskelaufbaus m\u00f6glich und f\u00f6rdert parallel den Gleichgewichtssinn. Die hoch-abriebfeste Kautschuksohle ist auch f\u00fcr Allergiker geeignet, da sie kein Latex beinhaltet. Nat\u00fcrlich haben alle unsere Schuhe keinen Fersenabsatz und auch kein Fu\u00dfbett.<br \/>\nDas Obermaterial ist Bio-Glattleder und sehr weich und dar\u00fcber hinaus wasser- und schmutzabweisend. Als Innenfutter dient ein Wolle (50% WO\/50% PES) nach \u00d6ko-Tex Standard 100. So sind die F\u00fc\u00dfe f\u00fcr die kalten Wintermonate gut beh\u00fctet. Dank der speziellen TEX-Membran ist der Schuh auch gegen Wasser und Schnee gesch\u00fctzt.<\/p>\n<p>Eine zus\u00e4tzliche Isoliereinlage im Innenschuh, sch\u00fctzt die emfindlichen Kinderf\u00fc\u00dfe vor eindringender K\u00e4lte \u00fcber die Sohle.<\/p>\n<p>Sowohl das Leder als auch die Gummisohle enthalten weder Azofarbstoffe, Chrom VI oder sonstige gef\u00e4hrliche Stoffe! Bitte impr\u00e4gnieren sie die Schuhe vor dem ersten Tragen.<\/p>\n<p>Wir weisen freundlich darauf hin, das Bobbycar und Laufrad fahren normale Abnutzungsspuren an den Schuhen erzeugt und dies kein Reklamationsgrund ist. Unser Bio-Leder ist ein Naturmaterial, es kann zu leichten Ver\u00e4nderungen der Farbe durch Sonneneinstahlung und falscher Pflege kommen.<\/p>\n<p>Passform Tipp:<br \/>\nDie Schuhe passen f\u00fcr Kinder mit mittleren F\u00fc\u00dfen (Laut WMS-Messger\u00e4t entspricht Weite M). Bitte keine dicken Baumwoll-Thermostrumpfhosen oder reine Baumwollsocken anziehen.<br \/>\nWir empfehlen d\u00fcnne Funktionssocken, da die Membran nur in Kombination mit der richtigen Socken-Materialmischung die F\u00fc\u00dfe am besten w\u00e4rmt.<\/p>\n<p>Pflegehinweis:<br \/>\nSchuhe bitte regelm\u00e4\u00dfig nach der B\u00fcrsten-Reinigung, mit einem geeignetem Impr\u00e4gnierspray f\u00fcr Membranen einspr\u00fchen.<br \/>\nGrobe Verunreinigungen gut trocknen lassen, danach mit einer geeigneten Lederb\u00fcrste behandeln und anschlie\u00dfend wieder impr\u00e4gnieren. Danach gut trocknen lassen.<br \/>\nBei Glattleder empfehlen wir zus\u00e4tzlich ein geignetest Wachs zur optimalen Pflege und Geschmeidigkeit des Leders.<\/p>\n<p><b>Audio-Beschreibung<\/b><br \/><audio controls src=\"https:\/\/schuhewiebarfuss.at\/shop\/wp-content\/uploads\/lk\/5193_audio.wav\"><br \/>\n                                            Ihr Browser unterst\u00fctzt diese Audio-Ausgabe leider nicht.<br \/>\n                                            <\/ audio ><\/p>\n","protected":false},"excerpt":{"rendered":"<p>Modell: EggBOOT<br \/>\nMaterial: Bio-Glattleder<br \/>\nInnenfutter: Wolle (50% WO\/50% PES)<br \/>\nFarbe: Blau<br \/>\nGeschlecht: M\u00e4dchen<br \/>\nVerschluss: Rei\u00dfverschluss<br \/>\nSohlenfarbe: beige mit Kork\/honey cork<br \/>\nWeitere Eigenschaften: &#8211;<br \/>\nWMS-Schuhweite: Mittel<br \/>\nHerkunft\/Produktion: Portugal <\/p>\n","protected":false},"featured_media":481204,"comment_status":"open","ping_status":"closed","template":"","meta":[],"product_brand":[],"product_cat":[3121],"product_tag":[1392,1393,1394,1395,1396,1397,1398,1399,1400,1401,2463,1450],"class_list":{"0":"post-481205","1":"product","2":"type-product","3":"status-publish","4":"has-post-thumbnail","6":"product_cat-sale","7":"product_tag-groesse-23","8":"product_tag-groesse-24","9":"product_tag-groesse-25","10":"product_tag-groesse-26","11":"product_tag-groesse-27","12":"product_tag-groesse-28","13":"product_tag-groesse-29","14":"product_tag-groesse-30","15":"product_tag-groesse-31","16":"product_tag-groesse-32","17":"product_tag-marke-filii","18":"product_tag-sale","20":"first","21":"instock","22":"taxable","23":"shipping-taxable","24":"purchasable","25":"product-type-variable"},"_links":{"self":[{"href":"https:\/\/schuhewiebarfuss.at\/shop\/wp-json\/wp\/v2\/product\/481205","targetHints":{"allow":["GET"]}}],"collection":[{"href":"https:\/\/schuhewiebarfuss.at\/shop\/wp-json\/wp\/v2\/product"}],"about":[{"href":"https:\/\/schuhewiebarfuss.at\/shop\/wp-json\/wp\/v2\/types\/product"}],"replies":[{"embeddable":true,"href":"https:\/\/schuhewiebarfuss.at\/shop\/wp-json\/wp\/v2\/comments?post=481205"}],"wp:featuredmedia":[{"embeddable":true,"href":"https:\/\/schuhewiebarfuss.at\/shop\/wp-json\/wp\/v2\/media\/481204"}],"wp:attachment":[{"href":"https:\/\/schuhewiebarfuss.at\/shop\/wp-json\/wp\/v2\/media?parent=481205"}],"wp:term":[{"taxonomy":"product_brand","embeddable":true,"href":"https:\/\/schuhewiebarfuss.at\/shop\/wp-json\/wp\/v2\/product_brand?post=481205"},{"taxonomy":"product_cat","embeddable":true,"href":"https:\/\/schuhewiebarfuss.at\/shop\/wp-json\/wp\/v2\/product_cat?post=481205"},{"taxonomy":"product_tag","embeddable":true,"href":"https:\/\/schuhewiebarfuss.at\/shop\/wp-json\/wp\/v2\/product_tag?post=481205"}],"curies":[{"name":"wp","href":"https:\/\/api.w.org\/{rel}","templated":true}]}}