{"id":481130,"date":"2024-04-10T16:09:44","date_gmt":"2024-04-10T14:09:44","guid":{"rendered":"https:\/\/schuhewiebarfuss.at\/shop\/produkt\/froddo-flexy-lia\/"},"modified":"2026-03-10T20:04:44","modified_gmt":"2026-03-10T19:04:44","slug":"froddo-flexy-lia","status":"publish","type":"product","link":"https:\/\/schuhewiebarfuss.at\/shop\/produkt\/froddo-flexy-lia\/","title":{"rendered":"Froddo Flexy Lia"},"content":{"rendered":"<p>Die Flexy Sandale Lia von froddo ist mit einer extrad\u00fcnnen und flexiblen Laufsohle ausgestattet die das Barfu\u00dflaufen imitiert. Kinder sp\u00fcren den Untergrund, so wird Motorik und Balance gef\u00f6rdert. Eine hochwertige Lederausstattung und zwei Klettverschl\u00fcsse f\u00fcr einen leichten Einstieg und guten Sitz runden das Komfortprogramm ab. Dunkelblaues Leder macht die Sandalen pflegeleicht und vielseitig kombinierbar.<\/p>\n<p>Merkmale<\/p>\n<p>Obermaterial: chromfrei gegerbtes Leder<br \/>\nFutter: chromfrei gegerbtes Leder<br \/>\nDecksohle: chromfrei gegerbtes Leder<br \/>\nLaufsohle: Vibram Supernewflex (6 mm)<br \/>\nWeite: normal<br \/>\nAbsatz: flach<br \/>\nSchuhspitze: offen<br \/>\nVerschlussart: Klettverschluss<br \/>\nEigenschaften: normalbreite F\u00fc\u00dfe, geeignet f\u00fcr mittel bis hohen Spann<br \/>\nMaterialhinweis: Frei von sch\u00e4dlichen Materialien (gepr\u00fcft!)<br \/>\nHergestellt in Kroatien<\/p>\n<p>Tipps zur Schuhpflege:<\/p>\n<p>Zuerst sind von den Lederschuhen Schmutz und R\u00fcckst\u00e4nde alter Schuhcreme mittels eines Schwamms, einer Naturhaarb\u00fcrste oder einem weichen Tuch zu entfernen. Nach dem Reinigen ist eine Schuhcreme d\u00fcnnschichtig und gleichm\u00e4\u00dfig auf die Schuhe aufzutragen. Lassen Sie die Creme eintrocknen und b\u00fcrsten Sie danach noch einmal die Schuhe.<\/p>\n<p>Innensohle &#8211; L\u00e4nge\/Breite (mm):<\/p>\n<p>Gr\u00f6\u00dfe: 25 &#8211; L\u00e4nge: 171 mm &#8211; Breite: 68 mm<br \/>\nGr\u00f6\u00dfe: 26 &#8211; L\u00e4nge: 178 mm &#8211; Breite: 70 mm<br \/>\nGr\u00f6\u00dfe: 27 &#8211; L\u00e4nge: 184 mm &#8211; Breite: 72 mm<br \/>\nGr\u00f6\u00dfe: 28 &#8211; L\u00e4nge: 191 mm &#8211; Breite: 74 mm<br \/>\nGr\u00f6\u00dfe: 29 &#8211; L\u00e4nge: 198 mm &#8211; Breite: 74 mm<br \/>\nGr\u00f6\u00dfe: 30 &#8211; L\u00e4nge: 203 mm &#8211; Breite: 76 mm<br \/>\nGr\u00f6\u00dfe: 31 &#8211; L\u00e4nge: 211 mm &#8211; Breite: 78 mm<br \/>\nGr\u00f6\u00dfe: 32 &#8211; L\u00e4nge: 219 mm &#8211; Breite: 78 mm<br \/>\nGr\u00f6\u00dfe: 33 &#8211; L\u00e4nge: 225 mm &#8211; Breite: 80 mm<br \/>\nGr\u00f6\u00dfe: 34 &#8211; L\u00e4nge: 231 mm &#8211; Breite: 81 mm<br \/>\nGr\u00f6\u00dfe: 35 &#8211; L\u00e4nge: 239 mm &#8211; Breite: 82 mm<br \/>\nGr\u00f6\u00dfe: 36 &#8211; L\u00e4nge: 244 mm &#8211; Breite: 88 mm<br \/>\nGr\u00f6\u00dfe: 37 &#8211; L\u00e4nge: 251 mm &#8211; Breite: 90 mm<br \/>\nGr\u00f6\u00dfe: 38 &#8211; L\u00e4nge: 257 mm &#8211; Breite: 92 mm<br \/>\nGr\u00f6\u00dfe: 39 &#8211; L\u00e4nge: 263 mm &#8211; Breite: 94 mm<br \/>\nGr\u00f6\u00dfe: 40 &#8211; L\u00e4nge: 271 mm &#8211; Breite: 96 mm<\/p>\n<p><b>Audio-Beschreibung<\/b><br \/><audio controls src=\"https:\/\/schuhewiebarfuss.at\/shop\/wp-content\/uploads\/lk\/6073_audio.wav\"><br \/>\n                                            Ihr Browser unterst\u00fctzt diese Audio-Ausgabe leider nicht.<br \/>\n                                            <\/ audio ><\/p>\n","protected":false},"excerpt":{"rendered":"<p>Froddo FLEXY LIA Kinder-Sandale<\/p>\n<p>Obermaterial: Leder<br \/>\nFutter: Leder<br \/>\nDecksohle: Leder<br \/>\nLaufsohle: Vibram<br \/>\nAbsatz: Nullabsatz<br \/>\nVerschlussart: Klettverschluss<br \/>\nEigenschaften: normalbreite F\u00fc\u00dfe, f\u00fcr mittel bis hohen Spann<br \/>\nMaterialhinweis: frei von Schadstoffen<br \/>\nHergestellt in Kroatien<\/p>\n","protected":false},"featured_media":481129,"comment_status":"open","ping_status":"closed","template":"","meta":[],"product_brand":[],"product_cat":[846],"product_tag":[1479,1570,2629,2308,1600,1413,1394,1395,1396,1397,1398,1399,1400,1401,1402,1403,1404,1362,1368,1373,1374,1375,2450],"class_list":{"0":"post-481130","1":"product","2":"type-product","3":"status-publish","4":"has-post-thumbnail","6":"product_cat-sandalen-4","7":"product_tag-farbe-blau","8":"product_tag-farbe-gruen","9":"product_tag-farbe-lila","10":"product_tag-farbe-rosa","11":"product_tag-farbe-rot","12":"product_tag-farbe-tuerkis","13":"product_tag-groesse-25","14":"product_tag-groesse-26","15":"product_tag-groesse-27","16":"product_tag-groesse-28","17":"product_tag-groesse-29","18":"product_tag-groesse-30","19":"product_tag-groesse-31","20":"product_tag-groesse-32","21":"product_tag-groesse-33","22":"product_tag-groesse-34","23":"product_tag-groesse-35","24":"product_tag-groesse-36","25":"product_tag-groesse-37","26":"product_tag-groesse-38","27":"product_tag-groesse-39","28":"product_tag-groesse-40","29":"product_tag-marke-froddo-ivancia-d-d","31":"first","32":"instock","33":"taxable","34":"shipping-taxable","35":"purchasable","36":"product-type-variable"},"_links":{"self":[{"href":"https:\/\/schuhewiebarfuss.at\/shop\/wp-json\/wp\/v2\/product\/481130","targetHints":{"allow":["GET"]}}],"collection":[{"href":"https:\/\/schuhewiebarfuss.at\/shop\/wp-json\/wp\/v2\/product"}],"about":[{"href":"https:\/\/schuhewiebarfuss.at\/shop\/wp-json\/wp\/v2\/types\/product"}],"replies":[{"embeddable":true,"href":"https:\/\/schuhewiebarfuss.at\/shop\/wp-json\/wp\/v2\/comments?post=481130"}],"wp:featuredmedia":[{"embeddable":true,"href":"https:\/\/schuhewiebarfuss.at\/shop\/wp-json\/wp\/v2\/media\/481129"}],"wp:attachment":[{"href":"https:\/\/schuhewiebarfuss.at\/shop\/wp-json\/wp\/v2\/media?parent=481130"}],"wp:term":[{"taxonomy":"product_brand","embeddable":true,"href":"https:\/\/schuhewiebarfuss.at\/shop\/wp-json\/wp\/v2\/product_brand?post=481130"},{"taxonomy":"product_cat","embeddable":true,"href":"https:\/\/schuhewiebarfuss.at\/shop\/wp-json\/wp\/v2\/product_cat?post=481130"},{"taxonomy":"product_tag","embeddable":true,"href":"https:\/\/schuhewiebarfuss.at\/shop\/wp-json\/wp\/v2\/product_tag?post=481130"}],"curies":[{"name":"wp","href":"https:\/\/api.w.org\/{rel}","templated":true}]}}