{"id":480952,"date":"2024-04-10T15:53:52","date_gmt":"2024-04-10T13:53:52","guid":{"rendered":"https:\/\/schuhewiebarfuss.at\/shop\/produkt\/trail-glove-5-damen\/"},"modified":"2026-03-01T06:52:30","modified_gmt":"2026-03-01T05:52:30","slug":"trail-glove-5-damen","status":"publish","type":"product","link":"https:\/\/schuhewiebarfuss.at\/shop\/produkt\/trail-glove-5-damen\/","title":{"rendered":"Trail Glove 5 Damen"},"content":{"rendered":"<p>Dieser Trainingsschuh ist auf die Bewegung abgestimmt, um die nat\u00fcrliche Funktion des Fu\u00dfes zur Stabilisierung des K\u00f6rpers bei abrupten Bewegungen zu verbessern.<\/p>\n<p>EIGENSCHAFTEN<\/p>\n<p>\u2022 Obermaterial aus Mesh und TPU<br \/>\n\u2022 Traditionelles Schn\u00fcrsystem<br \/>\n\u2022 Hyperlock\u2122 TPU-Fersenkappe f\u00fcr mehr Sicherheit<br \/>\n\u2022 Antimikrobielle M Select\u2122 FRESH-Behandlung zur Geruchsreduzierung<br \/>\n\u2022 Atmungsaktives Meshfutter<br \/>\n\u2022 Integrierte Innensohle<br \/>\n\u2022 Die Merrell Barefoot 2-Konstruktion verbessert die Eigenempfindung und Stabilit\u00e4t bei wechselhaften Bewegungen.<br \/>\n\u2022 TrailProtect\u2122 Rock-Plate sch\u00fctzt davor, dass Schmutz unter die Fu\u00dfsohle gelangt<br \/>\n\u2022 Vibram\u00ae TC5+<br \/>\n\u2022F\u00fcr Veganer geeignet<br \/>\n\u2022 Sohlengesamth\u00f6he (Ferse\/Zehe): 11,5\/11,5\u00a0mm; Innensohle: 0 mm; Innensohle: 3 mm; Zwischensohle: 4\/4 mm; Sohle: 1,5\u00a0mm Gewebe, 3\u00a0mm Profil<br \/>\n\u2022 Gewicht: 196 g (1 Schuh)<\/p>\n<p><b>Audio-Beschreibung<\/b><br \/><audio controls src=\"https:\/\/schuhewiebarfuss.at\/shop\/wp-content\/uploads\/lk\/5682_audio.wav\"><br \/>\n                                            Ihr Browser unterst\u00fctzt diese Audio-Ausgabe leider nicht.<br \/>\n                                            <\/ audio ><\/p>\n","protected":false},"excerpt":{"rendered":"<p>Technologie: Barefoot Schuhkonstruktion (Merrell) f\u00fcr nat\u00fcrliches Laufen und Barfu\u00df-Gef\u00fchl dank minimalistischer Konstruktion und 0 mm Sprengung, teils recyceltes Material.<\/p>\n","protected":false},"featured_media":480951,"comment_status":"open","ping_status":"closed","template":"","meta":[],"product_brand":[],"product_cat":[3121],"product_tag":[1408,1362,1368,1373,1374,1375,1376,1377,2468,1450],"class_list":{"0":"post-480952","1":"product","2":"type-product","3":"status-publish","4":"has-post-thumbnail","6":"product_cat-sale","7":"product_tag-farbe-schwarz","8":"product_tag-groesse-36","9":"product_tag-groesse-37","10":"product_tag-groesse-38","11":"product_tag-groesse-39","12":"product_tag-groesse-40","13":"product_tag-groesse-41","14":"product_tag-groesse-42","15":"product_tag-marke-merrell","16":"product_tag-sale","18":"first","19":"instock","20":"taxable","21":"shipping-taxable","22":"purchasable","23":"product-type-variable"},"_links":{"self":[{"href":"https:\/\/schuhewiebarfuss.at\/shop\/wp-json\/wp\/v2\/product\/480952","targetHints":{"allow":["GET"]}}],"collection":[{"href":"https:\/\/schuhewiebarfuss.at\/shop\/wp-json\/wp\/v2\/product"}],"about":[{"href":"https:\/\/schuhewiebarfuss.at\/shop\/wp-json\/wp\/v2\/types\/product"}],"replies":[{"embeddable":true,"href":"https:\/\/schuhewiebarfuss.at\/shop\/wp-json\/wp\/v2\/comments?post=480952"}],"wp:featuredmedia":[{"embeddable":true,"href":"https:\/\/schuhewiebarfuss.at\/shop\/wp-json\/wp\/v2\/media\/480951"}],"wp:attachment":[{"href":"https:\/\/schuhewiebarfuss.at\/shop\/wp-json\/wp\/v2\/media?parent=480952"}],"wp:term":[{"taxonomy":"product_brand","embeddable":true,"href":"https:\/\/schuhewiebarfuss.at\/shop\/wp-json\/wp\/v2\/product_brand?post=480952"},{"taxonomy":"product_cat","embeddable":true,"href":"https:\/\/schuhewiebarfuss.at\/shop\/wp-json\/wp\/v2\/product_cat?post=480952"},{"taxonomy":"product_tag","embeddable":true,"href":"https:\/\/schuhewiebarfuss.at\/shop\/wp-json\/wp\/v2\/product_tag?post=480952"}],"curies":[{"name":"wp","href":"https:\/\/api.w.org\/{rel}","templated":true}]}}