{"id":480932,"date":"2024-04-10T15:47:44","date_gmt":"2024-04-10T13:47:44","guid":{"rendered":"https:\/\/schuhewiebarfuss.at\/shop\/produkt\/rainbow-braun-blau-orange\/"},"modified":"2026-02-28T18:15:24","modified_gmt":"2026-02-28T17:15:24","slug":"rainbow-braun-blau-orange","status":"publish","type":"product","link":"https:\/\/schuhewiebarfuss.at\/shop\/produkt\/rainbow-braun-blau-orange\/","title":{"rendered":"Rainbow Braun\/Blau\/Orange"},"content":{"rendered":"<p>Schuhfunktion<br \/>\n\u2022Genug Platz f\u00fcr Zehen (breite Spitze) &#8211; die Zehen k\u00f6nnen sich ausreichend st\u00fctzen und absto\u00dfen; die Fu\u00dfw\u00f6lbung wird nat\u00fcrlich stimuliert.<br \/>\n\u2022Null Absatz f\u00fcr nat\u00fcrliche Position des Fu\u00dfes \/ K\u00f6rper<br \/>\n\u2022Der Schuh deformiert nicht den Fu\u00df, man f\u00fchlt sich fast wie beim barfu\u00df Laufen.<\/p>\n<p>Herkunft der Materialien \/ Herstellung<br \/>\n\u2022Der Schuh ist aus Komponenten gefertigt, deren Herkunft EU-L\u00e4nder sind.<br \/>\n\u2022Die komplette Herstellung findet ausschlie\u00dflich in der Tschechischen Republik statt<br \/>\n\u2022Ahinsa Shoes werden per Hand hergestellt!<\/p>\n<p><b>Audio-Beschreibung<\/b><br \/><audio controls src=\"https:\/\/schuhewiebarfuss.at\/shop\/wp-content\/uploads\/lk\/5150_audio.wav\"><br \/>\n                                            Ihr Browser unterst\u00fctzt diese Audio-Ausgabe leider nicht.<br \/>\n                                            <\/ audio ><\/p>\n","protected":false},"excerpt":{"rendered":"<p>Schuhinformation<br \/>\n\u2022Obermaterial 100% Baumwolle<\/p>\n","protected":false},"featured_media":480931,"comment_status":"open","ping_status":"closed","template":"","meta":[],"product_brand":[],"product_cat":[3121],"product_tag":[1404,1362,1368,1373,1374,1377,1378,2459,1450],"class_list":{"0":"post-480932","1":"product","2":"type-product","3":"status-publish","4":"has-post-thumbnail","6":"product_cat-sale","7":"product_tag-groesse-35","8":"product_tag-groesse-36","9":"product_tag-groesse-37","10":"product_tag-groesse-38","11":"product_tag-groesse-39","12":"product_tag-groesse-42","13":"product_tag-groesse-43","14":"product_tag-marke-ahinsa","15":"product_tag-sale","17":"first","18":"instock","19":"taxable","20":"shipping-taxable","21":"purchasable","22":"product-type-variable"},"_links":{"self":[{"href":"https:\/\/schuhewiebarfuss.at\/shop\/wp-json\/wp\/v2\/product\/480932","targetHints":{"allow":["GET"]}}],"collection":[{"href":"https:\/\/schuhewiebarfuss.at\/shop\/wp-json\/wp\/v2\/product"}],"about":[{"href":"https:\/\/schuhewiebarfuss.at\/shop\/wp-json\/wp\/v2\/types\/product"}],"replies":[{"embeddable":true,"href":"https:\/\/schuhewiebarfuss.at\/shop\/wp-json\/wp\/v2\/comments?post=480932"}],"wp:featuredmedia":[{"embeddable":true,"href":"https:\/\/schuhewiebarfuss.at\/shop\/wp-json\/wp\/v2\/media\/480931"}],"wp:attachment":[{"href":"https:\/\/schuhewiebarfuss.at\/shop\/wp-json\/wp\/v2\/media?parent=480932"}],"wp:term":[{"taxonomy":"product_brand","embeddable":true,"href":"https:\/\/schuhewiebarfuss.at\/shop\/wp-json\/wp\/v2\/product_brand?post=480932"},{"taxonomy":"product_cat","embeddable":true,"href":"https:\/\/schuhewiebarfuss.at\/shop\/wp-json\/wp\/v2\/product_cat?post=480932"},{"taxonomy":"product_tag","embeddable":true,"href":"https:\/\/schuhewiebarfuss.at\/shop\/wp-json\/wp\/v2\/product_tag?post=480932"}],"curies":[{"name":"wp","href":"https:\/\/api.w.org\/{rel}","templated":true}]}}