{"id":480864,"date":"2024-04-10T15:38:44","date_gmt":"2024-04-10T13:38:44","guid":{"rendered":"https:\/\/schuhewiebarfuss.at\/shop\/produkt\/z-trail-ev-damen\/"},"modified":"2026-03-16T18:33:12","modified_gmt":"2026-03-16T17:33:12","slug":"z-trail-ev-damen","status":"publish","type":"product","link":"https:\/\/schuhewiebarfuss.at\/shop\/produkt\/z-trail-ev-damen\/","title":{"rendered":"Z-Trail EV Damen"},"content":{"rendered":"<p>Der Z-Trail EV bietet die perfekte Kombination aus leichtem Schutz, nat\u00fcrlicher Flexibilit\u00e4t, Strapazierbarkeit, Vielseitigkeit und Stil. Er verf\u00fcgt \u00fcber eine aktualisierte 11 mm FeelLite Sohle mit einer mittleren Schicht TrailFoam und einem aktualisierten Dual-Chevron-Profil, das die beste Kombination aus Komfort, Schutz und Trail-bereiter Traktion bietet, w\u00e4hrend du immer noch die M\u00f6glichkeit hast, dich zu biegen, zu bewegen, zu beugen und das Terrain unter deinen F\u00fc\u00dfen zu sp\u00fcren.<\/p>\n<p><b>Audio-Beschreibung<\/b><br \/><audio controls src=\"https:\/\/schuhewiebarfuss.at\/shop\/wp-content\/uploads\/lk\/5994_audio.wav\"><br \/>\n                                            Ihr Browser unterst\u00fctzt diese Audio-Ausgabe leider nicht.<br \/>\n                                            <\/ audio ><\/p>\n","protected":false},"excerpt":{"rendered":"<p>Obermaterial: Nylon\/Synthetik<br \/>\nInnensohle: Dual-Chevron-Profil<br \/>\nSohle: FeelLite<br \/>\nVerschlussart: Klettverschluss, nach hinten und vorne Verstellbar <\/p>\n","protected":false},"featured_media":480863,"comment_status":"open","ping_status":"closed","template":"","meta":[],"product_brand":[],"product_cat":[831],"product_tag":[2026,1479,2985,1480,3158,1481,2308,1408,1413,2457,2312,2314,2315,1525,2316,1526,2317,2412,2446],"class_list":{"0":"post-480864","1":"product","2":"type-product","3":"status-publish","4":"has-post-thumbnail","6":"product_cat-sandalen-1","7":"product_tag-farbe-beige","8":"product_tag-farbe-blau","9":"product_tag-farbe-blue-indigo","10":"product_tag-farbe-orange","11":"product_tag-farbe-petrolblue-indigo","12":"product_tag-farbe-pink","13":"product_tag-farbe-rosa","14":"product_tag-farbe-schwarz","15":"product_tag-farbe-tuerkis","16":"product_tag-farbe-violett","17":"product_tag-groesse-35-5","18":"product_tag-groesse-36-5","19":"product_tag-groesse-37-5","20":"product_tag-groesse-38-5","21":"product_tag-groesse-39-5","22":"product_tag-groesse-40-5","23":"product_tag-groesse-41-5","24":"product_tag-groesse-42-5","25":"product_tag-marke-xero","27":"first","28":"instock","29":"taxable","30":"shipping-taxable","31":"purchasable","32":"product-type-variable"},"_links":{"self":[{"href":"https:\/\/schuhewiebarfuss.at\/shop\/wp-json\/wp\/v2\/product\/480864","targetHints":{"allow":["GET"]}}],"collection":[{"href":"https:\/\/schuhewiebarfuss.at\/shop\/wp-json\/wp\/v2\/product"}],"about":[{"href":"https:\/\/schuhewiebarfuss.at\/shop\/wp-json\/wp\/v2\/types\/product"}],"replies":[{"embeddable":true,"href":"https:\/\/schuhewiebarfuss.at\/shop\/wp-json\/wp\/v2\/comments?post=480864"}],"wp:featuredmedia":[{"embeddable":true,"href":"https:\/\/schuhewiebarfuss.at\/shop\/wp-json\/wp\/v2\/media\/480863"}],"wp:attachment":[{"href":"https:\/\/schuhewiebarfuss.at\/shop\/wp-json\/wp\/v2\/media?parent=480864"}],"wp:term":[{"taxonomy":"product_brand","embeddable":true,"href":"https:\/\/schuhewiebarfuss.at\/shop\/wp-json\/wp\/v2\/product_brand?post=480864"},{"taxonomy":"product_cat","embeddable":true,"href":"https:\/\/schuhewiebarfuss.at\/shop\/wp-json\/wp\/v2\/product_cat?post=480864"},{"taxonomy":"product_tag","embeddable":true,"href":"https:\/\/schuhewiebarfuss.at\/shop\/wp-json\/wp\/v2\/product_tag?post=480864"}],"curies":[{"name":"wp","href":"https:\/\/api.w.org\/{rel}","templated":true}]}}