{"id":480833,"date":"2024-04-10T15:27:45","date_gmt":"2024-04-10T13:27:45","guid":{"rendered":"https:\/\/schuhewiebarfuss.at\/shop\/produkt\/einlegesohle-freet-flexile\/"},"modified":"2026-04-01T23:10:50","modified_gmt":"2026-04-01T21:10:50","slug":"einlegesohle-freet-flexile","status":"publish","type":"product","link":"https:\/\/schuhewiebarfuss.at\/shop\/produkt\/einlegesohle-freet-flexile\/","title":{"rendered":"Einlegesohle Freet Flexile"},"content":{"rendered":"<p>Sto\u00dfd\u00e4mpfung mit hervorragendem Bodenkontakt f\u00fcr die gesamte Lebensdauer der Einlegesohle. Kann mit allen unseren 5in1-Modellen verwendet werden<\/p>\n<p>Antimikrobielle Funktion<br \/>\nOffene Zellstruktur erm\u00f6glicht Feuchtigkeitsmanagement f\u00fcr Komfort<br \/>\nAtmungsaktiv f\u00fcr luftigen Komfort den ganzen Tag<br \/>\nLeichtgewicht<br \/>\n2,5\/3 mm f\u00fcr eine gr\u00f6\u00dfere Konnektivit\u00e4t mit der Oberfl\u00e4che, auf der Sie sich befinden<\/p>\n<p>Verf\u00fcgbare Gr\u00f6\u00dfen sind: 31-49. Wenn Ihre Gr\u00f6\u00dfe nicht vorr\u00e4tig ist, k\u00f6nnen Sie die n\u00e4chstgr\u00f6\u00dfere Gr\u00f6\u00dfe w\u00e4hlen und nur an der Vorderseite und der seitlichen (\u00e4u\u00dferen) Seite der Einlegesohle zuschneiden<br \/>\nFlexile wird als Durchschnittsgr\u00f6\u00dfe passen. Wenn es etwas zu lang ist, dann an der Vorder- und Au\u00dfenkante passend zuschneiden<\/p>\n<p>Handw\u00e4sche mit warmem Wasser und einem Fleck eines milden Waschmittels. Lufttrocknen.<\/p>\n<p><b>Audio-Beschreibung<\/b><br \/><audio controls src=\"https:\/\/schuhewiebarfuss.at\/shop\/wp-content\/uploads\/lk\/5213_audio.wav\"><br \/>\n                                            Ihr Browser unterst\u00fctzt diese Audio-Ausgabe leider nicht.<br \/>\n                                            <\/ audio ><\/p>\n","protected":false},"excerpt":{"rendered":"<p>Sto\u00dfd\u00e4mpfung mit hervorragendem Bodenkontakt f\u00fcr die gesamte Lebensdauer der Einlegesohle.<br \/>\nKann mit allen unseren 5in1-Modellen verwendet werden.<\/p>\n<p>Verf\u00fcgbare Gr\u00f6\u00dfen sind: 31-49.<br \/>\nWenn Ihre Gr\u00f6\u00dfe nicht vorr\u00e4tig ist, k\u00f6nnen Sie die n\u00e4chstgr\u00f6\u00dfere Gr\u00f6\u00dfe w\u00e4hlen und nur an der Vorderseite und der seitlichen (\u00e4u\u00dferen) Seite der Einlegesohle zuschneiden<\/p>\n","protected":false},"featured_media":480832,"comment_status":"open","ping_status":"closed","template":"","meta":[],"product_brand":[],"product_cat":[823],"product_tag":[1400,1401,1402,1403,1404,1362,1368,1373,1374,1375,1376,1377,1378,1379,1380,1381,1449,1452,1710,2444,1360],"class_list":{"0":"post-480833","1":"product","2":"type-product","3":"status-publish","4":"has-post-thumbnail","6":"product_cat-einlegesohlen","7":"product_tag-groesse-31","8":"product_tag-groesse-32","9":"product_tag-groesse-33","10":"product_tag-groesse-34","11":"product_tag-groesse-35","12":"product_tag-groesse-36","13":"product_tag-groesse-37","14":"product_tag-groesse-38","15":"product_tag-groesse-39","16":"product_tag-groesse-40","17":"product_tag-groesse-41","18":"product_tag-groesse-42","19":"product_tag-groesse-43","20":"product_tag-groesse-44","21":"product_tag-groesse-45","22":"product_tag-groesse-46","23":"product_tag-groesse-47","24":"product_tag-groesse-48","25":"product_tag-groesse-49","26":"product_tag-marke-freet","27":"product_tag-standard","29":"first","30":"instock","31":"taxable","32":"shipping-taxable","33":"purchasable","34":"product-type-variable"},"_links":{"self":[{"href":"https:\/\/schuhewiebarfuss.at\/shop\/wp-json\/wp\/v2\/product\/480833","targetHints":{"allow":["GET"]}}],"collection":[{"href":"https:\/\/schuhewiebarfuss.at\/shop\/wp-json\/wp\/v2\/product"}],"about":[{"href":"https:\/\/schuhewiebarfuss.at\/shop\/wp-json\/wp\/v2\/types\/product"}],"replies":[{"embeddable":true,"href":"https:\/\/schuhewiebarfuss.at\/shop\/wp-json\/wp\/v2\/comments?post=480833"}],"wp:featuredmedia":[{"embeddable":true,"href":"https:\/\/schuhewiebarfuss.at\/shop\/wp-json\/wp\/v2\/media\/480832"}],"wp:attachment":[{"href":"https:\/\/schuhewiebarfuss.at\/shop\/wp-json\/wp\/v2\/media?parent=480833"}],"wp:term":[{"taxonomy":"product_brand","embeddable":true,"href":"https:\/\/schuhewiebarfuss.at\/shop\/wp-json\/wp\/v2\/product_brand?post=480833"},{"taxonomy":"product_cat","embeddable":true,"href":"https:\/\/schuhewiebarfuss.at\/shop\/wp-json\/wp\/v2\/product_cat?post=480833"},{"taxonomy":"product_tag","embeddable":true,"href":"https:\/\/schuhewiebarfuss.at\/shop\/wp-json\/wp\/v2\/product_tag?post=480833"}],"curies":[{"name":"wp","href":"https:\/\/api.w.org\/{rel}","templated":true}]}}