{"id":480731,"date":"2024-04-10T15:18:44","date_gmt":"2024-04-10T13:18:44","guid":{"rendered":"https:\/\/schuhewiebarfuss.at\/shop\/produkt\/jolly\/"},"modified":"2026-04-17T18:02:20","modified_gmt":"2026-04-17T16:02:20","slug":"jolly","status":"publish","type":"product","link":"https:\/\/schuhewiebarfuss.at\/shop\/produkt\/jolly\/","title":{"rendered":"Jolly"},"content":{"rendered":"<p>Be Lenka Jolly sind hochwertige Leder-Barfu\u00dfschuhe f\u00fcr Fr\u00fchjahr\/Sommer aus der Be Lenka Kids-Kollektion. <\/p>\n<p>Die Schuhe sind f\u00fcr den t\u00e4glichen Spaziergang im Park und zum Spielen auf dem Spielplatz gut geeignet. <\/p>\n<p>Die Schuhe haben einen niedrigen Schnitt, um dem Kn\u00f6chel Bewegung zu verleihen. Die ergonomisch geformte Schuhspitze bietet viel Freiraum an. Die flexible 6-mm-Sohle hat kein Absatz.<\/p>\n<p>Die Schuhe sind mit Herz und Liebe zu jedem Detail von slowakischen Schuhmeistern hergestellt.<\/p>\n<p><b>Audio-Beschreibung<\/b><br \/><audio controls src=\"https:\/\/schuhewiebarfuss.at\/shop\/wp-content\/uploads\/lk\/5948_audio.wav\"><br \/>\n                                            Ihr Browser unterst\u00fctzt diese Audio-Ausgabe leider nicht.<br \/>\n                                            <\/ audio ><\/p>\n","protected":false},"excerpt":{"rendered":"<p>Obermaterial: Nubukleder<br \/>\nFutterstoff: Textil<br \/>\nAu\u00dfensohle: Vulkanisierter Gummi<br \/>\nVerschlussart: Klettverschluss<\/p>\n","protected":false},"featured_media":480730,"comment_status":"open","ping_status":"closed","template":"","meta":[],"product_brand":[],"product_cat":[3121],"product_tag":[1479,1544,1570,1600,1408,1394,1395,1396,1397,1398,1399,1400,1401,1402,1403,1404,2452,1450],"class_list":{"0":"post-480731","1":"product","2":"type-product","3":"status-publish","4":"has-post-thumbnail","6":"product_cat-sale","7":"product_tag-farbe-blau","8":"product_tag-farbe-braun","9":"product_tag-farbe-gruen","10":"product_tag-farbe-rot","11":"product_tag-farbe-schwarz","12":"product_tag-groesse-25","13":"product_tag-groesse-26","14":"product_tag-groesse-27","15":"product_tag-groesse-28","16":"product_tag-groesse-29","17":"product_tag-groesse-30","18":"product_tag-groesse-31","19":"product_tag-groesse-32","20":"product_tag-groesse-33","21":"product_tag-groesse-34","22":"product_tag-groesse-35","23":"product_tag-marke-be-lenka","24":"product_tag-sale","26":"first","27":"instock","28":"taxable","29":"shipping-taxable","30":"purchasable","31":"product-type-variable"},"_links":{"self":[{"href":"https:\/\/schuhewiebarfuss.at\/shop\/wp-json\/wp\/v2\/product\/480731","targetHints":{"allow":["GET"]}}],"collection":[{"href":"https:\/\/schuhewiebarfuss.at\/shop\/wp-json\/wp\/v2\/product"}],"about":[{"href":"https:\/\/schuhewiebarfuss.at\/shop\/wp-json\/wp\/v2\/types\/product"}],"replies":[{"embeddable":true,"href":"https:\/\/schuhewiebarfuss.at\/shop\/wp-json\/wp\/v2\/comments?post=480731"}],"wp:featuredmedia":[{"embeddable":true,"href":"https:\/\/schuhewiebarfuss.at\/shop\/wp-json\/wp\/v2\/media\/480730"}],"wp:attachment":[{"href":"https:\/\/schuhewiebarfuss.at\/shop\/wp-json\/wp\/v2\/media?parent=480731"}],"wp:term":[{"taxonomy":"product_brand","embeddable":true,"href":"https:\/\/schuhewiebarfuss.at\/shop\/wp-json\/wp\/v2\/product_brand?post=480731"},{"taxonomy":"product_cat","embeddable":true,"href":"https:\/\/schuhewiebarfuss.at\/shop\/wp-json\/wp\/v2\/product_cat?post=480731"},{"taxonomy":"product_tag","embeddable":true,"href":"https:\/\/schuhewiebarfuss.at\/shop\/wp-json\/wp\/v2\/product_tag?post=480731"}],"curies":[{"name":"wp","href":"https:\/\/api.w.org\/{rel}","templated":true}]}}