{"id":480669,"date":"2024-04-10T15:13:12","date_gmt":"2024-04-10T13:13:12","guid":{"rendered":"https:\/\/schuhewiebarfuss.at\/shop\/produkt\/surtur-mesh-braun\/"},"modified":"2026-02-28T18:05:17","modified_gmt":"2026-02-28T17:05:17","slug":"surtur-mesh-braun","status":"publish","type":"product","link":"https:\/\/schuhewiebarfuss.at\/shop\/produkt\/surtur-mesh-braun\/","title":{"rendered":"Surtur Mesh Braun"},"content":{"rendered":"<p>Der Stiefel f\u00fcr jede Jahreszeit. Der neue Trekkingstiefel Sole Runner Surtur verf\u00fcgt \u00fcber wasserabweisendes, atmungsaktives angenehm weiches Mesh Obermaterial sowie eine Wasserlasche (die Zunge ist am Stiefel festgen\u00e4ht).<br \/>\nSomit wird dieser Sole Runner Stiefel zu einer echten Alternative f\u00fcr schwerere, mit einer dicken Sohle ausgestattete Wanderstiefel.<\/p>\n<p>Doch nicht nur zum Wandern, auch zur Jeans macht der Boot einen coolen Eindruck.<\/p>\n<p>Der Schaftrand ist gepolstert, die nur 6mm d\u00fcnne Laufsohle mit Profil bietet einen festen Halt.<\/p>\n<p><b>Audio-Beschreibung<\/b><br \/><audio controls src=\"https:\/\/schuhewiebarfuss.at\/shop\/wp-content\/uploads\/lk\/5113_audio.wav\"><br \/>\n                                            Ihr Browser unterst\u00fctzt diese Audio-Ausgabe leider nicht.<br \/>\n                                            <\/ audio ><\/p>\n","protected":false},"excerpt":{"rendered":"<p>Obermaterial: Mesh, hydrophobiert (wasserabweisend, nicht wasserdicht)<br \/>\nVerschluss: Funktioneller Verschluss: leichtg\u00e4ngiger Schn\u00fcrsenkel<br \/>\nForm: Weit f\u00fcr normal bis kr\u00e4ftige F\u00fc\u00dfe. Vorn breit geschnitten. Weite H, Zehen haben optimale Bewegungsfreiheit<br \/>\nLaufsohle: ca. 6mm dicke Laufsohle f\u00fcr einen m\u00f6glichst direkten Kontakt zum Boden. Fast wie Gehen auf der eigenen Fu\u00dfsohle<br \/>\nBesonderheit: herausnehmbare Innensohle Innensohle<\/p>\n","protected":false},"featured_media":480668,"comment_status":"open","ping_status":"closed","template":"","meta":[],"product_brand":[],"product_cat":[3121],"product_tag":[1362,1368,1374,1375,1376,1377,1378,1379,1380,1381,1449,2449,1450],"class_list":{"0":"post-480669","1":"product","2":"type-product","3":"status-publish","4":"has-post-thumbnail","6":"product_cat-sale","7":"product_tag-groesse-36","8":"product_tag-groesse-37","9":"product_tag-groesse-39","10":"product_tag-groesse-40","11":"product_tag-groesse-41","12":"product_tag-groesse-42","13":"product_tag-groesse-43","14":"product_tag-groesse-44","15":"product_tag-groesse-45","16":"product_tag-groesse-46","17":"product_tag-groesse-47","18":"product_tag-marke-sole-runner","19":"product_tag-sale","21":"first","22":"instock","23":"taxable","24":"shipping-taxable","25":"purchasable","26":"product-type-variable"},"_links":{"self":[{"href":"https:\/\/schuhewiebarfuss.at\/shop\/wp-json\/wp\/v2\/product\/480669","targetHints":{"allow":["GET"]}}],"collection":[{"href":"https:\/\/schuhewiebarfuss.at\/shop\/wp-json\/wp\/v2\/product"}],"about":[{"href":"https:\/\/schuhewiebarfuss.at\/shop\/wp-json\/wp\/v2\/types\/product"}],"replies":[{"embeddable":true,"href":"https:\/\/schuhewiebarfuss.at\/shop\/wp-json\/wp\/v2\/comments?post=480669"}],"wp:featuredmedia":[{"embeddable":true,"href":"https:\/\/schuhewiebarfuss.at\/shop\/wp-json\/wp\/v2\/media\/480668"}],"wp:attachment":[{"href":"https:\/\/schuhewiebarfuss.at\/shop\/wp-json\/wp\/v2\/media?parent=480669"}],"wp:term":[{"taxonomy":"product_brand","embeddable":true,"href":"https:\/\/schuhewiebarfuss.at\/shop\/wp-json\/wp\/v2\/product_brand?post=480669"},{"taxonomy":"product_cat","embeddable":true,"href":"https:\/\/schuhewiebarfuss.at\/shop\/wp-json\/wp\/v2\/product_cat?post=480669"},{"taxonomy":"product_tag","embeddable":true,"href":"https:\/\/schuhewiebarfuss.at\/shop\/wp-json\/wp\/v2\/product_tag?post=480669"}],"curies":[{"name":"wp","href":"https:\/\/api.w.org\/{rel}","templated":true}]}}