{"id":480457,"date":"2024-04-10T14:57:51","date_gmt":"2024-04-10T12:57:51","guid":{"rendered":"https:\/\/schuhewiebarfuss.at\/shop\/produkt\/tasche-city\/"},"modified":"2026-03-01T17:15:08","modified_gmt":"2026-03-01T16:15:08","slug":"tasche-city","status":"publish","type":"product","link":"https:\/\/schuhewiebarfuss.at\/shop\/produkt\/tasche-city\/","title":{"rendered":"Tasche City"},"content":{"rendered":"<p>Auf unsere Messenger Taschen aus LKW Plane ist Verlass: Ob bei Regen oder Sonnenschein, ob f\u00fcr leichte Eink\u00e4ufe oder kleine &#8222;Schwertransporte&#8220; genutzt, die Messenger Bags bringen deine Sch\u00e4tze immer sicher ans Ziel.<br \/>\nJede Messenger Tasche wird individuell, in Handarbeit und nach dem Upcycling-Prinzip in unserer Schmugglerei gefertigt:<br \/>\nWir verarbeiten hochwertige Materialien, f\u00fcr die andere keine Verwendung mehr haben.<br \/>\nSo entsteht deine einzigartige Messenger Tasche aus Fahrradschlauch, Feuerwehrschlauch, LKW Plane und Kaffeesack. Die Tragegurte, die einst als Sicherheitsgurte im Auto ihren Dienst taten, liegen nicht nur bequem auf der Schulter, sie sind auch extrem belastbar.<\/p>\n<p><b>Audio-Beschreibung<\/b><br \/><audio controls src=\"https:\/\/schuhewiebarfuss.at\/shop\/wp-content\/uploads\/lk\/6102_audio.wav\"><br \/>\n                                            Ihr Browser unterst\u00fctzt diese Audio-Ausgabe leider nicht.<br \/>\n                                            <\/ audio ><\/p>\n","protected":false},"excerpt":{"rendered":"<p>Unsere Taschen sind alle mit gr\u00f6\u00dfter Sorgfalt in der Werkstatt und N\u00e4herei der Taschenmanufaktur Jansen von Hand gefertigt und werden sehr aufwendig vern\u00e4ht, wodurch sie eine irre Formstabilit\u00e4t erhalten. Einzigartige und kreative Produkte aus Upcycling Materialien hergestellt. Somit ist jede Tasche ein Unikat, das es so nicht noch einmal gibt.<\/p>\n","protected":false},"featured_media":480456,"comment_status":"open","ping_status":"closed","template":"","meta":[],"product_brand":[],"product_cat":[891],"product_tag":[2684,1427,1481,1600,1408,1651,2485,2689,2708,3024,2685,2686,3143,2687,2982,1360],"class_list":{"0":"post-480457","1":"product","2":"type-product","3":"status-publish","4":"has-post-thumbnail","6":"product_cat-taschen","7":"product_tag-farbe-camouflage","8":"product_tag-farbe-gelb","9":"product_tag-farbe-pink","10":"product_tag-farbe-rot","11":"product_tag-farbe-schwarz","12":"product_tag-farbe-weiss","13":"product_tag-marke-taschen","14":"product_tag-material-camouflage","15":"product_tag-material-fahrradschlauch","16":"product_tag-material-fahrradschlauch-schraeg","17":"product_tag-material-feuerwehrschlauch","18":"product_tag-material-kaffeesack-bio-latina","19":"product_tag-material-kaffeesack-de-costa-rica","20":"product_tag-material-kaffeesack-guatemala-fol","21":"product_tag-material-kaffeesack-schraeg-brazil","22":"product_tag-standard","24":"first","25":"instock","26":"taxable","27":"shipping-taxable","28":"purchasable","29":"product-type-variable"},"_links":{"self":[{"href":"https:\/\/schuhewiebarfuss.at\/shop\/wp-json\/wp\/v2\/product\/480457","targetHints":{"allow":["GET"]}}],"collection":[{"href":"https:\/\/schuhewiebarfuss.at\/shop\/wp-json\/wp\/v2\/product"}],"about":[{"href":"https:\/\/schuhewiebarfuss.at\/shop\/wp-json\/wp\/v2\/types\/product"}],"replies":[{"embeddable":true,"href":"https:\/\/schuhewiebarfuss.at\/shop\/wp-json\/wp\/v2\/comments?post=480457"}],"wp:featuredmedia":[{"embeddable":true,"href":"https:\/\/schuhewiebarfuss.at\/shop\/wp-json\/wp\/v2\/media\/480456"}],"wp:attachment":[{"href":"https:\/\/schuhewiebarfuss.at\/shop\/wp-json\/wp\/v2\/media?parent=480457"}],"wp:term":[{"taxonomy":"product_brand","embeddable":true,"href":"https:\/\/schuhewiebarfuss.at\/shop\/wp-json\/wp\/v2\/product_brand?post=480457"},{"taxonomy":"product_cat","embeddable":true,"href":"https:\/\/schuhewiebarfuss.at\/shop\/wp-json\/wp\/v2\/product_cat?post=480457"},{"taxonomy":"product_tag","embeddable":true,"href":"https:\/\/schuhewiebarfuss.at\/shop\/wp-json\/wp\/v2\/product_tag?post=480457"}],"curies":[{"name":"wp","href":"https:\/\/api.w.org\/{rel}","templated":true}]}}