{"id":479980,"date":"2024-04-10T13:36:47","date_gmt":"2024-04-10T11:36:47","guid":{"rendered":"https:\/\/schuhewiebarfuss.at\/shop\/produkt\/z-trail-youth\/"},"modified":"2026-02-28T18:57:19","modified_gmt":"2026-02-28T17:57:19","slug":"z-trail-youth","status":"publish","type":"product","link":"https:\/\/schuhewiebarfuss.at\/shop\/produkt\/z-trail-youth\/","title":{"rendered":"Z-Trail Youth"},"content":{"rendered":"<p>Die beliebte Sandale gibt es nun auch f\u00fcr Kids!<br \/>\nFreiheit f\u00fcr die Zehen und bequeme Riemen kombiniert mit der soliden FeelTrue\u00aeSohle.<br \/>\nDie Innensohle des Schuhs ist besonder komfortabel mit BareFoam\u2122 \u00fcberzogen und sch\u00f6n flexibel.<br \/>\nWie alle Schuhe von Xeroshoes hat auch diese Sandale eine 5000-Meilen-Garantie auf die Sohle!<br \/>\nMit freien F\u00fc\u00dfen die Natur entdecken, das ist es, was viele Kinder wollen. Ein perfekter Begleiter daf\u00fcr ist die Xero Z-Trail Youth Sandale. Sie ist die perfekte Kombination aus leichtem Schutz, nat\u00fcrlicher Flexibilit\u00e4t, Haltbarkeit und Vielseitigkeit. Das Gurtband ist stufenlos einstellbar und l\u00e4sst sich somit perfekt an jede Fu\u00dfform anpassen.<\/p>\n<p><b>Audio-Beschreibung<\/b><br \/><audio controls src=\"https:\/\/schuhewiebarfuss.at\/shop\/wp-content\/uploads\/lk\/5997_audio.wav\"><br \/>\n                                            Ihr Browser unterst\u00fctzt diese Audio-Ausgabe leider nicht.<br \/>\n                                            <\/ audio ><\/p>\n","protected":false},"excerpt":{"rendered":"<p>Gurtband: schnell trocknendes Nylon aus recycelten PET-Flaschen<br \/>\nsolide FeelTrue\u00ae-Gummisohle f\u00fcr Strapazierf\u00e4higkeit<br \/>\nvegan<\/p>\n","protected":false},"featured_media":479979,"comment_status":"open","ping_status":"closed","template":"","meta":[],"product_brand":[],"product_cat":[3121],"product_tag":[1479,3162,1600,1399,1400,1401,1402,1403,1362,2446,1450],"class_list":{"0":"post-479980","1":"product","2":"type-product","3":"status-publish","4":"has-post-thumbnail","6":"product_cat-sale","7":"product_tag-farbe-blau","8":"product_tag-farbe-multi-black","9":"product_tag-farbe-rot","10":"product_tag-groesse-30","11":"product_tag-groesse-31","12":"product_tag-groesse-32","13":"product_tag-groesse-33","14":"product_tag-groesse-34","15":"product_tag-groesse-36","16":"product_tag-marke-xero","17":"product_tag-sale","19":"first","20":"instock","21":"taxable","22":"shipping-taxable","23":"purchasable","24":"product-type-variable"},"_links":{"self":[{"href":"https:\/\/schuhewiebarfuss.at\/shop\/wp-json\/wp\/v2\/product\/479980","targetHints":{"allow":["GET"]}}],"collection":[{"href":"https:\/\/schuhewiebarfuss.at\/shop\/wp-json\/wp\/v2\/product"}],"about":[{"href":"https:\/\/schuhewiebarfuss.at\/shop\/wp-json\/wp\/v2\/types\/product"}],"replies":[{"embeddable":true,"href":"https:\/\/schuhewiebarfuss.at\/shop\/wp-json\/wp\/v2\/comments?post=479980"}],"wp:featuredmedia":[{"embeddable":true,"href":"https:\/\/schuhewiebarfuss.at\/shop\/wp-json\/wp\/v2\/media\/479979"}],"wp:attachment":[{"href":"https:\/\/schuhewiebarfuss.at\/shop\/wp-json\/wp\/v2\/media?parent=479980"}],"wp:term":[{"taxonomy":"product_brand","embeddable":true,"href":"https:\/\/schuhewiebarfuss.at\/shop\/wp-json\/wp\/v2\/product_brand?post=479980"},{"taxonomy":"product_cat","embeddable":true,"href":"https:\/\/schuhewiebarfuss.at\/shop\/wp-json\/wp\/v2\/product_cat?post=479980"},{"taxonomy":"product_tag","embeddable":true,"href":"https:\/\/schuhewiebarfuss.at\/shop\/wp-json\/wp\/v2\/product_tag?post=479980"}],"curies":[{"name":"wp","href":"https:\/\/api.w.org\/{rel}","templated":true}]}}