{"id":479891,"date":"2024-04-10T13:26:43","date_gmt":"2024-04-10T11:26:43","guid":{"rendered":"https:\/\/schuhewiebarfuss.at\/shop\/produkt\/bneed\/"},"modified":"2026-04-28T23:00:34","modified_gmt":"2026-04-28T21:00:34","slug":"bneed","status":"publish","type":"product","link":"https:\/\/schuhewiebarfuss.at\/shop\/produkt\/bneed\/","title":{"rendered":"Bneed"},"content":{"rendered":"<p>Bequemer Barfu\u00dfschuh f\u00fcr nat\u00fcrliches Gehen<\/p>\n<p>Wie alle Barfu\u00dfschuhe von Ballop hat auch der Bneed eine sehr ger\u00e4umige Zehenbox, um Deinen F\u00fc\u00dfen viel Platz f\u00fcr eine freie Entfaltung zu geben. Die flache und flexible Sohle gibt Deinem K\u00f6rper die M\u00f6glichkeit, zu einem nat\u00fcrlichen Gang zur\u00fcckzukehren. Der Schuh sch\u00fctzt Dich vor Schmutz und Verletzungen, l\u00e4sst Dich aber trotzdem den Untergrund sp\u00fcren, auf dem du gehst. So werden Deine Muskeln im Fu\u00df stimuliert und Dein Gleichgewicht verbessert.<br \/>\nDurchdachte Konstruktion f\u00fcr hohen Tragekomfort<\/p>\n<p>Das Obermaterial ist im vorderen Bereich komplett aus weichem Synthetikmaterial mit Mesh gefertigt, um den Schuh besonders bequem und atmungsaktiv zu machen. Der hintere Bereich um die Ferse und den oberen Spann ist aus strapazierf\u00e4higem Leder gefertigt. Das macht den Schuh unempfindlicher gegen Abrieb, macht ihn stabiler und zugleich langlebiger. Au\u00dferdem wird er mit zwei verschiedenen Einlegesohlen geliefert. Je nachdem, wie viel Erfahrung Du bereits mit dem Barfu\u00dflaufen hast und wie Du Dich wohlf\u00fchlst, kannst Du Dich f\u00fcr eine der beiden entscheiden, oder den Schuh ganz ohne Einlegesohle tragen.<\/p>\n<p><b>Audio-Beschreibung<\/b><br \/><audio controls src=\"https:\/\/schuhewiebarfuss.at\/shop\/wp-content\/uploads\/lk\/6039_audio.wav\"><br \/>\n                                            Ihr Browser unterst\u00fctzt diese Audio-Ausgabe leider nicht.<br \/>\n                                            <\/ audio ><\/p>\n","protected":false},"excerpt":{"rendered":"<p>Obermaterial: Leder und Textil (Mesh)<br \/>\nInnensohle:Polyurethan<br \/>\nAu\u00dfensohle: Anti-Rutsch aus 100% Gummi<br \/>\nVerschlussart: Schn\u00fcrung <\/p>\n","protected":false},"featured_media":479890,"comment_status":"open","ping_status":"closed","template":"","meta":[],"product_brand":[],"product_cat":[3121],"product_tag":[1479,1570,1798,1408,1651,1362,1368,1373,1374,1375,1376,1377,1378,1379,1380,1381,1449,1452,2461,1450],"class_list":{"0":"post-479891","1":"product","2":"type-product","3":"status-publish","4":"has-post-thumbnail","6":"product_cat-sale","7":"product_tag-farbe-blau","8":"product_tag-farbe-gruen","9":"product_tag-farbe-hellbraun","10":"product_tag-farbe-schwarz","11":"product_tag-farbe-weiss","12":"product_tag-groesse-36","13":"product_tag-groesse-37","14":"product_tag-groesse-38","15":"product_tag-groesse-39","16":"product_tag-groesse-40","17":"product_tag-groesse-41","18":"product_tag-groesse-42","19":"product_tag-groesse-43","20":"product_tag-groesse-44","21":"product_tag-groesse-45","22":"product_tag-groesse-46","23":"product_tag-groesse-47","24":"product_tag-groesse-48","25":"product_tag-marke-ballop","26":"product_tag-sale","28":"first","29":"instock","30":"sale","31":"taxable","32":"shipping-taxable","33":"purchasable","34":"product-type-variable"},"_links":{"self":[{"href":"https:\/\/schuhewiebarfuss.at\/shop\/wp-json\/wp\/v2\/product\/479891","targetHints":{"allow":["GET"]}}],"collection":[{"href":"https:\/\/schuhewiebarfuss.at\/shop\/wp-json\/wp\/v2\/product"}],"about":[{"href":"https:\/\/schuhewiebarfuss.at\/shop\/wp-json\/wp\/v2\/types\/product"}],"replies":[{"embeddable":true,"href":"https:\/\/schuhewiebarfuss.at\/shop\/wp-json\/wp\/v2\/comments?post=479891"}],"wp:featuredmedia":[{"embeddable":true,"href":"https:\/\/schuhewiebarfuss.at\/shop\/wp-json\/wp\/v2\/media\/479890"}],"wp:attachment":[{"href":"https:\/\/schuhewiebarfuss.at\/shop\/wp-json\/wp\/v2\/media?parent=479891"}],"wp:term":[{"taxonomy":"product_brand","embeddable":true,"href":"https:\/\/schuhewiebarfuss.at\/shop\/wp-json\/wp\/v2\/product_brand?post=479891"},{"taxonomy":"product_cat","embeddable":true,"href":"https:\/\/schuhewiebarfuss.at\/shop\/wp-json\/wp\/v2\/product_cat?post=479891"},{"taxonomy":"product_tag","embeddable":true,"href":"https:\/\/schuhewiebarfuss.at\/shop\/wp-json\/wp\/v2\/product_tag?post=479891"}],"curies":[{"name":"wp","href":"https:\/\/api.w.org\/{rel}","templated":true}]}}